{"id":948,"date":"2019-10-23T11:15:27","date_gmt":"2019-10-23T11:15:27","guid":{"rendered":"http:\/\/budweiserbudvar.com\/uk\/?page_id=948"},"modified":"2020-02-27T20:38:48","modified_gmt":"2020-02-27T20:38:48","slug":"visit-us","status":"publish","type":"page","link":"https:\/\/budweiserbudvar.com\/uk\/visit-us\/","title":{"rendered":"Visit Us"},"content":{"rendered":"<div data-block_5db03d882dd82 class=\"hero-block align\">\n  <hero\n    block-styles=\"{&quot;background-image&quot;:&quot;url(https:\\\/\\\/budweiserbudvar.com\\\/uk\\\/wp-content\\\/uploads\\\/sites\\\/11\\\/2019\\\/12\\\/the-brew-kettles-in-the-brewhouse-visit-optim.jpg)&quot;,&quot;background-size&quot;:&quot;cover&quot;,&quot;background-repeat&quot;:&quot;no-repeat&quot;}\"\n    block-styles-tablet=\"{&quot;background-size&quot;:&quot;cover&quot;,&quot;background-repeat&quot;:&quot;no-repeat&quot;}\"\n    block-styles-mobile=\"{&quot;background-size&quot;:&quot;cover&quot;,&quot;background-repeat&quot;:&quot;no-repeat&quot;}\"\n    height=\"1px\"\n    min-height=\"calc(100vh - 100px)\"\n    text-center-width=\"{&quot;mobile&quot;:&quot;100&quot;,&quot;tablet&quot;:&quot;100&quot;,&quot;desktop&quot;:&quot;100&quot;}\"\n        scroll-down-show=\"1\"\n    scroll-text=\"\"\n    scroll-text-default=\"Scroll\"\n    scroll-color-primary=\"#ffffff\"\n    scroll-color-secondary=\"#f8f6e8\"\n    mobile-overlay=\"\"\n    mobile-overlay-content=\"\"\n    mobile-overlay-button=\"null\"\n    mobile-overlay-color=\"\"\n    faded-background-image=\"1\"\n  >\n    <template v-slot:text-center>\n                                    <div class=\"wysiwyg-container\">\n              <div class=\"lift-content-mobile-extra\">\n<h1 style=\"text-align: center; letter-spacing-big\"><span class=\"font-outline\">VISIT THE BREWERY<\/span><\/h1>\n<\/div>\n\n            <\/div>\n                          <\/template>\n\n\n                            <template v-slot:bottom>\n            <div class=\"lift-content-mobile-extra\">\n<h5 class=\"margin-globally-secondary-text\">DRINKING BUDVAR FRESH FROM THE TANKS IN OUR BREWERY CELLARS IS ONE OF THE GREATEST BEER EXPERIENCES IN THE WORLD. FIND OUT WHY.<\/h5>\n<\/div>\n\n                      <\/template>\n\n                    <\/hero>\n<\/div>\n\n\n<div data-block_5db042222ee11 class=\"tours align tours-block\">\n  <section class=\"information bg-budvar-cream text-budvar-red py-2 py-md-5\">\n    <div class=\"container col-md-12 col-lg-10 col-xl-10\">\n      <div class=\"d-flex flex-wrap justify-content-center text-uppercase tours-title\">\n        <h3 class=\"text-center\">VISIT THE BREWERY<\/h3>\n      <\/div>\n      <div class=\"information-cards pb-5\">\n                              <div class=\"information-card\">\n              <div class=\"information-card-inner\">\n                <div class=\"min-max-height\">\n                  <h4 class=\"title text-center text-budvar-dark-red mb-3\">OPENING HOURS<\/h4>\n                  <div class=\"sub-title text-\">\n                    <p style=\"text-align: center;\">Daily<\/p>\n<p style=\"text-align: center;\">9 am &#8211; 5 pm<\/p>\n\n                  <\/div>\n                <\/div>\n                <div class=\"image\">\n                  <img decoding=\"async\" src=\"https:\/\/budweiserbudvar.com\/uk\/wp-content\/uploads\/sites\/11\/2019\/11\/budvar-visit-opening-hours.svg\" alt=\"\">\n                <\/div>\n              <\/div>\n            <\/div>\n                      <div class=\"information-card\">\n              <div class=\"information-card-inner\">\n                <div class=\"min-max-height\">\n                  <h4 class=\"title text-center text-budvar-dark-red mb-3\">DURATION<\/h4>\n                  <div class=\"sub-title text-\">\n                    <p style=\"text-align: center;\">The tour lasts<\/p>\n<p style=\"text-align: center;\">approx. 60 minutes<\/p>\n\n                  <\/div>\n                <\/div>\n                <div class=\"image\">\n                  <img decoding=\"async\" src=\"https:\/\/budweiserbudvar.com\/uk\/wp-content\/uploads\/sites\/11\/2019\/11\/budvar-visit-tour-duration.svg\" alt=\"\">\n                <\/div>\n              <\/div>\n            <\/div>\n                      <div class=\"information-card\">\n              <div class=\"information-card-inner\">\n                <div class=\"min-max-height\">\n                  <h4 class=\"title text-center text-budvar-dark-red mb-3\">TOUR PRICES<\/h4>\n                  <div class=\"sub-title text-\">\n                    <p style=\"text-align: center;\">Tours start from 290 czk<\/p>\n<p style=\"text-align: center;\">per person<\/p>\n\n                  <\/div>\n                <\/div>\n                <div class=\"image\">\n                  <img decoding=\"async\" src=\"https:\/\/budweiserbudvar.com\/uk\/wp-content\/uploads\/sites\/11\/2019\/11\/budvar-visit-tour-price.svg\" alt=\"\">\n                <\/div>\n              <\/div>\n            <\/div>\n                      <div class=\"information-card\">\n              <div class=\"information-card-inner\">\n                <div class=\"min-max-height\">\n                  <h4 class=\"title text-center text-budvar-dark-red mb-3\">TOUR LANGUAGE<\/h4>\n                  <div class=\"sub-title text-\">\n                    <p style=\"text-align: center;\">Tours are available in:<\/p>\n<p style=\"text-align: center;\">CZ, EN, DE, RU, FR, ES, IT<\/p>\n\n                  <\/div>\n                <\/div>\n                <div class=\"image\">\n                  <img decoding=\"async\" src=\"https:\/\/budweiserbudvar.com\/uk\/wp-content\/uploads\/sites\/11\/2019\/11\/budvar-visit-tour-language.svg\" alt=\"\">\n                <\/div>\n              <\/div>\n            <\/div>\n                        <\/div>\n    <\/div>\n  <\/section>\n  <section class=\"text-budvar-red font-proxima-nova\">\n    <div class=\"container col-md-12 col-lg-10 col-xl-10\">\n      <div class=\"d-flex flex-wrap justify-content-center text-uppercase tours-title\">\n        <h3>Booking Details<\/h3>\n      <\/div>\n      <div class=\"d-flex flex-wrap\">\n        <div class=\"table-container col-12 col-md-6 px-0 px-md-4\">\n          <table class=\"w-100 table\">\n            <thead>\n            <tr>\n              <th colspan=\"2\">\n                <div class=\"head\"><h4 class=\"text-budvar-dark-red\">TOURS WITHOUT PRIOR BOOKING<\/h4><\/div>\n              <\/th>\n            <\/tr>\n            <\/thead>\n            <tbody>\n                                                                                      <tr>\n                  <td>March &#8211; June &amp; September \u2013 December<\/td>\n                  <td>daily, at 2pm<\/td>\n                <\/tr>\n                                <tr>\n                  <td>July \u2013 August<\/td>\n                  <td>daily, at 10am &amp; 2pm<\/td>\n                <\/tr>\n                                <tr>\n                  <td>January \u2013 February<\/td>\n                  <td>Mon \u2013 Sat at 2pm<\/td>\n                <\/tr>\n                                            <tr class=\"terms\">\n                <td colspan=\"2\"><h6 class=\"small\">Regular tours run in Czech, English and German<\/h6>\n<\/td>\n              <\/tr>\n                                      <\/tbody>\n          <\/table>\n        <\/div>\n\n        <div class=\"table-container col-12 col-md-6 px-0 px-md-4\">\n          <table class=\"w-100 table\">\n            <thead>\n            <tr>\n              <th colspan=\"2\">\n                <div class=\"head\"><h4 class=\"text-budvar-dark-red\">WHEN YOU NEED TO BOOK<\/h4><\/div>\n              <\/th>\n            <\/tr>\n            <\/thead>\n            <tbody>\n                                                                                      <tr>\n                  <td colspan=\"2\">1. Outside regular times<\/td>\n                <\/tr>\n                                <tr>\n                  <td colspan=\"2\">2. For tours in Russian, French, Spanish &amp; Italian<\/td>\n                <\/tr>\n                                <tr>\n                  <td colspan=\"2\">3. Groups of more than 5 people*<\/td>\n                <\/tr>\n                                            <tr class=\"terms\">\n                <td colspan=\"2\"><h6 class=\"small\">*Please note the maximum capacity for one group is 30 people<\/h6>\n<\/td>\n              <\/tr>\n                                      <\/tbody>\n          <\/table>\n        <\/div>\n      <\/div>\n\n      <div class=\"d-flex flex-wrap justify-content-center\">\n        <a href=\"mailto:excurse@budvar.cz\" class=\"book-a-tour\">Book a tour<\/a>\n      <\/div>\n\n\n      <hr class=\"border-budvar-dark-red\">\n\n\n      <div class=\"d-flex flex-wrap justify-content-center text-uppercase tours-title\">\n        <h3>ENTRANCE FEES<\/h3>\n      <\/div>\n      <div class=\"d-flex flex-wrap\">\n        <div class=\"table-container col-12 col-md-6 px-0 px-md-4\">\n          <table class=\"w-100 table\">\n            <thead>\n            <tr>\n              <th colspan=\"2\">\n                <div class=\"head\"><h4 class=\"text-budvar-dark-red\">DURING OPENING HOURS<\/h4><\/div>\n              <\/th>\n            <\/tr>\n            <\/thead>\n            <tbody>\n                                                                                      <tr>\n                  <td>Standard entrance fee<\/td>\n                  <td>290 CZK<\/td>\n                <\/tr>\n                                <tr>\n                  <td>Discounted entrance fee (students, etc.)<\/td>\n                  <td>220 CZK<\/td>\n                <\/tr>\n                                            <tr class=\"terms\">\n                <td colspan=\"2\"><\/td>\n              <\/tr>\n                                      <\/tbody>\n          <\/table>\n        <\/div>\n\n        <div class=\"table-container col-12 col-md-6 px-0 px-md-4\">\n          <table class=\"w-100 table\">\n            <thead>\n            <tr>\n              <th colspan=\"2\">\n                <div class=\"head\">\n                  <div><h4 class=\"text-budvar-dark-red\">OUTSIDE OPENING HOURS<\/h4><\/div>\n                <\/div>\n              <\/th>\n            <\/tr>\n            <\/thead>\n            <tbody>\n                                                                                      <tr>\n                  <td>Standard entrance fee<\/td>\n                  <td>500 CZK<\/td>\n                <\/tr>\n                                <tr>\n                  <td>Discounted entrance fee (students, etc.)<\/td>\n                  <td>300 CZK<\/td>\n                <\/tr>\n                                            <tr class=\"terms\">\n                <td colspan=\"2\"><\/td>\n              <\/tr>\n                                      <\/tbody>\n          <\/table>\n        <\/div>\n      <\/div>\n    <\/div>\n    <div class=\"d-flex flex-wrap justify-content-center\">\n      <a href=\"mailto:excurse@budvar.cz\" class=\"book-a-tour\">Book a tour<\/a>\n    <\/div>\n  <\/section>\n  <section class=\"before-you-visit bg-budvar-cream text-budvar-red py-2 py-md-5\">\n    <div class=\"container col-md-12 col-lg-10 col-xl-10\">\n      <div class=\"d-flex flex-wrap justify-content-center text-uppercase tours-title\">\n        <h3 class=\"text-center\">Before you visit<\/h3>\n      <\/div>\n      <div class=\"information-cards\">\n                            <div class=\"information-card\">\n            <div class=\"information-card-inner\">\n                            <div class=\"title\"><h4><span class=\"font-futura-pt-bold\" style=\"color: #ca4a4f;\">THINGS TO<br \/>\nKNOW WHEN<br \/>\nPLANNING<br \/>\nYOUR VISIT<\/span><\/h4>\n<\/div>\n            <\/div>\n          <\/div>\n                    <div class=\"information-card\">\n            <div class=\"information-card-inner\">\n                              <div class=\"image\">\n                  <img decoding=\"async\" src=\"https:\/\/budweiserbudvar.com\/uk\/wp-content\/uploads\/sites\/11\/2019\/11\/budvar-visit-wheelchairs.svg\" alt=\"\">\n                <\/div>\n                            <div class=\"title\"><h5 class=\"font-proxima-nova\" style=\"text-align: center; font-weight: bold;\"><span style=\"color: #ca4a4f;\">The route is not step-free. <strong>For visitors in wheelchairs we can organise an individual tour.<\/strong><\/span><\/h5>\n<\/div>\n            <\/div>\n          <\/div>\n                    <div class=\"information-card\">\n            <div class=\"information-card-inner\">\n                              <div class=\"image\">\n                  <img decoding=\"async\" src=\"https:\/\/budweiserbudvar.com\/uk\/wp-content\/uploads\/sites\/11\/2019\/11\/budvar-visit-bottling-room.svg\" alt=\"\">\n                <\/div>\n                            <div class=\"title\"><h5 class=\"font-proxima-nova\" style=\"text-align: center; font-weight: bold;\"><span style=\"color: #ca4a4f;\"><strong>The bottling room <\/strong>may not be operational.<\/span><\/h5>\n<\/div>\n            <\/div>\n          <\/div>\n                    <div class=\"information-card\">\n            <div class=\"information-card-inner\">\n                              <div class=\"image\">\n                  <img decoding=\"async\" src=\"https:\/\/budweiserbudvar.com\/uk\/wp-content\/uploads\/sites\/11\/2019\/11\/budvar-visit-temperature.svg\" alt=\"\">\n                <\/div>\n                            <div class=\"title\"><h5 class=\"font-proxima-nova\" style=\"text-align: center; font-weight: bold;\"><span style=\"color: #ca4a4f;\"><strong>Bring warm clothes for the cellar.<\/strong> The temperature is 2\u00b0C.<\/span><\/h5>\n<\/div>\n            <\/div>\n          <\/div>\n                    <div class=\"information-card\">\n            <div class=\"information-card-inner\">\n                              <div class=\"image\">\n                  <img decoding=\"async\" src=\"https:\/\/budweiserbudvar.com\/uk\/wp-content\/uploads\/sites\/11\/2019\/11\/budvar-visit-no-dogs.svg\" alt=\"\">\n                <\/div>\n                            <div class=\"title\"><h5 class=\"font-proxima-nova\" style=\"text-align: center; font-weight: bold;\"><span style=\"color: #ca4a4f;\">Dogs are not allowed<strong>.<\/strong><\/span><\/h5>\n<\/div>\n            <\/div>\n          <\/div>\n                    <div class=\"information-card\">\n            <div class=\"information-card-inner\">\n                              <div class=\"image\">\n                  <img decoding=\"async\" src=\"https:\/\/budweiserbudvar.com\/uk\/wp-content\/uploads\/sites\/11\/2019\/11\/budvar-visit-over-18.svg\" alt=\"\">\n                <\/div>\n                            <div class=\"title\"><h5 class=\"font-proxima-nova\" style=\"text-align: center; font-weight: bold;\"><span style=\"color: #ca4a4f;\"><strong>Persons aged less than 18<\/strong> will not be offered beer during beer tasting.<\/span><\/h5>\n<\/div>\n            <\/div>\n          <\/div>\n                    <div class=\"information-card\">\n            <div class=\"information-card-inner\">\n                              <div class=\"image\">\n                  <img decoding=\"async\" src=\"https:\/\/budweiserbudvar.com\/uk\/wp-content\/uploads\/sites\/11\/2019\/11\/budvar-visit-late-arrivals.svg\" alt=\"\">\n                <\/div>\n                            <div class=\"title\"><h5 class=\"font-proxima-nova\" style=\"text-align: center; font-weight: bold;\"><span style=\"color: #ca4a4f;\">If a group booked on a tour arrives 15 minutes late without notice, <strong>we reserve the right to reschedule or cancel.<\/strong><\/span><\/h5>\n<\/div>\n            <\/div>\n          <\/div>\n                    <div class=\"information-card\">\n            <div class=\"information-card-inner\">\n                              <div class=\"image\">\n                  <img decoding=\"async\" src=\"https:\/\/budweiserbudvar.com\/uk\/wp-content\/uploads\/sites\/11\/2019\/11\/budvar-visit-how-to-reach-us.svg\" alt=\"\">\n                <\/div>\n                            <div class=\"title\"><h5 style=\"text-align: center;\"><span style=\"color: #ca4a4f;\">How to reach us:<\/span><\/h5>\n<h5 style=\"text-align: center;\"><span style=\"color: #ca4a4f;\">Budweiser Budvar,<\/span><\/h5>\n<h5 style=\"text-align: center;\"><span style=\"color: #ca4a4f;\">Karol\u00edny Sv\u011btl\u00e9 512\/4370 04<br \/>\n\u010cesk\u00e9 Bud\u011bjovice<\/span><\/h5>\n<h5 style=\"text-align: center;\"><span style=\"color: #ca4a4f;\">+ 420 387 705 347<\/span><\/h5>\n<\/div>\n            <\/div>\n          <\/div>\n                        <\/div>\n    <\/div>\n    <div class=\"d-flex flex-wrap justify-content-center\">\n      <a href=\"mailto:excurse@budvar.cz\" class=\"book-a-tour\">Book a tour<\/a>\n    <\/div>\n  <\/section>\n<\/div>\n\n\n<div data-block_5d6e75d1ef55c class=\"hero-block align\">\n  <hero\n    block-styles=\"{&quot;background-color&quot;:&quot;#cb4146&quot;,&quot;color&quot;:&quot;#ffffff&quot;,&quot;padding-top&quot;:&quot;60px&quot;,&quot;padding-bottom&quot;:&quot;60px&quot;,&quot;background-size&quot;:&quot;cover&quot;,&quot;background-repeat&quot;:&quot;no-repeat&quot;}\"\n    block-styles-tablet=\"{&quot;padding-top&quot;:&quot;px&quot;,&quot;padding-bottom&quot;:&quot;px&quot;,&quot;background-size&quot;:&quot;cover&quot;,&quot;background-repeat&quot;:&quot;no-repeat&quot;}\"\n    block-styles-mobile=\"{&quot;padding-top&quot;:&quot;px&quot;,&quot;padding-bottom&quot;:&quot;px&quot;,&quot;background-size&quot;:&quot;cover&quot;,&quot;background-repeat&quot;:&quot;no-repeat&quot;}\"\n    height=\"\"\n    min-height=\"\"\n    text-center-width=\"[]\"\n        scroll-down-show=\"\"\n    scroll-text=\"\"\n    scroll-text-default=\"Scroll\"\n    scroll-color-primary=\"\"\n    scroll-color-secondary=\"\"\n    mobile-overlay=\"\"\n    mobile-overlay-content=\"\"\n    mobile-overlay-button=\"null\"\n    mobile-overlay-color=\"\"\n    faded-background-image=\"\"\n  >\n    <template v-slot:text-center>\n                                  <div class=\"images-container\">\n            <div class=\"width-container\" style=\"width:  100% ;\">\n                                                            <div class=\"image col\" style=\"\">\n                  <img decoding=\"async\" class=\"img-fluid\" src=\"https:\/\/budweiserbudvar.com\/uk\/wp-content\/uploads\/sites\/11\/2019\/09\/greetings-from-the-republic-of-beer.svg\" alt=\"Greetings From The Republic Of Beer\" style=\"\">\n                <\/div>\n                                          <\/div>\n            <\/div>\n                            <\/template>\n\n\n      <\/hero>\n<\/div>\n","protected":false},"excerpt":{"rendered":"","protected":false},"author":1,"featured_media":0,"parent":0,"menu_order":0,"comment_status":"closed","ping_status":"closed","template":"","meta":{"_acf_changed":false,"footnotes":""},"class_list":["post-948","page","type-page","status-publish","hentry"],"yoast_head":"<!-- This site is optimized with the Yoast SEO plugin v25.8 - https:\/\/yoast.com\/wordpress\/plugins\/seo\/ -->\n<title>Visit Us - Budvar | UK<\/title>\n<meta name=\"robots\" content=\"index, follow, max-snippet:-1, max-image-preview:large, max-video-preview:-1\" \/>\n<link rel=\"canonical\" href=\"https:\/\/budweiserbudvar.com\/uk\/visit-us\/\" \/>\n<meta property=\"og:locale\" content=\"en_GB\" \/>\n<meta property=\"og:type\" content=\"article\" \/>\n<meta property=\"og:title\" content=\"Visit Us - Budvar | UK\" \/>\n<meta property=\"og:url\" content=\"https:\/\/budweiserbudvar.com\/uk\/visit-us\/\" \/>\n<meta property=\"og:site_name\" content=\"Budvar | UK\" \/>\n<meta property=\"article:modified_time\" content=\"2020-02-27T20:38:48+00:00\" \/>\n<meta name=\"twitter:card\" content=\"summary_large_image\" \/>\n<script type=\"application\/ld+json\" class=\"yoast-schema-graph\">{\"@context\":\"https:\/\/schema.org\",\"@graph\":[{\"@type\":\"WebPage\",\"@id\":\"https:\/\/budweiserbudvar.com\/uk\/visit-us\/\",\"url\":\"https:\/\/budweiserbudvar.com\/uk\/visit-us\/\",\"name\":\"Visit Us - Budvar | UK\",\"isPartOf\":{\"@id\":\"https:\/\/budweiserbudvar.com\/uk\/#website\"},\"datePublished\":\"2019-10-23T11:15:27+00:00\",\"dateModified\":\"2020-02-27T20:38:48+00:00\",\"breadcrumb\":{\"@id\":\"https:\/\/budweiserbudvar.com\/uk\/visit-us\/#breadcrumb\"},\"inLanguage\":\"en-GB\",\"potentialAction\":[{\"@type\":\"ReadAction\",\"target\":[\"https:\/\/budweiserbudvar.com\/uk\/visit-us\/\"]}]},{\"@type\":\"BreadcrumbList\",\"@id\":\"https:\/\/budweiserbudvar.com\/uk\/visit-us\/#breadcrumb\",\"itemListElement\":[{\"@type\":\"ListItem\",\"position\":1,\"name\":\"Home\",\"item\":\"https:\/\/budweiserbudvar.com\/uk\/\"},{\"@type\":\"ListItem\",\"position\":2,\"name\":\"Visit Us\"}]},{\"@type\":\"WebSite\",\"@id\":\"https:\/\/budweiserbudvar.com\/uk\/#website\",\"url\":\"https:\/\/budweiserbudvar.com\/uk\/\",\"name\":\"Budvar | UK\",\"description\":\"Budvar\",\"potentialAction\":[{\"@type\":\"SearchAction\",\"target\":{\"@type\":\"EntryPoint\",\"urlTemplate\":\"https:\/\/budweiserbudvar.com\/uk\/?s={search_term_string}\"},\"query-input\":{\"@type\":\"PropertyValueSpecification\",\"valueRequired\":true,\"valueName\":\"search_term_string\"}}],\"inLanguage\":\"en-GB\"}]}<\/script>\n<!-- \/ Yoast SEO plugin. -->","yoast_head_json":{"title":"Visit Us - Budvar | UK","robots":{"index":"index","follow":"follow","max-snippet":"max-snippet:-1","max-image-preview":"max-image-preview:large","max-video-preview":"max-video-preview:-1"},"canonical":"https:\/\/budweiserbudvar.com\/uk\/visit-us\/","og_locale":"en_GB","og_type":"article","og_title":"Visit Us - Budvar | UK","og_url":"https:\/\/budweiserbudvar.com\/uk\/visit-us\/","og_site_name":"Budvar | UK","article_modified_time":"2020-02-27T20:38:48+00:00","twitter_card":"summary_large_image","schema":{"@context":"https:\/\/schema.org","@graph":[{"@type":"WebPage","@id":"https:\/\/budweiserbudvar.com\/uk\/visit-us\/","url":"https:\/\/budweiserbudvar.com\/uk\/visit-us\/","name":"Visit Us - Budvar | UK","isPartOf":{"@id":"https:\/\/budweiserbudvar.com\/uk\/#website"},"datePublished":"2019-10-23T11:15:27+00:00","dateModified":"2020-02-27T20:38:48+00:00","breadcrumb":{"@id":"https:\/\/budweiserbudvar.com\/uk\/visit-us\/#breadcrumb"},"inLanguage":"en-GB","potentialAction":[{"@type":"ReadAction","target":["https:\/\/budweiserbudvar.com\/uk\/visit-us\/"]}]},{"@type":"BreadcrumbList","@id":"https:\/\/budweiserbudvar.com\/uk\/visit-us\/#breadcrumb","itemListElement":[{"@type":"ListItem","position":1,"name":"Home","item":"https:\/\/budweiserbudvar.com\/uk\/"},{"@type":"ListItem","position":2,"name":"Visit Us"}]},{"@type":"WebSite","@id":"https:\/\/budweiserbudvar.com\/uk\/#website","url":"https:\/\/budweiserbudvar.com\/uk\/","name":"Budvar | UK","description":"Budvar","potentialAction":[{"@type":"SearchAction","target":{"@type":"EntryPoint","urlTemplate":"https:\/\/budweiserbudvar.com\/uk\/?s={search_term_string}"},"query-input":{"@type":"PropertyValueSpecification","valueRequired":true,"valueName":"search_term_string"}}],"inLanguage":"en-GB"}]}},"acf":[],"_links":{"self":[{"href":"https:\/\/budweiserbudvar.com\/uk\/wp-json\/wp\/v2\/pages\/948","targetHints":{"allow":["GET"]}}],"collection":[{"href":"https:\/\/budweiserbudvar.com\/uk\/wp-json\/wp\/v2\/pages"}],"about":[{"href":"https:\/\/budweiserbudvar.com\/uk\/wp-json\/wp\/v2\/types\/page"}],"author":[{"embeddable":true,"href":"https:\/\/budweiserbudvar.com\/uk\/wp-json\/wp\/v2\/users\/1"}],"replies":[{"embeddable":true,"href":"https:\/\/budweiserbudvar.com\/uk\/wp-json\/wp\/v2\/comments?post=948"}],"version-history":[{"count":0,"href":"https:\/\/budweiserbudvar.com\/uk\/wp-json\/wp\/v2\/pages\/948\/revisions"}],"wp:attachment":[{"href":"https:\/\/budweiserbudvar.com\/uk\/wp-json\/wp\/v2\/media?parent=948"}],"curies":[{"name":"wp","href":"https:\/\/api.w.org\/{rel}","templated":true}]}}