{"id":7,"date":"2019-08-29T16:36:09","date_gmt":"2019-08-29T16:36:09","guid":{"rendered":"http:\/\/budweiserbudvar.com\/uk\/?page_id=7"},"modified":"2022-01-18T15:11:29","modified_gmt":"2022-01-18T15:11:29","slug":"homepage","status":"publish","type":"page","link":"https:\/\/budweiserbudvar.com\/uk\/","title":{"rendered":"Homepage"},"content":{"rendered":"<div data-block_5d6ac671ae4b1 class=\"hero-block align\">\n  <hero\n    block-styles=\"{&quot;background-color&quot;:&quot;#f8f6e8&quot;,&quot;background-image&quot;:&quot;url(https:\\\/\\\/budweiserbudvar.com\\\/uk\\\/wp-content\\\/uploads\\\/sites\\\/11\\\/2020\\\/11\\\/larger-pour.jpg)&quot;,&quot;color&quot;:&quot;#ffffff&quot;,&quot;background-size&quot;:&quot;cover&quot;,&quot;background-repeat&quot;:&quot;no-repeat&quot;}\"\n    block-styles-tablet=\"{&quot;background-size&quot;:&quot;cover&quot;,&quot;background-repeat&quot;:&quot;no-repeat&quot;}\"\n    block-styles-mobile=\"{&quot;background-image&quot;:&quot;url(https:\\\/\\\/budweiserbudvar.com\\\/uk\\\/wp-content\\\/uploads\\\/sites\\\/11\\\/2020\\\/11\\\/smaller-pour.jpg)&quot;,&quot;background-size&quot;:&quot;cover&quot;,&quot;background-repeat&quot;:&quot;no-repeat&quot;}\"\n    height=\"1px\"\n    min-height=\"calc(100vh - 100px)\"\n    text-center-width=\"{&quot;mobile&quot;:&quot;100&quot;,&quot;tablet&quot;:&quot;100&quot;,&quot;desktop&quot;:&quot;100&quot;}\"\n                  video=\"https:\/\/budvarprod.s3.eu-west-1.amazonaws.com\/budweiserbud\/wp-content\/uploads\/sites\/11\/2020\/11\/POUR-HEADER-V4-1852%C3%971042.mp4\"\n            video-poster=\"https:\/\/budweiserbudvar.com\/uk\/wp-content\/uploads\/sites\/11\/2020\/11\/POUR-HEADER-V4-1852\u00d71042-First-Frame-Still.jpg\"\n        scroll-down-show=\"1\"\n    scroll-text=\"\"\n    scroll-text-default=\"Scroll\"\n    scroll-color-primary=\"#ca4a4f\"\n    scroll-color-secondary=\"#CA4A4F\"\n    mobile-overlay=\"\"\n    mobile-overlay-content=\"\"\n    mobile-overlay-button=\"null\"\n    mobile-overlay-color=\"\"\n    faded-background-image=\"1\"\n  >\n    <template v-slot:text-center>\n                                    <div class=\"wysiwyg-container\">\n              <div class=\"lift-content-mobile\">\n<h1 class=\"font-outline homepageTitle\" style=\"text-align: center;\">GREETINGS<br \/>\nFROM<br \/>\nTHE REPUBLIC<br \/>\nOF BEER<\/h1>\n<\/div>\n\n            <\/div>\n                          <\/template>\n\n\n                            <template v-slot:bottom>\n            \n                      <\/template>\n\n                    <\/hero>\n<\/div>\n\n\n<div data-block_5d6e3940d9b46 class=\"hero-block align\">\n  <hero\n    block-styles=\"{&quot;background-color&quot;:&quot;#fffef8&quot;,&quot;color&quot;:&quot;#cb4146&quot;,&quot;padding-top&quot;:&quot;120px&quot;,&quot;padding-bottom&quot;:&quot;120px&quot;,&quot;padding-left&quot;:&quot;100px&quot;,&quot;padding-right&quot;:&quot;100px&quot;,&quot;background-size&quot;:&quot;cover&quot;,&quot;background-repeat&quot;:&quot;no-repeat&quot;}\"\n    block-styles-tablet=\"{&quot;padding-top&quot;:&quot;80px&quot;,&quot;padding-bottom&quot;:&quot;80px&quot;,&quot;padding-left&quot;:&quot;20px&quot;,&quot;padding-right&quot;:&quot;20px&quot;,&quot;background-size&quot;:&quot;cover&quot;,&quot;background-repeat&quot;:&quot;no-repeat&quot;}\"\n    block-styles-mobile=\"{&quot;padding-top&quot;:&quot;110px&quot;,&quot;padding-bottom&quot;:&quot;105px&quot;,&quot;padding-left&quot;:&quot;0px&quot;,&quot;padding-right&quot;:&quot;0px&quot;,&quot;background-size&quot;:&quot;cover&quot;,&quot;background-repeat&quot;:&quot;no-repeat&quot;}\"\n    height=\"\"\n    min-height=\"400px\"\n    text-center-width=\"{&quot;mobile&quot;:&quot;80&quot;,&quot;tablet&quot;:&quot;80&quot;,&quot;desktop&quot;:&quot;60&quot;}\"\n        scroll-down-show=\"\"\n    scroll-text=\"\"\n    scroll-text-default=\"Scroll\"\n    scroll-color-primary=\"#FFFFFF\"\n    scroll-color-secondary=\"#CA4A4F\"\n    mobile-overlay=\"\"\n    mobile-overlay-content=\"\"\n    mobile-overlay-button=\"null\"\n    mobile-overlay-color=\"\"\n    faded-background-image=\"\"\n  >\n    <template v-slot:text-center>\n                                    <div class=\"wysiwyg-container\">\n              <p class=\"smallest\" style=\"font-family: futura-pt-bold,sans-serif; text-align: center; font-weight: bold; font-size: calc(1.275rem + 0.3vw); letter-spacing: 0.08em !important; line-height: 1.2;\"><span style=\"color: #ca4a4f;\">SINCE 1895 BUDWEISER BUDVAR HAS BREWED THE FINEST CZECH LAGER IN THE WORLD, MADE USING LOCAL INGREDIENTS AND AGED TO PERFECTION IN OUR CELLARS IN \u010cESK\u00c9 BUD\u011aJOVICE, SOUTH BOHEMIA. OUR BREWERY IS STILL OWNED BY THE PEOPLE OF THE CZECH REPUBLIC. GREETINGS FROM THE REPUBLIC OF BEER.<\/span><\/p>\n<p>&nbsp;<\/p>\n\n            <\/div>\n                                    <div class=\"images-container\">\n            <div class=\"width-container\" style=\"width:  100% ;\">\n                                                            <div class=\"image col\" style=\"margin-left: 25px; margin-right: 25px; \">\n                  <img decoding=\"async\" class=\"img-fluid\" src=\"https:\/\/budweiserbudvar.com\/uk\/wp-content\/uploads\/sites\/11\/2019\/10\/budvar-lockup-czech-republic.png\" alt=\"\" style=\" width: 140px \">\n                <\/div>\n                                          <\/div>\n            <\/div>\n                            <\/template>\n\n\n      <\/hero>\n<\/div>\n\n\n<div data-block_5d6e9b68392f6 class=\"hero-block align\">\n  <hero\n    block-styles=\"{&quot;background-color&quot;:&quot;#cb4146&quot;,&quot;background-image&quot;:&quot;url(https:\\\/\\\/budweiserbudvar.com\\\/uk\\\/wp-content\\\/uploads\\\/sites\\\/11\\\/2019\\\/10\\\/ingredients_dark.jpg)&quot;,&quot;color&quot;:&quot;#ffffff&quot;,&quot;background-size&quot;:&quot;cover&quot;,&quot;background-repeat&quot;:&quot;no-repeat&quot;}\"\n    block-styles-tablet=\"{&quot;background-size&quot;:&quot;cover&quot;,&quot;background-repeat&quot;:&quot;no-repeat&quot;}\"\n    block-styles-mobile=\"{&quot;background-image&quot;:&quot;url(https:\\\/\\\/budweiserbudvar.com\\\/uk\\\/wp-content\\\/uploads\\\/sites\\\/11\\\/2019\\\/10\\\/ingredients-mobile.jpg)&quot;,&quot;background-size&quot;:&quot;cover&quot;,&quot;background-repeat&quot;:&quot;no-repeat&quot;}\"\n    height=\"1px\"\n    min-height=\"85vh\"\n    text-center-width=\"{&quot;mobile&quot;:&quot;100&quot;,&quot;tablet&quot;:&quot;100&quot;}\"\n                  video=\"\"\n            video-poster=\"\"\n        scroll-down-show=\"\"\n    scroll-text=\"\"\n    scroll-text-default=\"Scroll\"\n    scroll-color-primary=\"#FFFFFF\"\n    scroll-color-secondary=\"#CA4A4F\"\n    mobile-overlay=\"1\"\n    mobile-overlay-content=\"&lt;h5 class=&quot;font-proxima-nova&quot; style=&quot;text-align: center;&quot;&gt;Only four ingredients go into Budweiser Budvar: whole-cone Saaz hops, Moravian malt, our heritage lager yeast and pure soft water, drawn from an Ice Age aquifer 300m underneath our brewery. And it\u2019s been this way since 1895.&lt;\/h5&gt;\n\"\n    mobile-overlay-button=\"{&quot;title&quot;:&quot;Find Out More&quot;,&quot;url&quot;:&quot;https:\\\/\\\/budweiserbudvar.com\\\/uk\\\/ingredients\\\/&quot;,&quot;target&quot;:&quot;&quot;}\"\n    mobile-overlay-color=\"#7e1620\"\n    faded-background-image=\"1\"\n  >\n    <template v-slot:text-center>\n                                    <div class=\"wysiwyg-container\">\n              <h2 class=\"large ingredient-section-lift\" style=\"text-align: center;\"><span style=\"color: #fffef8;\">Ingredients<\/span><\/h2>\n\n            <\/div>\n                          <\/template>\n\n\n                            <template v-slot:top-left>\n            <p><span style=\"color: #fffef8;\">Only four ingredients go into Budweiser Budvar: whole-cone Saaz hops, Moravian malt, our heritage lager yeast and pure soft water, drawn from an Ice Age aquifer 300m underneath our brewery. And it\u2019s been this way since 1895.<\/span><\/p>\n\n                          <a href=\"https:\/\/budweiserbudvar.com\/uk\/ingredients\/\" class=\"btn btn-outline-light\">\n                Find Out More\n              <\/a>\n                      <\/template>\n                    <\/hero>\n<\/div>\n\n\n<div data-block_5d762469902ca class=\"hero-block align\">\n  <hero\n    block-styles=\"{&quot;background-color&quot;:&quot;#cb4146&quot;,&quot;background-image&quot;:&quot;url(https:\\\/\\\/budweiserbudvar.com\\\/uk\\\/wp-content\\\/uploads\\\/sites\\\/11\\\/2019\\\/10\\\/time_dark.jpg)&quot;,&quot;color&quot;:&quot;#ffffff&quot;,&quot;background-size&quot;:&quot;cover&quot;,&quot;background-repeat&quot;:&quot;no-repeat&quot;}\"\n    block-styles-tablet=\"{&quot;background-size&quot;:&quot;cover&quot;,&quot;background-repeat&quot;:&quot;no-repeat&quot;}\"\n    block-styles-mobile=\"{&quot;background-image&quot;:&quot;url(https:\\\/\\\/budweiserbudvar.com\\\/uk\\\/wp-content\\\/uploads\\\/sites\\\/11\\\/2019\\\/10\\\/time-mobile.jpg)&quot;,&quot;background-size&quot;:&quot;cover&quot;,&quot;background-repeat&quot;:&quot;no-repeat&quot;}\"\n    height=\"1px\"\n    min-height=\"85vh\"\n    text-center-width=\"{&quot;mobile&quot;:&quot;100&quot;,&quot;tablet&quot;:&quot;100&quot;}\"\n                  video=\"\"\n            video-poster=\"\"\n        scroll-down-show=\"\"\n    scroll-text=\"\"\n    scroll-text-default=\"Scroll\"\n    scroll-color-primary=\"#FFFFFF\"\n    scroll-color-secondary=\"#CA4A4F\"\n    mobile-overlay=\"1\"\n    mobile-overlay-content=\"&lt;h5 class=&quot;font-proxima-nova&quot; style=&quot;text-align: center;&quot;&gt;It\u2019s said of South Bohemia that time&lt;br \/&gt;\nmoves a little slower. And when&lt;br \/&gt;\nit comes to brewing the perfect&lt;br \/&gt;\nCzech lager, that\u2019s a very good thing.&lt;br \/&gt;\nMaturing lager adds the magic.&lt;br \/&gt;\nIt forms \ufb02avour and develops&lt;br \/&gt;\nits depths. It\u2019s why we still condition&lt;br \/&gt;\nevery drop of Budweiser Budvar&lt;br \/&gt;\nin our brewery cellars for 90 days.&lt;\/h5&gt;\n\"\n    mobile-overlay-button=\"{&quot;title&quot;:&quot;FIND OUT MORE&quot;,&quot;url&quot;:&quot;http:\\\/\\\/budweiserbudvar.com\\\/uk\\\/blog\\\/story\\\/time\\\/&quot;,&quot;target&quot;:&quot;&quot;}\"\n    mobile-overlay-color=\"#ca4a4f\"\n    faded-background-image=\"1\"\n  >\n    <template v-slot:text-center>\n                                    <div class=\"wysiwyg-container\">\n              <h2 class=\"large ingredient-section-lift\" style=\"text-align: center;\"><span style=\"color: #fffef8;\">Time<\/span><\/h2>\n\n            <\/div>\n                          <\/template>\n\n\n                            <template v-slot:top-left>\n            <p><span style=\"color: #fffef8;\">It\u2019s said that time moves a little slower in South Bohemia. And when it comes to brewing the perfect Czech lager, that\u2019s a good thing. Lagering, or \u2018cellaring\u2019, is the traditional way of brewing lager beer. And while many breweries are moving away from it, we never will because we know that slowly maturing the beer adds its magic, creating bolder, deeper flavours.<\/span><\/p>\n\n                          <a href=\"http:\/\/budweiserbudvar.com\/uk\/blog\/story\/time\/\" class=\"btn btn-outline-light\">\n                Find Out More\n              <\/a>\n                      <\/template>\n                    <\/hero>\n<\/div>\n\n\n<div data-block_5d77e8c2736f8 class=\"hero-block align\">\n  <hero\n    block-styles=\"{&quot;background-color&quot;:&quot;#cb4146&quot;,&quot;background-image&quot;:&quot;url(https:\\\/\\\/budweiserbudvar.com\\\/uk\\\/wp-content\\\/uploads\\\/sites\\\/11\\\/2019\\\/10\\\/spirit_homepage.jpg)&quot;,&quot;background-size&quot;:&quot;cover&quot;,&quot;background-repeat&quot;:&quot;no-repeat&quot;}\"\n    block-styles-tablet=\"{&quot;background-size&quot;:&quot;cover&quot;,&quot;background-repeat&quot;:&quot;no-repeat&quot;}\"\n    block-styles-mobile=\"{&quot;background-image&quot;:&quot;url(https:\\\/\\\/budweiserbudvar.com\\\/uk\\\/wp-content\\\/uploads\\\/sites\\\/11\\\/2019\\\/10\\\/spirit-mobile.jpg)&quot;,&quot;background-size&quot;:&quot;cover&quot;,&quot;background-repeat&quot;:&quot;no-repeat&quot;}\"\n    height=\"1px\"\n    min-height=\"85vh\"\n    text-center-width=\"{&quot;mobile&quot;:&quot;100&quot;,&quot;tablet&quot;:&quot;100&quot;}\"\n                  video=\"\"\n            video-poster=\"\"\n        scroll-down-show=\"\"\n    scroll-text=\"\"\n    scroll-text-default=\"Scroll\"\n    scroll-color-primary=\"#FFFFFF\"\n    scroll-color-secondary=\"#CA4A4F\"\n    mobile-overlay=\"1\"\n    mobile-overlay-content=\"&lt;h5 class=&quot;font-proxima-nova&quot; style=&quot;text-align: center;&quot;&gt;By bringing together these two world-famous Czech arts, brewing and glassmaking, Budvar has created that rare thing: a beer glass with a purpose, a beauty and a design that not only tells a story but honours tradition and elevates the experience of drinking the beer within it.&lt;\/h5&gt;\n\"\n    mobile-overlay-button=\"{&quot;title&quot;:&quot;Find Out More&quot;,&quot;url&quot;:&quot;http:\\\/\\\/budweiserbudvar.com\\\/uk\\\/blog\\\/story\\\/spirit\\\/&quot;,&quot;target&quot;:&quot;&quot;}\"\n    mobile-overlay-color=\"#7e1620\"\n    faded-background-image=\"1\"\n  >\n    <template v-slot:text-center>\n                                    <div class=\"wysiwyg-container\">\n              <h2 class=\"large ingredient-section-lift\" style=\"text-align: center;\" data-mce-style=\"text-align: center;\"><span style=\"color: #fffef8;\" data-mce-style=\"color: #fffef8;\">Spirit<\/span><\/h2>\n\n            <\/div>\n                          <\/template>\n\n\n                            <template v-slot:top-left>\n            <p><span style=\"color: #fffef8;\" data-mce-style=\"color: #fffef8;\">In 1895, in an act of defiance, our forefathers founded their own brewery in C\u030ceske\u0301 Bude\u030cjovice (Budweis), creating an independent brewery for the Czech people, owned by Czech people. Today we are still the brewery of the Czech Republic with 10 million owners and quality controllers, brewing beer in exactly the same way we always have.<\/span><\/p>\n\n                          <a href=\"http:\/\/budweiserbudvar.com\/uk\/blog\/story\/spirit\/\" class=\"btn btn-outline-light\">\n                Find Out More\n              <\/a>\n                      <\/template>\n                    <\/hero>\n<\/div>\n\n\n<div data-block_5fa167b0bfbcc class=\"hero-block align\">\n  <hero\n    block-styles=\"{&quot;background-color&quot;:&quot;#cb4146&quot;,&quot;background-image&quot;:&quot;url(https:\\\/\\\/budweiserbudvar.com\\\/uk\\\/wp-content\\\/uploads\\\/sites\\\/11\\\/2020\\\/11\\\/5I5A6996.jpg)&quot;,&quot;background-size&quot;:&quot;cover&quot;,&quot;background-repeat&quot;:&quot;no-repeat&quot;}\"\n    block-styles-tablet=\"{&quot;background-size&quot;:&quot;cover&quot;,&quot;background-repeat&quot;:&quot;no-repeat&quot;}\"\n    block-styles-mobile=\"{&quot;background-image&quot;:&quot;url(https:\\\/\\\/budweiserbudvar.com\\\/uk\\\/wp-content\\\/uploads\\\/sites\\\/11\\\/2020\\\/11\\\/glass-hero-mobile.jpg)&quot;,&quot;background-size&quot;:&quot;cover&quot;,&quot;background-repeat&quot;:&quot;no-repeat&quot;}\"\n    height=\"1px\"\n    min-height=\"85vh\"\n    text-center-width=\"{&quot;mobile&quot;:&quot;100&quot;,&quot;tablet&quot;:&quot;100&quot;}\"\n                  video=\"\"\n            video-poster=\"\"\n        scroll-down-show=\"\"\n    scroll-text=\"\"\n    scroll-text-default=\"Scroll\"\n    scroll-color-primary=\"#FFFFFF\"\n    scroll-color-secondary=\"#CA4A4F\"\n    mobile-overlay=\"1\"\n    mobile-overlay-content=\"&lt;h5 class=&quot;font-proxima-nova&quot; style=&quot;text-align: center;&quot;&gt;By bringing together these&lt;br \/&gt;\ntwo world-famous Czech arts,&lt;br \/&gt;\nbrewing and glassmaking,&lt;br \/&gt;\nBudvar has created that rare thing:&lt;br \/&gt;\na beer glass with a purpose, a beauty and&lt;br \/&gt;\na design that not only tells a story but&lt;br \/&gt;\nhonours tradition and elevates the&lt;br \/&gt;\nexperience of drinking the beer within it.&lt;\/h5&gt;\n\"\n    mobile-overlay-button=\"{&quot;title&quot;:&quot;Find Out More&quot;,&quot;url&quot;:&quot;https:\\\/\\\/budweiserbudvar.com\\\/uk\\\/blog\\\/story\\\/the-budvar-glass\\\/&quot;,&quot;target&quot;:&quot;&quot;}\"\n    mobile-overlay-color=\"#7e1620\"\n    faded-background-image=\"1\"\n  >\n    <template v-slot:text-center>\n                                    <div class=\"wysiwyg-container\">\n              <h2 class=\"large ingredient-section-lift\" style=\"text-align: center;\"><span style=\"color: #fffef8;\">GLASS<\/span><\/h2>\n\n            <\/div>\n                          <\/template>\n\n\n                            <template v-slot:top-left>\n            <p><span style=\"color: #ffffff;\">By bringing together these two world-famous Czech arts, brewing and glassmaking, Budvar has created that rare thing: a beer glass with a purpose, a beauty and a design that not only tells a story but honours tradition and elevates the experience of drinking the beer within it. <\/span><\/p>\n\n                          <a href=\"https:\/\/budweiserbudvar.com\/uk\/blog\/story\/the-budvar-glass\/\" class=\"btn btn-outline-light\">\n                Find Out More\n              <\/a>\n                      <\/template>\n                    <\/hero>\n<\/div>\n\n\n<div data-block_5fa16dacbfbcd class=\"hero-block align\">\n  <hero\n    block-styles=\"{&quot;background-color&quot;:&quot;#cb4146&quot;,&quot;background-image&quot;:&quot;url(https:\\\/\\\/budweiserbudvar.com\\\/uk\\\/wp-content\\\/uploads\\\/sites\\\/11\\\/2020\\\/11\\\/pour-hero.jpg)&quot;,&quot;color&quot;:&quot;#ffffff&quot;,&quot;background-size&quot;:&quot;cover&quot;,&quot;background-repeat&quot;:&quot;no-repeat&quot;}\"\n    block-styles-tablet=\"{&quot;background-size&quot;:&quot;cover&quot;,&quot;background-repeat&quot;:&quot;no-repeat&quot;}\"\n    block-styles-mobile=\"{&quot;background-image&quot;:&quot;url(https:\\\/\\\/budweiserbudvar.com\\\/uk\\\/wp-content\\\/uploads\\\/sites\\\/11\\\/2020\\\/11\\\/POUR-HERO-MOBILE.jpg)&quot;,&quot;background-size&quot;:&quot;cover&quot;,&quot;background-repeat&quot;:&quot;no-repeat&quot;}\"\n    height=\"1px\"\n    min-height=\"85vh\"\n    text-center-width=\"{&quot;mobile&quot;:&quot;100&quot;,&quot;tablet&quot;:&quot;100&quot;}\"\n                  video=\"\"\n            video-poster=\"\"\n        scroll-down-show=\"\"\n    scroll-text=\"\"\n    scroll-text-default=\"Scroll\"\n    scroll-color-primary=\"#FFFFFF\"\n    scroll-color-secondary=\"#CA4A4F\"\n    mobile-overlay=\"1\"\n    mobile-overlay-content=\"&lt;h5 class=&quot;font-proxima-nova&quot; style=&quot;text-align: center;&quot;&gt;Only the right pour can amplify the subtle&lt;br \/&gt;\nand elegant qualities of properly&lt;br \/&gt;\nbrewed Czech lager. At Budweiser Budvar,&lt;br \/&gt;\nthe ritual of the pour has evolved over&lt;br \/&gt;\nour 125-year history to perfectly showcase our unique aromas and flavours. Taste like this takes time to create, but it\u2019s worth the wait.&lt;\/h5&gt;\n\"\n    mobile-overlay-button=\"{&quot;title&quot;:&quot;Find Out More&quot;,&quot;url&quot;:&quot;https:\\\/\\\/budweiserbudvar.com\\\/uk\\\/blog\\\/story\\\/the-budvar-pour\\\/&quot;,&quot;target&quot;:&quot;&quot;}\"\n    mobile-overlay-color=\"#7e1620\"\n    faded-background-image=\"1\"\n  >\n    <template v-slot:text-center>\n                                    <div class=\"wysiwyg-container\">\n              <h2 class=\"large ingredient-section-lift\" style=\"text-align: center;\"><span style=\"color: #fffef8;\">POUR<\/span><\/h2>\n\n            <\/div>\n                          <\/template>\n\n\n                            <template v-slot:top-left>\n            <p>Only the right pour can amplify the subtle and elegant qualities of properly brewed Czech lager. At Budweiser Budvar, the ritual of the pour has evolved over our 125-year history to perfectly showcase our unique aromas and flavours. Taste like this takes time to create, but it\u2019s worth the wait.<\/p>\n\n                          <a href=\"https:\/\/budweiserbudvar.com\/uk\/blog\/story\/the-budvar-pour\/\" class=\"btn btn-outline-light\">\n                Find Out More\n              <\/a>\n                      <\/template>\n                    <\/hero>\n<\/div>\n\n\n<div data-block_5d6e75d1ef55c class=\"hero-block align\">\n  <hero\n    block-styles=\"{&quot;background-color&quot;:&quot;#cb4146&quot;,&quot;color&quot;:&quot;#ffffff&quot;,&quot;padding-top&quot;:&quot;60px&quot;,&quot;padding-bottom&quot;:&quot;60px&quot;,&quot;background-size&quot;:&quot;cover&quot;,&quot;background-repeat&quot;:&quot;no-repeat&quot;}\"\n    block-styles-tablet=\"{&quot;padding-top&quot;:&quot;px&quot;,&quot;padding-bottom&quot;:&quot;px&quot;,&quot;background-size&quot;:&quot;cover&quot;,&quot;background-repeat&quot;:&quot;no-repeat&quot;}\"\n    block-styles-mobile=\"{&quot;padding-top&quot;:&quot;px&quot;,&quot;padding-bottom&quot;:&quot;px&quot;,&quot;background-size&quot;:&quot;cover&quot;,&quot;background-repeat&quot;:&quot;no-repeat&quot;}\"\n    height=\"\"\n    min-height=\"\"\n    text-center-width=\"[]\"\n        scroll-down-show=\"\"\n    scroll-text=\"\"\n    scroll-text-default=\"Scroll\"\n    scroll-color-primary=\"\"\n    scroll-color-secondary=\"\"\n    mobile-overlay=\"\"\n    mobile-overlay-content=\"\"\n    mobile-overlay-button=\"null\"\n    mobile-overlay-color=\"\"\n    faded-background-image=\"\"\n  >\n    <template v-slot:text-center>\n                                  <div class=\"images-container\">\n            <div class=\"width-container\" style=\"width:  100% ;\">\n                                                            <div class=\"image col\" style=\"\">\n                  <img decoding=\"async\" class=\"img-fluid\" src=\"https:\/\/budweiserbudvar.com\/uk\/wp-content\/uploads\/sites\/11\/2019\/09\/greetings-from-the-republic-of-beer.svg\" alt=\"Greetings From The Republic Of Beer\" style=\"\">\n                <\/div>\n                                          <\/div>\n            <\/div>\n                            <\/template>\n\n\n      <\/hero>\n<\/div>\n","protected":false},"excerpt":{"rendered":"","protected":false},"author":1,"featured_media":0,"parent":0,"menu_order":0,"comment_status":"closed","ping_status":"closed","template":"","meta":{"_acf_changed":false,"footnotes":""},"class_list":["post-7","page","type-page","status-publish","hentry"],"yoast_head":"<!-- This site is optimized with the Yoast SEO plugin v25.8 - https:\/\/yoast.com\/wordpress\/plugins\/seo\/ -->\n<title>Homepage - Budvar | UK<\/title>\n<meta name=\"robots\" content=\"index, follow, max-snippet:-1, max-image-preview:large, max-video-preview:-1\" \/>\n<link rel=\"canonical\" href=\"https:\/\/budweiserbudvar.com\/uk\/\" \/>\n<meta property=\"og:locale\" content=\"en_GB\" \/>\n<meta property=\"og:type\" content=\"article\" \/>\n<meta property=\"og:title\" content=\"Homepage - Budvar | UK\" \/>\n<meta property=\"og:url\" content=\"https:\/\/budweiserbudvar.com\/uk\/\" \/>\n<meta property=\"og:site_name\" content=\"Budvar | UK\" \/>\n<meta property=\"article:modified_time\" content=\"2022-01-18T15:11:29+00:00\" \/>\n<meta name=\"twitter:card\" content=\"summary_large_image\" \/>\n<script type=\"application\/ld+json\" class=\"yoast-schema-graph\">{\"@context\":\"https:\/\/schema.org\",\"@graph\":[{\"@type\":\"WebPage\",\"@id\":\"https:\/\/budweiserbudvar.com\/uk\/\",\"url\":\"https:\/\/budweiserbudvar.com\/uk\/\",\"name\":\"Homepage - Budvar | UK\",\"isPartOf\":{\"@id\":\"https:\/\/budweiserbudvar.com\/uk\/#website\"},\"datePublished\":\"2019-08-29T16:36:09+00:00\",\"dateModified\":\"2022-01-18T15:11:29+00:00\",\"breadcrumb\":{\"@id\":\"https:\/\/budweiserbudvar.com\/uk\/#breadcrumb\"},\"inLanguage\":\"en-GB\",\"potentialAction\":[{\"@type\":\"ReadAction\",\"target\":[\"https:\/\/budweiserbudvar.com\/uk\/\"]}]},{\"@type\":\"BreadcrumbList\",\"@id\":\"https:\/\/budweiserbudvar.com\/uk\/#breadcrumb\",\"itemListElement\":[{\"@type\":\"ListItem\",\"position\":1,\"name\":\"Home\",\"item\":\"https:\/\/budweiserbudvar.com\/uk\/\"},{\"@type\":\"ListItem\",\"position\":2,\"name\":\"Homepage\"}]},{\"@type\":\"WebSite\",\"@id\":\"https:\/\/budweiserbudvar.com\/uk\/#website\",\"url\":\"https:\/\/budweiserbudvar.com\/uk\/\",\"name\":\"Budvar | UK\",\"description\":\"Budvar\",\"potentialAction\":[{\"@type\":\"SearchAction\",\"target\":{\"@type\":\"EntryPoint\",\"urlTemplate\":\"https:\/\/budweiserbudvar.com\/uk\/?s={search_term_string}\"},\"query-input\":{\"@type\":\"PropertyValueSpecification\",\"valueRequired\":true,\"valueName\":\"search_term_string\"}}],\"inLanguage\":\"en-GB\"}]}<\/script>\n<!-- \/ Yoast SEO plugin. -->","yoast_head_json":{"title":"Homepage - Budvar | UK","robots":{"index":"index","follow":"follow","max-snippet":"max-snippet:-1","max-image-preview":"max-image-preview:large","max-video-preview":"max-video-preview:-1"},"canonical":"https:\/\/budweiserbudvar.com\/uk\/","og_locale":"en_GB","og_type":"article","og_title":"Homepage - Budvar | UK","og_url":"https:\/\/budweiserbudvar.com\/uk\/","og_site_name":"Budvar | UK","article_modified_time":"2022-01-18T15:11:29+00:00","twitter_card":"summary_large_image","schema":{"@context":"https:\/\/schema.org","@graph":[{"@type":"WebPage","@id":"https:\/\/budweiserbudvar.com\/uk\/","url":"https:\/\/budweiserbudvar.com\/uk\/","name":"Homepage - Budvar | UK","isPartOf":{"@id":"https:\/\/budweiserbudvar.com\/uk\/#website"},"datePublished":"2019-08-29T16:36:09+00:00","dateModified":"2022-01-18T15:11:29+00:00","breadcrumb":{"@id":"https:\/\/budweiserbudvar.com\/uk\/#breadcrumb"},"inLanguage":"en-GB","potentialAction":[{"@type":"ReadAction","target":["https:\/\/budweiserbudvar.com\/uk\/"]}]},{"@type":"BreadcrumbList","@id":"https:\/\/budweiserbudvar.com\/uk\/#breadcrumb","itemListElement":[{"@type":"ListItem","position":1,"name":"Home","item":"https:\/\/budweiserbudvar.com\/uk\/"},{"@type":"ListItem","position":2,"name":"Homepage"}]},{"@type":"WebSite","@id":"https:\/\/budweiserbudvar.com\/uk\/#website","url":"https:\/\/budweiserbudvar.com\/uk\/","name":"Budvar | UK","description":"Budvar","potentialAction":[{"@type":"SearchAction","target":{"@type":"EntryPoint","urlTemplate":"https:\/\/budweiserbudvar.com\/uk\/?s={search_term_string}"},"query-input":{"@type":"PropertyValueSpecification","valueRequired":true,"valueName":"search_term_string"}}],"inLanguage":"en-GB"}]}},"acf":[],"_links":{"self":[{"href":"https:\/\/budweiserbudvar.com\/uk\/wp-json\/wp\/v2\/pages\/7","targetHints":{"allow":["GET"]}}],"collection":[{"href":"https:\/\/budweiserbudvar.com\/uk\/wp-json\/wp\/v2\/pages"}],"about":[{"href":"https:\/\/budweiserbudvar.com\/uk\/wp-json\/wp\/v2\/types\/page"}],"author":[{"embeddable":true,"href":"https:\/\/budweiserbudvar.com\/uk\/wp-json\/wp\/v2\/users\/1"}],"replies":[{"embeddable":true,"href":"https:\/\/budweiserbudvar.com\/uk\/wp-json\/wp\/v2\/comments?post=7"}],"version-history":[{"count":0,"href":"https:\/\/budweiserbudvar.com\/uk\/wp-json\/wp\/v2\/pages\/7\/revisions"}],"wp:attachment":[{"href":"https:\/\/budweiserbudvar.com\/uk\/wp-json\/wp\/v2\/media?parent=7"}],"curies":[{"name":"wp","href":"https:\/\/api.w.org\/{rel}","templated":true}]}}