{"id":2739,"date":"2019-11-08T15:47:29","date_gmt":"2019-11-08T15:47:29","guid":{"rendered":"http:\/\/budweiserbudvar.com\/uk\/?page_id=2739"},"modified":"2020-02-27T20:42:44","modified_gmt":"2020-02-27T20:42:44","slug":"disclaimer","status":"publish","type":"page","link":"https:\/\/budweiserbudvar.com\/uk\/disclaimer\/","title":{"rendered":"Disclaimer"},"content":{"rendered":"<div data-block_5dc5827d1a6ab class=\"hero-block align\">\n  <hero\n    block-styles=\"{&quot;background-color&quot;:&quot;#fffef8&quot;,&quot;background-size&quot;:&quot;cover&quot;,&quot;background-repeat&quot;:&quot;no-repeat&quot;}\"\n    block-styles-tablet=\"{&quot;background-size&quot;:&quot;cover&quot;,&quot;background-repeat&quot;:&quot;no-repeat&quot;}\"\n    block-styles-mobile=\"{&quot;background-size&quot;:&quot;cover&quot;,&quot;background-repeat&quot;:&quot;no-repeat&quot;}\"\n    height=\"\"\n    min-height=\"\"\n    text-center-width=\"{&quot;mobile&quot;:&quot;95&quot;,&quot;tablet&quot;:&quot;90&quot;,&quot;desktop&quot;:&quot;70&quot;}\"\n        scroll-down-show=\"\"\n    scroll-text=\"\"\n    scroll-text-default=\"Scroll\"\n    scroll-color-primary=\"#FFFFFF\"\n    scroll-color-secondary=\"#CA4A4F\"\n    mobile-overlay=\"\"\n    mobile-overlay-content=\"\"\n    mobile-overlay-button=\"null\"\n    mobile-overlay-color=\"\"\n    faded-background-image=\"\"\n  >\n    <template v-slot:text-center>\n                                    <div class=\"wysiwyg-container\">\n              <p>&nbsp;<\/p>\n<h3 class=\"text-uppercase\" style=\"text-align: center;\"><span style=\"color: #c39f56;\">Statement<\/span><\/h3>\n<p>&nbsp;<\/p>\n<h5 class=\"text-uppercase\"><span style=\"color: #ca4a4f;\">Statement of website use, privacy, copyright and responsibility disclaimer<\/span><\/h5>\n<h5 class=\"text-uppercase\"><span style=\"color: #ca4a4f;\">Statement of website use<\/span><\/h5>\n<p><span style=\"color: #3d3935;\">The website presentation of Budweiser Budvar, National Corporation has been created with the utmost effort to provide good usability. The website is used with the support of HTML 5 Specification, respecting correctness in terms of syntax and semiotics. The visual presentation is created in the cascade style (CSS) to provide the opportunity to display the website contents with other output devices. Due the special styles provided, all pages allow printing.While creating the website special attention was paid to define the texts in relative units, thus allowing size changes with the use of standard tools provided by internet browsers, to enable reading by users with disabilities.<\/span><\/p>\n<p>&nbsp;<\/p>\n<h5 class=\"text-uppercase\"><span style=\"color: #ca4a4f;\">Statement of copyright<\/span><\/h5>\n<p><span style=\"color: #3d3935;\">The content of the website is provided with a copyright on behalf of Budweiser Budvar, National Corporation, K. Sv\u011btl\u00e9 512\/4, \u010cesk\u00e9 Bud\u011bjovice 3, 370 04 \u010cesk\u00e9 Bud\u011bjovice, Czech Republic unless stated otherwise. Unless stated otherwise, the website <strong>www.budweiserbudvar.com\/uk<\/strong> is provided with a copyright in terms of the provisions of Act No. 121\/2000 Coll., on copyright and acts related to copyright, as amended (hereinafter the \u201cCopyright Act\u201c). Users of the website <strong>www.budweiserbudvar.com\/uk<\/strong> shall use and treat the contents of <strong>www.budweiserbudvar.com\/uk<\/strong>\u00a0pursuant to the Copyright Act, i.e. they are not allowed to modify the contents or breach copyright, in terms of the provisions of Sections 11 and 12 of the Copyright Act.<\/span><\/p>\n<p>&nbsp;<\/p>\n<h5 class=\"text-uppercase\"><span style=\"color: #ca4a4f;\">Responsibility disclaimer<\/span><\/h5>\n<p><span style=\"color: #3d3935;\">The sole aim of the website presentation Budweiser Budvar, National Corporation \u2013 <strong>www.budweiserbudvar.com\/uk<\/strong>\u00a0&#8211; is to provide information to the user. Although close attention is paid to the presentation of current and accurate information, mistakes or outdated information may occur. Therefore, the website cannot be considered a professional consultancy resource. Due to technical features and internet concepts, the information presented on the website may be modified without us &#8211; Budweiser Budvar, National Corporation \u2013 wanting or knowing it. If this is the case, we cannot be held responsible for information displayed due such an error.<\/span><br \/>\n<span style=\"color: #3d3935;\">This site contains links to other websites operated by third parties. These parties are beyond our control so we cannot be responsible for the contents of their websites in any way.<\/span><\/p>\n<p><span style=\"color: #3d3935;\">Budweiser Budvar, National Corporation, may update the information as reasonable, without notice.<\/span><\/p>\n<p><span style=\"color: #3d3935;\"><strong>\u00a9 2019 Budweiser Budvar, National Corporation<br \/>\nAll rights reserved<\/strong><\/span><\/p>\n\n            <\/div>\n                          <\/template>\n\n\n      <\/hero>\n<\/div>\n","protected":false},"excerpt":{"rendered":"","protected":false},"author":1,"featured_media":0,"parent":0,"menu_order":0,"comment_status":"closed","ping_status":"open","template":"","meta":{"_acf_changed":false,"footnotes":""},"class_list":["post-2739","page","type-page","status-publish","hentry"],"yoast_head":"<!-- This site is optimized with the Yoast SEO plugin v25.8 - https:\/\/yoast.com\/wordpress\/plugins\/seo\/ -->\n<title>Disclaimer - Budvar | UK<\/title>\n<meta name=\"robots\" content=\"index, follow, max-snippet:-1, max-image-preview:large, max-video-preview:-1\" \/>\n<link rel=\"canonical\" href=\"https:\/\/budweiserbudvar.com\/uk\/disclaimer\/\" \/>\n<meta property=\"og:locale\" content=\"en_GB\" \/>\n<meta property=\"og:type\" content=\"article\" \/>\n<meta property=\"og:title\" content=\"Disclaimer - Budvar | UK\" \/>\n<meta property=\"og:url\" content=\"https:\/\/budweiserbudvar.com\/uk\/disclaimer\/\" \/>\n<meta property=\"og:site_name\" content=\"Budvar | UK\" \/>\n<meta property=\"article:modified_time\" content=\"2020-02-27T20:42:44+00:00\" \/>\n<meta name=\"twitter:card\" content=\"summary_large_image\" \/>\n<script type=\"application\/ld+json\" class=\"yoast-schema-graph\">{\"@context\":\"https:\/\/schema.org\",\"@graph\":[{\"@type\":\"WebPage\",\"@id\":\"https:\/\/budweiserbudvar.com\/uk\/disclaimer\/\",\"url\":\"https:\/\/budweiserbudvar.com\/uk\/disclaimer\/\",\"name\":\"Disclaimer - Budvar | UK\",\"isPartOf\":{\"@id\":\"https:\/\/budweiserbudvar.com\/uk\/#website\"},\"datePublished\":\"2019-11-08T15:47:29+00:00\",\"dateModified\":\"2020-02-27T20:42:44+00:00\",\"breadcrumb\":{\"@id\":\"https:\/\/budweiserbudvar.com\/uk\/disclaimer\/#breadcrumb\"},\"inLanguage\":\"en-GB\",\"potentialAction\":[{\"@type\":\"ReadAction\",\"target\":[\"https:\/\/budweiserbudvar.com\/uk\/disclaimer\/\"]}]},{\"@type\":\"BreadcrumbList\",\"@id\":\"https:\/\/budweiserbudvar.com\/uk\/disclaimer\/#breadcrumb\",\"itemListElement\":[{\"@type\":\"ListItem\",\"position\":1,\"name\":\"Home\",\"item\":\"https:\/\/budweiserbudvar.com\/uk\/\"},{\"@type\":\"ListItem\",\"position\":2,\"name\":\"Disclaimer\"}]},{\"@type\":\"WebSite\",\"@id\":\"https:\/\/budweiserbudvar.com\/uk\/#website\",\"url\":\"https:\/\/budweiserbudvar.com\/uk\/\",\"name\":\"Budvar | UK\",\"description\":\"Budvar\",\"potentialAction\":[{\"@type\":\"SearchAction\",\"target\":{\"@type\":\"EntryPoint\",\"urlTemplate\":\"https:\/\/budweiserbudvar.com\/uk\/?s={search_term_string}\"},\"query-input\":{\"@type\":\"PropertyValueSpecification\",\"valueRequired\":true,\"valueName\":\"search_term_string\"}}],\"inLanguage\":\"en-GB\"}]}<\/script>\n<!-- \/ Yoast SEO plugin. -->","yoast_head_json":{"title":"Disclaimer - Budvar | UK","robots":{"index":"index","follow":"follow","max-snippet":"max-snippet:-1","max-image-preview":"max-image-preview:large","max-video-preview":"max-video-preview:-1"},"canonical":"https:\/\/budweiserbudvar.com\/uk\/disclaimer\/","og_locale":"en_GB","og_type":"article","og_title":"Disclaimer - Budvar | UK","og_url":"https:\/\/budweiserbudvar.com\/uk\/disclaimer\/","og_site_name":"Budvar | UK","article_modified_time":"2020-02-27T20:42:44+00:00","twitter_card":"summary_large_image","schema":{"@context":"https:\/\/schema.org","@graph":[{"@type":"WebPage","@id":"https:\/\/budweiserbudvar.com\/uk\/disclaimer\/","url":"https:\/\/budweiserbudvar.com\/uk\/disclaimer\/","name":"Disclaimer - Budvar | UK","isPartOf":{"@id":"https:\/\/budweiserbudvar.com\/uk\/#website"},"datePublished":"2019-11-08T15:47:29+00:00","dateModified":"2020-02-27T20:42:44+00:00","breadcrumb":{"@id":"https:\/\/budweiserbudvar.com\/uk\/disclaimer\/#breadcrumb"},"inLanguage":"en-GB","potentialAction":[{"@type":"ReadAction","target":["https:\/\/budweiserbudvar.com\/uk\/disclaimer\/"]}]},{"@type":"BreadcrumbList","@id":"https:\/\/budweiserbudvar.com\/uk\/disclaimer\/#breadcrumb","itemListElement":[{"@type":"ListItem","position":1,"name":"Home","item":"https:\/\/budweiserbudvar.com\/uk\/"},{"@type":"ListItem","position":2,"name":"Disclaimer"}]},{"@type":"WebSite","@id":"https:\/\/budweiserbudvar.com\/uk\/#website","url":"https:\/\/budweiserbudvar.com\/uk\/","name":"Budvar | UK","description":"Budvar","potentialAction":[{"@type":"SearchAction","target":{"@type":"EntryPoint","urlTemplate":"https:\/\/budweiserbudvar.com\/uk\/?s={search_term_string}"},"query-input":{"@type":"PropertyValueSpecification","valueRequired":true,"valueName":"search_term_string"}}],"inLanguage":"en-GB"}]}},"acf":[],"_links":{"self":[{"href":"https:\/\/budweiserbudvar.com\/uk\/wp-json\/wp\/v2\/pages\/2739","targetHints":{"allow":["GET"]}}],"collection":[{"href":"https:\/\/budweiserbudvar.com\/uk\/wp-json\/wp\/v2\/pages"}],"about":[{"href":"https:\/\/budweiserbudvar.com\/uk\/wp-json\/wp\/v2\/types\/page"}],"author":[{"embeddable":true,"href":"https:\/\/budweiserbudvar.com\/uk\/wp-json\/wp\/v2\/users\/1"}],"replies":[{"embeddable":true,"href":"https:\/\/budweiserbudvar.com\/uk\/wp-json\/wp\/v2\/comments?post=2739"}],"version-history":[{"count":0,"href":"https:\/\/budweiserbudvar.com\/uk\/wp-json\/wp\/v2\/pages\/2739\/revisions"}],"wp:attachment":[{"href":"https:\/\/budweiserbudvar.com\/uk\/wp-json\/wp\/v2\/media?parent=2739"}],"curies":[{"name":"wp","href":"https:\/\/api.w.org\/{rel}","templated":true}]}}