{"id":948,"date":"2019-10-23T11:15:27","date_gmt":"2019-10-23T11:15:27","guid":{"rendered":"http:\/\/budweiserbudvar.com\/sk\/?page_id=948"},"modified":"2020-02-27T21:54:09","modified_gmt":"2020-02-27T21:54:09","slug":"navstivte-pivovar","status":"publish","type":"page","link":"https:\/\/budweiserbudvar.com\/sk\/navstivte-pivovar\/","title":{"rendered":"Visit Us"},"content":{"rendered":"<div data-block_5db03d882dd82 class=\"hero-block align\">\n  <hero\n    block-styles=\"{&quot;background-image&quot;:&quot;url(https:\\\/\\\/budweiserbudvar.com\\\/sk\\\/wp-content\\\/uploads\\\/sites\\\/6\\\/2019\\\/12\\\/the-brew-kettles-in-the-brewhouse-visit-optim.jpg)&quot;,&quot;background-size&quot;:&quot;cover&quot;,&quot;background-repeat&quot;:&quot;no-repeat&quot;}\"\n    block-styles-tablet=\"{&quot;background-size&quot;:&quot;cover&quot;,&quot;background-repeat&quot;:&quot;no-repeat&quot;}\"\n    block-styles-mobile=\"{&quot;background-size&quot;:&quot;cover&quot;,&quot;background-repeat&quot;:&quot;no-repeat&quot;}\"\n    height=\"1px\"\n    min-height=\"calc(100vh - 100px)\"\n    text-center-width=\"{&quot;mobile&quot;:&quot;100&quot;,&quot;tablet&quot;:&quot;100&quot;,&quot;desktop&quot;:&quot;100&quot;}\"\n        scroll-down-show=\"1\"\n    scroll-text=\"\"\n    scroll-text-default=\"SKROLUJTE\"\n    scroll-color-primary=\"#ffffff\"\n    scroll-color-secondary=\"#f8f6e8\"\n    mobile-overlay=\"\"\n    mobile-overlay-content=\"\"\n    mobile-overlay-button=\"null\"\n    mobile-overlay-color=\"\"\n    faded-background-image=\"1\"\n  >\n    <template v-slot:text-center>\n                                    <div class=\"wysiwyg-container\">\n              <div class=\"lift-content-mobile-extra\">\n<h1 style=\"text-align: center; letter-spacing-big\"><span class=\"font-outline\">NAV\u0160T\u00cdVTE PIVOVAR<\/span><\/h1>\n<\/div>\n\n            <\/div>\n                          <\/template>\n\n\n                            <template v-slot:bottom>\n            <div class=\"lift-content-mobile-extra\">\n<h5 class=\"margin-globally-secondary-text\">PITIE \u010cERSTV\u00c9HO PIVA PRIAMO Z TANKOV V PIVNICIACH N\u00c1\u0160HO PIVOVARU JE JEDN\u00ddM Z T\u00ddCH NAJ\u00da\u017dASTNEJ\u0160\u00cdCH PIVN\u00ddCH Z\u00c1\u017dITKOV NA SVETE. PR\u00cd\u010eTE DO \u010cESK\u00ddCH BUD\u011aJOV\u00cdC A ZISTITE PRE\u010cO. <\/h5>\n<\/div>\n\n                      <\/template>\n\n                    <\/hero>\n<\/div>\n\n\n<div data-block_5db042222ee11 class=\"tours align tours-block\">\n  <section class=\"information bg-budvar-cream text-budvar-red py-2 py-md-5\">\n    <div class=\"container col-md-12 col-lg-10 col-xl-10\">\n      <div class=\"d-flex flex-wrap justify-content-center text-uppercase tours-title\">\n        <h3 class=\"text-center\">INFORM\u00c1CIE O NA\u0160ICH PREHLIADKACH <\/h3>\n      <\/div>\n      <div class=\"information-cards pb-5\">\n                              <div class=\"information-card\">\n              <div class=\"information-card-inner\">\n                <div class=\"min-max-height\">\n                  <h4 class=\"title text-center text-budvar-dark-red mb-3\">OTV\u00c1RACIE HODINY<\/h4>\n                  <div class=\"sub-title text-\">\n                    <p style=\"text-align: center;\">Denne<\/p>\n<p style=\"text-align: center;\">9.00 &#8211; 17.00<\/p>\n\n                  <\/div>\n                <\/div>\n                <div class=\"image\">\n                  <img decoding=\"async\" src=\"https:\/\/budweiserbudvar.com\/sk\/wp-content\/uploads\/sites\/6\/2019\/11\/budvar-visit-opening-hours.svg\" alt=\"\">\n                <\/div>\n              <\/div>\n            <\/div>\n                      <div class=\"information-card\">\n              <div class=\"information-card-inner\">\n                <div class=\"min-max-height\">\n                  <h4 class=\"title text-center text-budvar-dark-red mb-3\">D\u0139\u017dKA TRVANIA<\/h4>\n                  <div class=\"sub-title text-\">\n                    <p style=\"text-align: center;\">Prehliadka trv\u00e1<\/p>\n<p style=\"text-align: center;\">pribli\u017ene 60 min\u00fat<\/p>\n\n                  <\/div>\n                <\/div>\n                <div class=\"image\">\n                  <img decoding=\"async\" src=\"https:\/\/budweiserbudvar.com\/sk\/wp-content\/uploads\/sites\/6\/2019\/11\/budvar-visit-tour-duration.svg\" alt=\"\">\n                <\/div>\n              <\/div>\n            <\/div>\n                      <div class=\"information-card\">\n              <div class=\"information-card-inner\">\n                <div class=\"min-max-height\">\n                  <h4 class=\"title text-center text-budvar-dark-red mb-3\">CENA ZA PREHLIADKU<\/h4>\n                  <div class=\"sub-title text-\">\n                    <p style=\"text-align: center;\">Cena za prehliadku za\u010d\u00edna od 290 \u010cK<\/p>\n<p style=\"text-align: center;\">za osobu<\/p>\n\n                  <\/div>\n                <\/div>\n                <div class=\"image\">\n                  <img decoding=\"async\" src=\"https:\/\/budweiserbudvar.com\/sk\/wp-content\/uploads\/sites\/6\/2019\/11\/budvar-visit-tour-price.svg\" alt=\"\">\n                <\/div>\n              <\/div>\n            <\/div>\n                      <div class=\"information-card\">\n              <div class=\"information-card-inner\">\n                <div class=\"min-max-height\">\n                  <h4 class=\"title text-center text-budvar-dark-red mb-3\">JAZYK PREHLIADKY <\/h4>\n                  <div class=\"sub-title text-\">\n                    <p style=\"text-align: center;\">Prehliadky s\u00fa k dispoz\u00edcii v:<\/p>\n<p style=\"text-align: center;\">CZ, EN, DE, RU, FR, ES, IT<\/p>\n\n                  <\/div>\n                <\/div>\n                <div class=\"image\">\n                  <img decoding=\"async\" src=\"https:\/\/budweiserbudvar.com\/sk\/wp-content\/uploads\/sites\/6\/2019\/11\/budvar-visit-tour-language.svg\" alt=\"\">\n                <\/div>\n              <\/div>\n            <\/div>\n                        <\/div>\n    <\/div>\n  <\/section>\n  <section class=\"text-budvar-red font-proxima-nova\">\n    <div class=\"container col-md-12 col-lg-10 col-xl-10\">\n      <div class=\"d-flex flex-wrap justify-content-center text-uppercase tours-title\">\n        <h3>PODROBNOSTI O REZERV\u00c1CII<\/h3>\n      <\/div>\n      <div class=\"d-flex flex-wrap\">\n        <div class=\"table-container col-12 col-md-6 px-0 px-md-4\">\n          <table class=\"w-100 table\">\n            <thead>\n            <tr>\n              <th colspan=\"2\">\n                <div class=\"head\"><h4 class=\"text-budvar-dark-red\">PREHLIADKY BEZ REZERV\u00c1CIE <\/h4><\/div>\n              <\/th>\n            <\/tr>\n            <\/thead>\n            <tbody>\n                                                                                      <tr>\n                  <td>Mar &#8211; J\u00fan &amp; Sept \u2013 Dec<\/td>\n                  <td>denne, o\u00a014:00<\/td>\n                <\/tr>\n                                <tr>\n                  <td>J\u00fal \u2013 August<\/td>\n                  <td>denne, o\u00a010:00 a\u00a014:00<\/td>\n                <\/tr>\n                                <tr>\n                  <td>Janu\u00e1r \u2013 Febru\u00e1r<\/td>\n                  <td>od Pondelka do Soboty o\u00a014:00<\/td>\n                <\/tr>\n                                            <tr class=\"terms\">\n                <td colspan=\"2\"><h6 class=\"small\">Pravideln\u00e9 prehliadky sa konaj\u00fa v \u010de\u0161tine, Angli\u010dtine a Nem\u010dine.<\/h6>\n<\/td>\n              <\/tr>\n                                      <\/tbody>\n          <\/table>\n        <\/div>\n\n        <div class=\"table-container col-12 col-md-6 px-0 px-md-4\">\n          <table class=\"w-100 table\">\n            <thead>\n            <tr>\n              <th colspan=\"2\">\n                <div class=\"head\"><h4 class=\"text-budvar-dark-red\">KEDY JE POTREBN\u00c1 REZERV\u00c1CIA <\/h4><\/div>\n              <\/th>\n            <\/tr>\n            <\/thead>\n            <tbody>\n                                                                                      <tr>\n                  <td colspan=\"2\">1. Mimo prev\u00e1dzkovej doby<\/td>\n                <\/tr>\n                                <tr>\n                  <td colspan=\"2\">2. Pri prehliadkach v ru\u0161tine, franc\u00faz\u0161tine, \u0161paniel\u010dine a talian\u010dine <\/td>\n                <\/tr>\n                                <tr>\n                  <td colspan=\"2\">3. Skupiny nad 5 os\u00f4b*<\/td>\n                <\/tr>\n                                            <tr class=\"terms\">\n                <td colspan=\"2\"><h6 class=\"small\">*Upozor\u0148ujeme v\u00e1s, \u017ee maxim\u00e1lna kapacita jednej skupiny je 30 os\u00f4b<\/h6>\n<\/td>\n              <\/tr>\n                                      <\/tbody>\n          <\/table>\n        <\/div>\n      <\/div>\n\n      <div class=\"d-flex flex-wrap justify-content-center\">\n        <a href=\"mailto:excurse@budvar.cz\" class=\"book-a-tour\">REZERVUJTE SI PREHLIADKU <\/a>\n      <\/div>\n\n\n      <hr class=\"border-budvar-dark-red\">\n\n\n      <div class=\"d-flex flex-wrap justify-content-center text-uppercase tours-title\">\n        <h3>VSTUPN\u00c9 POPLATKY<\/h3>\n      <\/div>\n      <div class=\"d-flex flex-wrap\">\n        <div class=\"table-container col-12 col-md-6 px-0 px-md-4\">\n          <table class=\"w-100 table\">\n            <thead>\n            <tr>\n              <th colspan=\"2\">\n                <div class=\"head\"><h4 class=\"text-budvar-dark-red\">PO\u010cAS OTV\u00c1RAC\u00cdCH HOD\u00cdN <\/h4><\/div>\n              <\/th>\n            <\/tr>\n            <\/thead>\n            <tbody>\n                                                                                      <tr>\n                  <td>\u0160tandardn\u00fd vstupn\u00fd poplatok je<\/td>\n                  <td>290 \u010cK<\/td>\n                <\/tr>\n                                <tr>\n                  <td>Z\u013eavnen\u00fd vstupn\u00fd poplatok (\u0161tudenti, at\u010f.)<\/td>\n                  <td>220 \u010cK<\/td>\n                <\/tr>\n                                            <tr class=\"terms\">\n                <td colspan=\"2\"><\/td>\n              <\/tr>\n                                      <\/tbody>\n          <\/table>\n        <\/div>\n\n        <div class=\"table-container col-12 col-md-6 px-0 px-md-4\">\n          <table class=\"w-100 table\">\n            <thead>\n            <tr>\n              <th colspan=\"2\">\n                <div class=\"head\">\n                  <div><h4 class=\"text-budvar-dark-red\">MIMO OTV\u00c1RAC\u00cdCH HOD\u00cdN<\/h4><\/div>\n                <\/div>\n              <\/th>\n            <\/tr>\n            <\/thead>\n            <tbody>\n                                                                                      <tr>\n                  <td>\u0160tandardn\u00fd vstupn\u00fd poplatok je<\/td>\n                  <td>500 \u010cK<\/td>\n                <\/tr>\n                                <tr>\n                  <td>Z\u013eavnen\u00fd vstupn\u00fd poplatok (\u0161tudenti, at\u010f.)<\/td>\n                  <td>300 \u010cK<\/td>\n                <\/tr>\n                                            <tr class=\"terms\">\n                <td colspan=\"2\"><\/td>\n              <\/tr>\n                                      <\/tbody>\n          <\/table>\n        <\/div>\n      <\/div>\n    <\/div>\n    <div class=\"d-flex flex-wrap justify-content-center\">\n      <a href=\"mailto:excurse@budvar.cz\" class=\"book-a-tour\">REZERVUJTE SI PREHLIADKU <\/a>\n    <\/div>\n  <\/section>\n  <section class=\"before-you-visit bg-budvar-cream text-budvar-red py-2 py-md-5\">\n    <div class=\"container col-md-12 col-lg-10 col-xl-10\">\n      <div class=\"d-flex flex-wrap justify-content-center text-uppercase tours-title\">\n        <h3 class=\"text-center\">PRED VA\u0160OU N\u00c1V\u0160TEVOU<\/h3>\n      <\/div>\n      <div class=\"information-cards\">\n                            <div class=\"information-card\">\n            <div class=\"information-card-inner\">\n                            <div class=\"title\"><h4><span class=\"font-futura-pt-bold\" style=\"color: #ca4a4f;\">VECI, KTOR\u00c9 POTREBUJETE VEDIE\u0164 PRI PL\u00c1NOVAN\u00cd VA\u0160EJ N\u00c1V\u0160TEVY<\/span><\/h4>\n<\/div>\n            <\/div>\n          <\/div>\n                    <div class=\"information-card\">\n            <div class=\"information-card-inner\">\n                              <div class=\"image\">\n                  <img decoding=\"async\" src=\"https:\/\/budweiserbudvar.com\/sk\/wp-content\/uploads\/sites\/6\/2019\/11\/budvar-visit-wheelchairs.svg\" alt=\"\">\n                <\/div>\n                            <div class=\"title\"><h5 class=\"font-proxima-nova\" style=\"text-align: center; font-weight: bold;\"><span style=\"color: #ca4a4f;\">Na trase s\u00fa schody. Pre n\u00e1v\u0161tevn\u00edkov na invalidn\u00fdch voz\u00ed\u010dkoch m\u00f4\u017eeme zorganizova\u0165 samostatn\u00fa prehliadku. <\/span><\/h5>\n<\/div>\n            <\/div>\n          <\/div>\n                    <div class=\"information-card\">\n            <div class=\"information-card-inner\">\n                              <div class=\"image\">\n                  <img decoding=\"async\" src=\"https:\/\/budweiserbudvar.com\/sk\/wp-content\/uploads\/sites\/6\/2019\/11\/budvar-visit-bottling-room.svg\" alt=\"\">\n                <\/div>\n                            <div class=\"title\"><h5 class=\"font-proxima-nova\" style=\"text-align: center; font-weight: bold;\"><span style=\"color: #ca4a4f;\"><strong>Fla\u0161kov\u0148a nemus\u00ed by\u0165 v prev\u00e1dzke.<\/strong><\/span><\/h5>\n<\/div>\n            <\/div>\n          <\/div>\n                    <div class=\"information-card\">\n            <div class=\"information-card-inner\">\n                              <div class=\"image\">\n                  <img decoding=\"async\" src=\"https:\/\/budweiserbudvar.com\/sk\/wp-content\/uploads\/sites\/6\/2019\/11\/budvar-visit-temperature.svg\" alt=\"\">\n                <\/div>\n                            <div class=\"title\"><h5 class=\"font-proxima-nova\" style=\"text-align: center; font-weight: bold;\"><span style=\"color: #ca4a4f;\"><strong>Do pivnice si prineste tepl\u00e9 oble\u010denie. Teplota v pivnici je 2 \u00b0C.<\/strong><\/span><\/h5>\n<\/div>\n            <\/div>\n          <\/div>\n                    <div class=\"information-card\">\n            <div class=\"information-card-inner\">\n                              <div class=\"image\">\n                  <img decoding=\"async\" src=\"https:\/\/budweiserbudvar.com\/sk\/wp-content\/uploads\/sites\/6\/2019\/11\/budvar-visit-no-dogs.svg\" alt=\"\">\n                <\/div>\n                            <div class=\"title\"><h5 class=\"font-proxima-nova\" style=\"text-align: center; font-weight: bold;\"><span style=\"color: #ca4a4f;\">Psom nie je vstup povolen\u00fd.<\/span><\/h5>\n<\/div>\n            <\/div>\n          <\/div>\n                    <div class=\"information-card\">\n            <div class=\"information-card-inner\">\n                              <div class=\"image\">\n                  <img decoding=\"async\" src=\"https:\/\/budweiserbudvar.com\/sk\/wp-content\/uploads\/sites\/6\/2019\/11\/budvar-visit-over-18.svg\" alt=\"\">\n                <\/div>\n                            <div class=\"title\"><h5 class=\"font-proxima-nova\" style=\"text-align: center; font-weight: bold;\"><span style=\"color: #ca4a4f;\"><strong>Osob\u00e1m mlad\u0161\u00edm ako 18<\/strong>rokov nebude po\u010das ochutn\u00e1vky pon\u00faknut\u00e9 pivo.<\/span><\/h5>\n<\/div>\n            <\/div>\n          <\/div>\n                    <div class=\"information-card\">\n            <div class=\"information-card-inner\">\n                              <div class=\"image\">\n                  <img decoding=\"async\" src=\"https:\/\/budweiserbudvar.com\/sk\/wp-content\/uploads\/sites\/6\/2019\/11\/budvar-visit-late-arrivals.svg\" alt=\"\">\n                <\/div>\n                            <div class=\"title\"><h5 class=\"font-proxima-nova\" style=\"text-align: center; font-weight: bold;\"><span style=\"color: #ca4a4f;\">Ak objednan\u00e1 skupina me\u0161k\u00e1 na prehliadku bez ozn\u00e1menia viac, ako 15 min\u00fat, <strong>vyhradzujeme si pr\u00e1vo t\u00fato prehliadku zmeni\u0165, alebo zru\u0161i\u0165.<\/strong><\/span><\/h5>\n<\/div>\n            <\/div>\n          <\/div>\n                    <div class=\"information-card\">\n            <div class=\"information-card-inner\">\n                              <div class=\"image\">\n                  <img decoding=\"async\" src=\"https:\/\/budweiserbudvar.com\/sk\/wp-content\/uploads\/sites\/6\/2019\/11\/budvar-visit-how-to-reach-us.svg\" alt=\"\">\n                <\/div>\n                            <div class=\"title\"><h5 class=\"font-proxima-nova\" style=\"text-align: center; font-weight: bold;\"><span style=\"color: #ca4a4f;\">Ako sa k n\u00e1m dostanete:<br \/>\nBudweiser Budvar,<br \/>\nKarol\u00edny Sv\u011btl\u00e9 512\/4370 04<br \/>\n\u010cesk\u00e9 Bud\u011bjovice<br \/>\n+ 420 387 705 347<\/span><\/h5>\n<\/div>\n            <\/div>\n          <\/div>\n                        <\/div>\n    <\/div>\n    <div class=\"d-flex flex-wrap justify-content-center\">\n      <a href=\"mailto:excurse@budvar.cz\" class=\"book-a-tour\">REZERVUJTE SI PREHLIADKU <\/a>\n    <\/div>\n  <\/section>\n<\/div>\n\n\n<div data-block_5d6e75d1ef55c class=\"hero-block align\">\n  <hero\n    block-styles=\"{&quot;background-color&quot;:&quot;#cb4146&quot;,&quot;color&quot;:&quot;#ffffff&quot;,&quot;padding-top&quot;:&quot;60px&quot;,&quot;padding-bottom&quot;:&quot;60px&quot;,&quot;background-size&quot;:&quot;cover&quot;,&quot;background-repeat&quot;:&quot;no-repeat&quot;}\"\n    block-styles-tablet=\"{&quot;padding-top&quot;:&quot;px&quot;,&quot;padding-bottom&quot;:&quot;px&quot;,&quot;background-size&quot;:&quot;cover&quot;,&quot;background-repeat&quot;:&quot;no-repeat&quot;}\"\n    block-styles-mobile=\"{&quot;padding-top&quot;:&quot;px&quot;,&quot;padding-bottom&quot;:&quot;px&quot;,&quot;background-size&quot;:&quot;cover&quot;,&quot;background-repeat&quot;:&quot;no-repeat&quot;}\"\n    height=\"\"\n    min-height=\"\"\n    text-center-width=\"[]\"\n        scroll-down-show=\"\"\n    scroll-text=\"\"\n    scroll-text-default=\"SKROLUJTE\"\n    scroll-color-primary=\"\"\n    scroll-color-secondary=\"\"\n    mobile-overlay=\"\"\n    mobile-overlay-content=\"\"\n    mobile-overlay-button=\"null\"\n    mobile-overlay-color=\"\"\n    faded-background-image=\"\"\n  >\n    <template v-slot:text-center>\n                                  <div class=\"images-container\">\n            <div class=\"width-container\" style=\"width:  100% ;\">\n                                                            <div class=\"image col\" style=\"\">\n                  <img decoding=\"async\" class=\"img-fluid\" src=\"https:\/\/budweiserbudvar.com\/sk\/wp-content\/uploads\/sites\/6\/2019\/09\/greetings-from-the-republic-of-beer.svg\" alt=\"Greetings From The Republic Of Beer\" style=\"\">\n                <\/div>\n                                          <\/div>\n            <\/div>\n                            <\/template>\n\n\n      <\/hero>\n<\/div>\n","protected":false},"excerpt":{"rendered":"","protected":false},"author":1,"featured_media":0,"parent":0,"menu_order":0,"comment_status":"closed","ping_status":"closed","template":"","meta":{"_acf_changed":false,"footnotes":""},"class_list":["post-948","page","type-page","status-publish","hentry"],"yoast_head":"<!-- This site is optimized with the Yoast SEO plugin v25.8 - https:\/\/yoast.com\/wordpress\/plugins\/seo\/ -->\n<title>Visit Us - Budvar | SK<\/title>\n<meta name=\"robots\" content=\"index, follow, max-snippet:-1, max-image-preview:large, max-video-preview:-1\" \/>\n<link rel=\"canonical\" href=\"https:\/\/budweiserbudvar.com\/sk\/navstivte-pivovar\/\" \/>\n<meta property=\"og:locale\" content=\"sk_SK\" \/>\n<meta property=\"og:type\" content=\"article\" \/>\n<meta property=\"og:title\" content=\"Visit Us - Budvar | SK\" \/>\n<meta property=\"og:url\" content=\"https:\/\/budweiserbudvar.com\/sk\/navstivte-pivovar\/\" \/>\n<meta property=\"og:site_name\" content=\"Budvar | SK\" \/>\n<meta property=\"article:modified_time\" content=\"2020-02-27T21:54:09+00:00\" \/>\n<meta name=\"twitter:card\" content=\"summary_large_image\" \/>\n<script type=\"application\/ld+json\" class=\"yoast-schema-graph\">{\"@context\":\"https:\/\/schema.org\",\"@graph\":[{\"@type\":\"WebPage\",\"@id\":\"https:\/\/budweiserbudvar.com\/sk\/navstivte-pivovar\/\",\"url\":\"https:\/\/budweiserbudvar.com\/sk\/navstivte-pivovar\/\",\"name\":\"Visit Us - Budvar | SK\",\"isPartOf\":{\"@id\":\"https:\/\/budweiserbudvar.com\/sk\/#website\"},\"datePublished\":\"2019-10-23T11:15:27+00:00\",\"dateModified\":\"2020-02-27T21:54:09+00:00\",\"breadcrumb\":{\"@id\":\"https:\/\/budweiserbudvar.com\/sk\/navstivte-pivovar\/#breadcrumb\"},\"inLanguage\":\"sk-SK\",\"potentialAction\":[{\"@type\":\"ReadAction\",\"target\":[\"https:\/\/budweiserbudvar.com\/sk\/navstivte-pivovar\/\"]}]},{\"@type\":\"BreadcrumbList\",\"@id\":\"https:\/\/budweiserbudvar.com\/sk\/navstivte-pivovar\/#breadcrumb\",\"itemListElement\":[{\"@type\":\"ListItem\",\"position\":1,\"name\":\"Home\",\"item\":\"https:\/\/budweiserbudvar.com\/sk\/\"},{\"@type\":\"ListItem\",\"position\":2,\"name\":\"Visit Us\"}]},{\"@type\":\"WebSite\",\"@id\":\"https:\/\/budweiserbudvar.com\/sk\/#website\",\"url\":\"https:\/\/budweiserbudvar.com\/sk\/\",\"name\":\"Budvar | SK\",\"description\":\"Budvar\",\"potentialAction\":[{\"@type\":\"SearchAction\",\"target\":{\"@type\":\"EntryPoint\",\"urlTemplate\":\"https:\/\/budweiserbudvar.com\/sk\/?s={search_term_string}\"},\"query-input\":{\"@type\":\"PropertyValueSpecification\",\"valueRequired\":true,\"valueName\":\"search_term_string\"}}],\"inLanguage\":\"sk-SK\"}]}<\/script>\n<!-- \/ Yoast SEO plugin. -->","yoast_head_json":{"title":"Visit Us - Budvar | SK","robots":{"index":"index","follow":"follow","max-snippet":"max-snippet:-1","max-image-preview":"max-image-preview:large","max-video-preview":"max-video-preview:-1"},"canonical":"https:\/\/budweiserbudvar.com\/sk\/navstivte-pivovar\/","og_locale":"sk_SK","og_type":"article","og_title":"Visit Us - Budvar | SK","og_url":"https:\/\/budweiserbudvar.com\/sk\/navstivte-pivovar\/","og_site_name":"Budvar | SK","article_modified_time":"2020-02-27T21:54:09+00:00","twitter_card":"summary_large_image","schema":{"@context":"https:\/\/schema.org","@graph":[{"@type":"WebPage","@id":"https:\/\/budweiserbudvar.com\/sk\/navstivte-pivovar\/","url":"https:\/\/budweiserbudvar.com\/sk\/navstivte-pivovar\/","name":"Visit Us - Budvar | SK","isPartOf":{"@id":"https:\/\/budweiserbudvar.com\/sk\/#website"},"datePublished":"2019-10-23T11:15:27+00:00","dateModified":"2020-02-27T21:54:09+00:00","breadcrumb":{"@id":"https:\/\/budweiserbudvar.com\/sk\/navstivte-pivovar\/#breadcrumb"},"inLanguage":"sk-SK","potentialAction":[{"@type":"ReadAction","target":["https:\/\/budweiserbudvar.com\/sk\/navstivte-pivovar\/"]}]},{"@type":"BreadcrumbList","@id":"https:\/\/budweiserbudvar.com\/sk\/navstivte-pivovar\/#breadcrumb","itemListElement":[{"@type":"ListItem","position":1,"name":"Home","item":"https:\/\/budweiserbudvar.com\/sk\/"},{"@type":"ListItem","position":2,"name":"Visit Us"}]},{"@type":"WebSite","@id":"https:\/\/budweiserbudvar.com\/sk\/#website","url":"https:\/\/budweiserbudvar.com\/sk\/","name":"Budvar | SK","description":"Budvar","potentialAction":[{"@type":"SearchAction","target":{"@type":"EntryPoint","urlTemplate":"https:\/\/budweiserbudvar.com\/sk\/?s={search_term_string}"},"query-input":{"@type":"PropertyValueSpecification","valueRequired":true,"valueName":"search_term_string"}}],"inLanguage":"sk-SK"}]}},"acf":[],"_links":{"self":[{"href":"https:\/\/budweiserbudvar.com\/sk\/wp-json\/wp\/v2\/pages\/948","targetHints":{"allow":["GET"]}}],"collection":[{"href":"https:\/\/budweiserbudvar.com\/sk\/wp-json\/wp\/v2\/pages"}],"about":[{"href":"https:\/\/budweiserbudvar.com\/sk\/wp-json\/wp\/v2\/types\/page"}],"author":[{"embeddable":true,"href":"https:\/\/budweiserbudvar.com\/sk\/wp-json\/wp\/v2\/users\/1"}],"replies":[{"embeddable":true,"href":"https:\/\/budweiserbudvar.com\/sk\/wp-json\/wp\/v2\/comments?post=948"}],"version-history":[{"count":0,"href":"https:\/\/budweiserbudvar.com\/sk\/wp-json\/wp\/v2\/pages\/948\/revisions"}],"wp:attachment":[{"href":"https:\/\/budweiserbudvar.com\/sk\/wp-json\/wp\/v2\/media?parent=948"}],"curies":[{"name":"wp","href":"https:\/\/api.w.org\/{rel}","templated":true}]}}