{"id":1319,"date":"2019-10-26T16:55:08","date_gmt":"2019-10-26T16:55:08","guid":{"rendered":"http:\/\/budweiserbudvar.com\/sk\/?page_id=1319"},"modified":"2019-12-01T16:55:39","modified_gmt":"2019-12-01T16:55:39","slug":"404-page-not-found","status":"publish","type":"page","link":"https:\/\/budweiserbudvar.com\/sk\/404-page-not-found\/","title":{"rendered":"404 &#8211; Page Not Found"},"content":{"rendered":"<div data-block_5db479c9c49ae class=\"hero-block align\">\n  <hero\n    block-styles=\"{&quot;background-color&quot;:&quot;#fffef8&quot;,&quot;background-size&quot;:&quot;cover&quot;,&quot;background-repeat&quot;:&quot;no-repeat&quot;}\"\n    block-styles-tablet=\"{&quot;background-size&quot;:&quot;cover&quot;,&quot;background-repeat&quot;:&quot;no-repeat&quot;}\"\n    block-styles-mobile=\"{&quot;background-size&quot;:&quot;cover&quot;,&quot;background-repeat&quot;:&quot;no-repeat&quot;}\"\n    height=\"\"\n    min-height=\"calc(100vh - 100px)\"\n    text-center-width=\"{&quot;mobile&quot;:&quot;100&quot;,&quot;tablet&quot;:&quot;100&quot;,&quot;desktop&quot;:&quot;100&quot;}\"\n        scroll-down-show=\"\"\n    scroll-text=\"\"\n    scroll-text-default=\"SKROLUJTE\"\n    scroll-color-primary=\"#FFFFFF\"\n    scroll-color-secondary=\"#CA4A4F\"\n    mobile-overlay=\"\"\n    mobile-overlay-content=\"\"\n    mobile-overlay-button=\"null\"\n    mobile-overlay-color=\"\"\n    faded-background-image=\"\"\n  >\n    <template v-slot:text-center>\n                                    <div class=\"wysiwyg-container\">\n              <h1 style=\"text-align: center; color: #c39f56;\">UPS!<\/h1>\n<p style=\"text-align: center;\"><span style=\"color: #ca4a4f;\">Zd\u00e1 sa, \u017ee strana, ktor\u00fa h\u013ead\u00e1te, je pr\u00e1zdna.<\/span><br \/>\n<span style=\"color: #ca4a4f;\">Aby ste sa vr\u00e1tili do Republiky Piva, nav\u0161t\u00edvte na\u0161u domovsk\u00fa str\u00e1nku.<\/span><\/p>\n\n            <\/div>\n                                    <div class=\"images-container\">\n            <div class=\"width-container\" style=\"width:  40% ;\">\n                                                            <div class=\"image col\" style=\"\">\n                  <img decoding=\"async\" class=\"img-fluid\" src=\"https:\/\/budweiserbudvar.com\/sk\/wp-content\/uploads\/sites\/6\/2019\/11\/Budvar-404.svg\" alt=\"\" style=\"\">\n                <\/div>\n                                          <\/div>\n            <\/div>\n                            <\/template>\n\n\n      <\/hero>\n<\/div>\n","protected":false},"excerpt":{"rendered":"","protected":false},"author":1,"featured_media":0,"parent":0,"menu_order":0,"comment_status":"closed","ping_status":"closed","template":"","meta":{"_acf_changed":false,"footnotes":""},"class_list":["post-1319","page","type-page","status-publish","hentry"],"yoast_head":"<!-- This site is optimized with the Yoast SEO plugin v25.8 - https:\/\/yoast.com\/wordpress\/plugins\/seo\/ -->\n<title>404 - Page Not Found - Budvar | SK<\/title>\n<meta name=\"robots\" content=\"index, follow, max-snippet:-1, max-image-preview:large, max-video-preview:-1\" \/>\n<link rel=\"canonical\" href=\"https:\/\/budweiserbudvar.com\/sk\/404-page-not-found\/\" \/>\n<meta property=\"og:locale\" content=\"sk_SK\" \/>\n<meta property=\"og:type\" content=\"article\" \/>\n<meta property=\"og:title\" content=\"404 - Page Not Found - Budvar | SK\" \/>\n<meta property=\"og:url\" content=\"https:\/\/budweiserbudvar.com\/sk\/404-page-not-found\/\" \/>\n<meta property=\"og:site_name\" content=\"Budvar | SK\" \/>\n<meta property=\"article:modified_time\" content=\"2019-12-01T16:55:39+00:00\" \/>\n<meta name=\"twitter:card\" content=\"summary_large_image\" \/>\n<script type=\"application\/ld+json\" class=\"yoast-schema-graph\">{\"@context\":\"https:\/\/schema.org\",\"@graph\":[{\"@type\":\"WebPage\",\"@id\":\"https:\/\/budweiserbudvar.com\/sk\/404-page-not-found\/\",\"url\":\"https:\/\/budweiserbudvar.com\/sk\/404-page-not-found\/\",\"name\":\"404 - Page Not Found - Budvar | SK\",\"isPartOf\":{\"@id\":\"https:\/\/budweiserbudvar.com\/sk\/#website\"},\"datePublished\":\"2019-10-26T16:55:08+00:00\",\"dateModified\":\"2019-12-01T16:55:39+00:00\",\"breadcrumb\":{\"@id\":\"https:\/\/budweiserbudvar.com\/sk\/404-page-not-found\/#breadcrumb\"},\"inLanguage\":\"sk-SK\",\"potentialAction\":[{\"@type\":\"ReadAction\",\"target\":[\"https:\/\/budweiserbudvar.com\/sk\/404-page-not-found\/\"]}]},{\"@type\":\"BreadcrumbList\",\"@id\":\"https:\/\/budweiserbudvar.com\/sk\/404-page-not-found\/#breadcrumb\",\"itemListElement\":[{\"@type\":\"ListItem\",\"position\":1,\"name\":\"Home\",\"item\":\"https:\/\/budweiserbudvar.com\/sk\/\"},{\"@type\":\"ListItem\",\"position\":2,\"name\":\"404 &#8211; Page Not Found\"}]},{\"@type\":\"WebSite\",\"@id\":\"https:\/\/budweiserbudvar.com\/sk\/#website\",\"url\":\"https:\/\/budweiserbudvar.com\/sk\/\",\"name\":\"Budvar | SK\",\"description\":\"Budvar\",\"potentialAction\":[{\"@type\":\"SearchAction\",\"target\":{\"@type\":\"EntryPoint\",\"urlTemplate\":\"https:\/\/budweiserbudvar.com\/sk\/?s={search_term_string}\"},\"query-input\":{\"@type\":\"PropertyValueSpecification\",\"valueRequired\":true,\"valueName\":\"search_term_string\"}}],\"inLanguage\":\"sk-SK\"}]}<\/script>\n<!-- \/ Yoast SEO plugin. -->","yoast_head_json":{"title":"404 - Page Not Found - Budvar | SK","robots":{"index":"index","follow":"follow","max-snippet":"max-snippet:-1","max-image-preview":"max-image-preview:large","max-video-preview":"max-video-preview:-1"},"canonical":"https:\/\/budweiserbudvar.com\/sk\/404-page-not-found\/","og_locale":"sk_SK","og_type":"article","og_title":"404 - Page Not Found - Budvar | SK","og_url":"https:\/\/budweiserbudvar.com\/sk\/404-page-not-found\/","og_site_name":"Budvar | SK","article_modified_time":"2019-12-01T16:55:39+00:00","twitter_card":"summary_large_image","schema":{"@context":"https:\/\/schema.org","@graph":[{"@type":"WebPage","@id":"https:\/\/budweiserbudvar.com\/sk\/404-page-not-found\/","url":"https:\/\/budweiserbudvar.com\/sk\/404-page-not-found\/","name":"404 - Page Not Found - Budvar | SK","isPartOf":{"@id":"https:\/\/budweiserbudvar.com\/sk\/#website"},"datePublished":"2019-10-26T16:55:08+00:00","dateModified":"2019-12-01T16:55:39+00:00","breadcrumb":{"@id":"https:\/\/budweiserbudvar.com\/sk\/404-page-not-found\/#breadcrumb"},"inLanguage":"sk-SK","potentialAction":[{"@type":"ReadAction","target":["https:\/\/budweiserbudvar.com\/sk\/404-page-not-found\/"]}]},{"@type":"BreadcrumbList","@id":"https:\/\/budweiserbudvar.com\/sk\/404-page-not-found\/#breadcrumb","itemListElement":[{"@type":"ListItem","position":1,"name":"Home","item":"https:\/\/budweiserbudvar.com\/sk\/"},{"@type":"ListItem","position":2,"name":"404 &#8211; Page Not Found"}]},{"@type":"WebSite","@id":"https:\/\/budweiserbudvar.com\/sk\/#website","url":"https:\/\/budweiserbudvar.com\/sk\/","name":"Budvar | SK","description":"Budvar","potentialAction":[{"@type":"SearchAction","target":{"@type":"EntryPoint","urlTemplate":"https:\/\/budweiserbudvar.com\/sk\/?s={search_term_string}"},"query-input":{"@type":"PropertyValueSpecification","valueRequired":true,"valueName":"search_term_string"}}],"inLanguage":"sk-SK"}]}},"acf":[],"_links":{"self":[{"href":"https:\/\/budweiserbudvar.com\/sk\/wp-json\/wp\/v2\/pages\/1319","targetHints":{"allow":["GET"]}}],"collection":[{"href":"https:\/\/budweiserbudvar.com\/sk\/wp-json\/wp\/v2\/pages"}],"about":[{"href":"https:\/\/budweiserbudvar.com\/sk\/wp-json\/wp\/v2\/types\/page"}],"author":[{"embeddable":true,"href":"https:\/\/budweiserbudvar.com\/sk\/wp-json\/wp\/v2\/users\/1"}],"replies":[{"embeddable":true,"href":"https:\/\/budweiserbudvar.com\/sk\/wp-json\/wp\/v2\/comments?post=1319"}],"version-history":[{"count":0,"href":"https:\/\/budweiserbudvar.com\/sk\/wp-json\/wp\/v2\/pages\/1319\/revisions"}],"wp:attachment":[{"href":"https:\/\/budweiserbudvar.com\/sk\/wp-json\/wp\/v2\/media?parent=1319"}],"curies":[{"name":"wp","href":"https:\/\/api.w.org\/{rel}","templated":true}]}}