{"id":948,"date":"2019-10-23T11:15:27","date_gmt":"2019-10-23T11:15:27","guid":{"rendered":"http:\/\/budweiserbudvar.com\/pl\/?page_id=948"},"modified":"2020-05-08T12:58:17","modified_gmt":"2020-05-08T12:58:17","slug":"odwiedz-nas","status":"publish","type":"page","link":"https:\/\/budweiserbudvar.com\/pl\/odwiedz-nas\/","title":{"rendered":"Visit Us"},"content":{"rendered":"<div data-block_5db03d882dd82 class=\"hero-block align\">\n  <hero\n    block-styles=\"{&quot;background-image&quot;:&quot;url(https:\\\/\\\/budweiserbudvar.com\\\/pl\\\/wp-content\\\/uploads\\\/sites\\\/12\\\/2019\\\/12\\\/the-brew-kettles-in-the-brewhouse-visit-optim.jpg)&quot;,&quot;background-size&quot;:&quot;cover&quot;,&quot;background-repeat&quot;:&quot;no-repeat&quot;}\"\n    block-styles-tablet=\"{&quot;background-size&quot;:&quot;cover&quot;,&quot;background-repeat&quot;:&quot;no-repeat&quot;}\"\n    block-styles-mobile=\"{&quot;background-size&quot;:&quot;cover&quot;,&quot;background-repeat&quot;:&quot;no-repeat&quot;}\"\n    height=\"1px\"\n    min-height=\"calc(100vh - 100px)\"\n    text-center-width=\"{&quot;mobile&quot;:&quot;100&quot;,&quot;tablet&quot;:&quot;100&quot;,&quot;desktop&quot;:&quot;100&quot;}\"\n        scroll-down-show=\"1\"\n    scroll-text=\"\"\n    scroll-text-default=\"Przewi\u0144 w d\u00f3\u0142\"\n    scroll-color-primary=\"#ffffff\"\n    scroll-color-secondary=\"#f8f6e8\"\n    mobile-overlay=\"\"\n    mobile-overlay-content=\"\"\n    mobile-overlay-button=\"null\"\n    mobile-overlay-color=\"\"\n    faded-background-image=\"1\"\n  >\n    <template v-slot:text-center>\n                                    <div class=\"wysiwyg-container\">\n              <div class=\"lift-content-mobile-extra\">\n<h1 style=\"text-align: center;\"><span class=\"font-outline\">ODWIED\u0179 BROWAR<\/span><\/h1>\n<\/div>\n\n            <\/div>\n                          <\/template>\n\n\n                            <template v-slot:bottom>\n            <div class=\"lift-content-mobile-extra\">\n<h5 class=\"margin-globally-secondary-text\">WYPICIE BUDVARU PROSTO Z TANKA W PIWNICACH NASZEGO BROWARU TO JEDNO Z NAJLEPSZYCH PIWNYCH DO\u015aWIADCZE\u0143 NA \u015aWIECIE.<br \/>\nDOWIEDZ SI\u0118 DLACZEGO.<\/h5>\n<\/div>\n\n                      <\/template>\n\n                    <\/hero>\n<\/div>\n\n\n<div data-block_5db042222ee11 class=\"tours align tours-block\">\n  <section class=\"information bg-budvar-cream text-budvar-red py-2 py-md-5\">\n    <div class=\"container col-md-12 col-lg-10 col-xl-10\">\n      <div class=\"d-flex flex-wrap justify-content-center text-uppercase tours-title\">\n        <h3 class=\"text-center\">INFORMACJE O WYCIECZKACH<\/h3>\n      <\/div>\n      <div class=\"information-cards pb-5\">\n                              <div class=\"information-card\">\n              <div class=\"information-card-inner\">\n                <div class=\"min-max-height\">\n                  <h4 class=\"title text-center text-budvar-dark-red mb-3\">GODZINY OTWARCIA<\/h4>\n                  <div class=\"sub-title text-\">\n                    <p style=\"text-align: center;\">Codziennie<\/p>\n<p style=\"text-align: center;\">9.00 &#8211; 17.00<\/p>\n\n                  <\/div>\n                <\/div>\n                <div class=\"image\">\n                  <img decoding=\"async\" src=\"https:\/\/budweiserbudvar.com\/pl\/wp-content\/uploads\/sites\/12\/2019\/11\/budvar-visit-opening-hours.svg\" alt=\"\">\n                <\/div>\n              <\/div>\n            <\/div>\n                      <div class=\"information-card\">\n              <div class=\"information-card-inner\">\n                <div class=\"min-max-height\">\n                  <h4 class=\"title text-center text-budvar-dark-red mb-3\">CZAS TRWANIA<\/h4>\n                  <div class=\"sub-title text-\">\n                    <p style=\"text-align: center;\">Wycieczka trwa ok. 60 minut<\/p>\n\n                  <\/div>\n                <\/div>\n                <div class=\"image\">\n                  <img decoding=\"async\" src=\"https:\/\/budweiserbudvar.com\/pl\/wp-content\/uploads\/sites\/12\/2019\/11\/budvar-visit-tour-duration.svg\" alt=\"\">\n                <\/div>\n              <\/div>\n            <\/div>\n                      <div class=\"information-card\">\n              <div class=\"information-card-inner\">\n                <div class=\"min-max-height\">\n                  <h4 class=\"title text-center text-budvar-dark-red mb-3\">CENA WYCIECZKI<\/h4>\n                  <div class=\"sub-title text-\">\n                    <p>Ceny wycieczek zaczynaj\u0105 si\u0119 od 290 CZK od osoby<\/p>\n\n                  <\/div>\n                <\/div>\n                <div class=\"image\">\n                  <img decoding=\"async\" src=\"https:\/\/budweiserbudvar.com\/pl\/wp-content\/uploads\/sites\/12\/2019\/11\/budvar-visit-tour-price.svg\" alt=\"\">\n                <\/div>\n              <\/div>\n            <\/div>\n                      <div class=\"information-card\">\n              <div class=\"information-card-inner\">\n                <div class=\"min-max-height\">\n                  <h4 class=\"title text-center text-budvar-dark-red mb-3\">J\u0118ZYK WYCIECZKI<\/h4>\n                  <div class=\"sub-title text-\">\n                    <p style=\"text-align: center;\">Wycieczki dost\u0119pne s\u0105 w wybrancyh j\u0119zykach:<\/p>\n<p style=\"text-align: center;\">CZ, EN, DE, RU, FR, ES, IT<\/p>\n\n                  <\/div>\n                <\/div>\n                <div class=\"image\">\n                  <img decoding=\"async\" src=\"https:\/\/budweiserbudvar.com\/pl\/wp-content\/uploads\/sites\/12\/2019\/11\/budvar-visit-tour-language.svg\" alt=\"\">\n                <\/div>\n              <\/div>\n            <\/div>\n                        <\/div>\n    <\/div>\n  <\/section>\n  <section class=\"text-budvar-red font-proxima-nova\">\n    <div class=\"container col-md-12 col-lg-10 col-xl-10\">\n      <div class=\"d-flex flex-wrap justify-content-center text-uppercase tours-title\">\n        <h3>SZCZEG\u00d3\u0141Y DOT. REZERWACJI<\/h3>\n      <\/div>\n      <div class=\"d-flex flex-wrap\">\n        <div class=\"table-container col-12 col-md-6 px-0 px-md-4\">\n          <table class=\"w-100 table\">\n            <thead>\n            <tr>\n              <th colspan=\"2\">\n                <div class=\"head\"><h4 class=\"text-budvar-dark-red\">WYCIECZKI BEZ REZERWACJI<\/h4><\/div>\n              <\/th>\n            <\/tr>\n            <\/thead>\n            <tbody>\n                                                                                      <tr>\n                  <td>wrzesie\u0144\u2013czerwiec<\/td>\n                  <td>codziennie o 14:00<\/td>\n                <\/tr>\n                                <tr>\n                  <td>lipiec\u2013sierpie\u0144<\/td>\n                  <td>codziennie o 11:00 i 14:00<\/td>\n                <\/tr>\n                                <tr>\n                  <td>stycze\u0144\u2013luty<\/td>\n                  <td>od poniedzia\u0142ku do soboty o 14:00<\/td>\n                <\/tr>\n                                            <tr class=\"terms\">\n                <td colspan=\"2\"><h6 class=\"small\"><em>Regularne wycieczki odbywaj\u0105 si\u0119 w j\u0119zyku czeskim, angielskim i niemieckim.<\/em><\/h6>\n<\/td>\n              <\/tr>\n                                      <\/tbody>\n          <\/table>\n        <\/div>\n\n        <div class=\"table-container col-12 col-md-6 px-0 px-md-4\">\n          <table class=\"w-100 table\">\n            <thead>\n            <tr>\n              <th colspan=\"2\">\n                <div class=\"head\"><h4 class=\"text-budvar-dark-red\">KIEDY ZAREZERWOWA\u0106 WYCIECZK\u0118<\/h4><\/div>\n              <\/th>\n            <\/tr>\n            <\/thead>\n            <tbody>\n                                                                                      <tr>\n                  <td colspan=\"2\">1. Poza standardowymi godzinami dzia\u0142ania<\/td>\n                <\/tr>\n                                <tr>\n                  <td colspan=\"2\">2. W przypadku wycieczek w j\u0119zyku rosyjskim, francuskim, hiszpa\u0144skim i w\u0142oskim<\/td>\n                <\/tr>\n                                <tr>\n                  <td colspan=\"2\">3. W przypadku grup powy\u017cej 5 os\u00f3b*<\/td>\n                <\/tr>\n                                            <tr class=\"terms\">\n                <td colspan=\"2\"><h6 class=\"small\"><em>*Prosimy wzi\u0105\u0107 pod uwag\u0119, \u017ce maksymalna liczba os\u00f3b w grupie wynosi 30.<\/em><\/h6>\n<\/td>\n              <\/tr>\n                                      <\/tbody>\n          <\/table>\n        <\/div>\n      <\/div>\n\n      <div class=\"d-flex flex-wrap justify-content-center\">\n        <a href=\"mailto:excurse@budvar.cz\" class=\"book-a-tour\">ZAREZERWUJ WYCIECZK\u0118<\/a>\n      <\/div>\n\n\n      <hr class=\"border-budvar-dark-red\">\n\n\n      <div class=\"d-flex flex-wrap justify-content-center text-uppercase tours-title\">\n        <h3>CENNIK<\/h3>\n      <\/div>\n      <div class=\"d-flex flex-wrap\">\n        <div class=\"table-container col-12 col-md-6 px-0 px-md-4\">\n          <table class=\"w-100 table\">\n            <thead>\n            <tr>\n              <th colspan=\"2\">\n                <div class=\"head\"><h4 class=\"text-budvar-dark-red\">W GODZINACH OTWARCIA<\/h4><\/div>\n              <\/th>\n            <\/tr>\n            <\/thead>\n            <tbody>\n                                                                                      <tr>\n                  <td>Bilet standardowy<\/td>\n                  <td>290 CZK<\/td>\n                <\/tr>\n                                <tr>\n                  <td>Bilet ulgowy (studenci itp.)<\/td>\n                  <td>220 CZK<\/td>\n                <\/tr>\n                                            <tr class=\"terms\">\n                <td colspan=\"2\"><\/td>\n              <\/tr>\n                                      <\/tbody>\n          <\/table>\n        <\/div>\n\n        <div class=\"table-container col-12 col-md-6 px-0 px-md-4\">\n          <table class=\"w-100 table\">\n            <thead>\n            <tr>\n              <th colspan=\"2\">\n                <div class=\"head\">\n                  <div><h4 class=\"text-budvar-dark-red\">POZA GODZINAMI OTWARCIA<\/h4><\/div>\n                <\/div>\n              <\/th>\n            <\/tr>\n            <\/thead>\n            <tbody>\n                                                                                      <tr>\n                  <td>Bilet standardowy<\/td>\n                  <td>500 CZK<\/td>\n                <\/tr>\n                                <tr>\n                  <td>Bilet ulgowy (studenci itp.)<\/td>\n                  <td>300 CZK<\/td>\n                <\/tr>\n                                            <tr class=\"terms\">\n                <td colspan=\"2\"><\/td>\n              <\/tr>\n                                      <\/tbody>\n          <\/table>\n        <\/div>\n      <\/div>\n    <\/div>\n    <div class=\"d-flex flex-wrap justify-content-center\">\n      <a href=\"mailto:excurse@budvar.cz\" class=\"book-a-tour\">ZAREZERWUJ WYCIECZK\u0118<\/a>\n    <\/div>\n  <\/section>\n  <section class=\"before-you-visit bg-budvar-cream text-budvar-red py-2 py-md-5\">\n    <div class=\"container col-md-12 col-lg-10 col-xl-10\">\n      <div class=\"d-flex flex-wrap justify-content-center text-uppercase tours-title\">\n        <h3 class=\"text-center\">PRZED WIZYT\u0104<\/h3>\n      <\/div>\n      <div class=\"information-cards\">\n                            <div class=\"information-card\">\n            <div class=\"information-card-inner\">\n                            <div class=\"title\"><h4><span style=\"color: #ca4a4f;\">O CZYM NALE\u017bY PAMI\u0118TA\u0106 PLANUJ\u0104C WIZYT\u0118<\/span><\/h4>\n<\/div>\n            <\/div>\n          <\/div>\n                    <div class=\"information-card\">\n            <div class=\"information-card-inner\">\n                              <div class=\"image\">\n                  <img decoding=\"async\" src=\"https:\/\/budweiserbudvar.com\/pl\/wp-content\/uploads\/sites\/12\/2019\/11\/budvar-visit-wheelchairs.svg\" alt=\"\">\n                <\/div>\n                            <div class=\"title\"><h5 class=\"font-proxima-nova\" style=\"text-align: center; font-weight: bold;\"><span style=\"color: #ca4a4f;\">Trasa obejmuje miejsca ze schodami. Dla os\u00f3b na w\u00f3zkach inwalidzkich mo\u017cemy zaoferowa\u0107 indywidualn\u0105 wycieczk\u0119.<\/span><\/h5>\n<\/div>\n            <\/div>\n          <\/div>\n                    <div class=\"information-card\">\n            <div class=\"information-card-inner\">\n                              <div class=\"image\">\n                  <img decoding=\"async\" src=\"https:\/\/budweiserbudvar.com\/pl\/wp-content\/uploads\/sites\/12\/2019\/11\/budvar-visit-bottling-room.svg\" alt=\"\">\n                <\/div>\n                            <div class=\"title\"><h5 class=\"font-proxima-nova\" style=\"text-align: center; font-weight: bold;\"><span style=\"color: #ca4a4f;\">Pomieszczenie butelkowania mo\u017ce nie by\u0107 u\u017cywane w trakcie trwania wycieczki.<\/span><\/h5>\n<\/div>\n            <\/div>\n          <\/div>\n                    <div class=\"information-card\">\n            <div class=\"information-card-inner\">\n                              <div class=\"image\">\n                  <img decoding=\"async\" src=\"https:\/\/budweiserbudvar.com\/pl\/wp-content\/uploads\/sites\/12\/2019\/11\/budvar-visit-temperature.svg\" alt=\"\">\n                <\/div>\n                            <div class=\"title\"><h5 class=\"font-proxima-nova\" style=\"text-align: center; font-weight: bold;\"><span style=\"color: #ca4a4f;\">Do piwnicy nale\u017cy za\u0142o\u017cy\u0107 ciep\u0142e ubrania. Temperatura wynosi tam 2\u00b0C.<\/span><\/h5>\n<\/div>\n            <\/div>\n          <\/div>\n                    <div class=\"information-card\">\n            <div class=\"information-card-inner\">\n                              <div class=\"image\">\n                  <img decoding=\"async\" src=\"https:\/\/budweiserbudvar.com\/pl\/wp-content\/uploads\/sites\/12\/2019\/11\/budvar-visit-no-dogs.svg\" alt=\"\">\n                <\/div>\n                            <div class=\"title\"><h5 class=\"font-proxima-nova\" style=\"text-align: center; font-weight: bold;\"><span style=\"color: #ca4a4f;\">Zakaz wprowadzania ps\u00f3w.<\/span><\/h5>\n<\/div>\n            <\/div>\n          <\/div>\n                    <div class=\"information-card\">\n            <div class=\"information-card-inner\">\n                              <div class=\"image\">\n                  <img decoding=\"async\" src=\"https:\/\/budweiserbudvar.com\/pl\/wp-content\/uploads\/sites\/12\/2019\/11\/budvar-visit-over-18.svg\" alt=\"\">\n                <\/div>\n                            <div class=\"title\"><h5 class=\"font-proxima-nova\" style=\"text-align: center; font-weight: bold;\"><span style=\"color: #ca4a4f;\">Osoby poni\u017cej 18. roku \u017cycia nie otrzymaj\u0105 piwa podczas degustacji.<\/span><\/h5>\n<\/div>\n            <\/div>\n          <\/div>\n                    <div class=\"information-card\">\n            <div class=\"information-card-inner\">\n                              <div class=\"image\">\n                  <img decoding=\"async\" src=\"https:\/\/budweiserbudvar.com\/pl\/wp-content\/uploads\/sites\/12\/2019\/11\/budvar-visit-late-arrivals.svg\" alt=\"\">\n                <\/div>\n                            <div class=\"title\"><h5 class=\"font-proxima-nova\" style=\"text-align: center; font-weight: bold;\"><span style=\"color: #ca4a4f;\">Je\u015bli grupa z zarezerwowan\u0105 wycieczk\u0105 pojawi si\u0119 z ponad 15-minutowym sp\u00f3\u017anieniem bez uprzedzenia, zastrzegamy sobie prawo do prze\u0142o\u017cenia lub odwo\u0142ania wycieczki.<\/span><\/h5>\n<\/div>\n            <\/div>\n          <\/div>\n                    <div class=\"information-card\">\n            <div class=\"information-card-inner\">\n                              <div class=\"image\">\n                  <img decoding=\"async\" src=\"https:\/\/budweiserbudvar.com\/pl\/wp-content\/uploads\/sites\/12\/2019\/11\/budvar-visit-how-to-reach-us.svg\" alt=\"\">\n                <\/div>\n                            <div class=\"title\"><h5 class=\"font-proxima-nova\" style=\"text-align: center; font-weight: bold;\"><span style=\"color: #ca4a4f;\">Kontakt do nas:<br \/>\nBudweiser Budvar,<br \/>\nKarol\u00edny Sv\u011btl\u00e9 512\/4370 04<br \/>\n\u010cesk\u00e9 Bud\u011bjovice<br \/>\n+ 420 387 705 347<\/span><\/h5>\n<\/div>\n            <\/div>\n          <\/div>\n                        <\/div>\n    <\/div>\n    <div class=\"d-flex flex-wrap justify-content-center\">\n      <a href=\"mailto:excurse@budvar.cz\" class=\"book-a-tour\">ZAREZERWUJ WYCIECZK\u0118<\/a>\n    <\/div>\n  <\/section>\n<\/div>\n\n\n<div data-block_5d6e75d1ef55c class=\"hero-block align\">\n  <hero\n    block-styles=\"{&quot;background-color&quot;:&quot;#cb4146&quot;,&quot;color&quot;:&quot;#ffffff&quot;,&quot;padding-top&quot;:&quot;60px&quot;,&quot;padding-bottom&quot;:&quot;60px&quot;,&quot;background-size&quot;:&quot;cover&quot;,&quot;background-repeat&quot;:&quot;no-repeat&quot;}\"\n    block-styles-tablet=\"{&quot;padding-top&quot;:&quot;px&quot;,&quot;padding-bottom&quot;:&quot;px&quot;,&quot;background-size&quot;:&quot;cover&quot;,&quot;background-repeat&quot;:&quot;no-repeat&quot;}\"\n    block-styles-mobile=\"{&quot;padding-top&quot;:&quot;px&quot;,&quot;padding-bottom&quot;:&quot;px&quot;,&quot;background-size&quot;:&quot;cover&quot;,&quot;background-repeat&quot;:&quot;no-repeat&quot;}\"\n    height=\"\"\n    min-height=\"\"\n    text-center-width=\"[]\"\n        scroll-down-show=\"\"\n    scroll-text=\"\"\n    scroll-text-default=\"Przewi\u0144 w d\u00f3\u0142\"\n    scroll-color-primary=\"\"\n    scroll-color-secondary=\"\"\n    mobile-overlay=\"\"\n    mobile-overlay-content=\"\"\n    mobile-overlay-button=\"null\"\n    mobile-overlay-color=\"\"\n    faded-background-image=\"\"\n  >\n    <template v-slot:text-center>\n                                  <div class=\"images-container\">\n            <div class=\"width-container\" style=\"width:  100% ;\">\n                                                            <div class=\"image col\" style=\"\">\n                  <img decoding=\"async\" class=\"img-fluid\" src=\"https:\/\/budweiserbudvar.com\/pl\/wp-content\/uploads\/sites\/12\/2019\/09\/greetings-from-the-republic-of-beer.svg\" alt=\"Greetings From The Republic Of Beer\" style=\"\">\n                <\/div>\n                                          <\/div>\n            <\/div>\n                            <\/template>\n\n\n      <\/hero>\n<\/div>\n\n\n\n<p><\/p>\n","protected":false},"excerpt":{"rendered":"","protected":false},"author":1,"featured_media":0,"parent":0,"menu_order":0,"comment_status":"closed","ping_status":"closed","template":"","meta":{"_acf_changed":false,"footnotes":""},"class_list":["post-948","page","type-page","status-publish","hentry"],"yoast_head":"<!-- This site is optimized with the Yoast SEO plugin v25.8 - https:\/\/yoast.com\/wordpress\/plugins\/seo\/ -->\n<title>Visit Us - Budvar | PL<\/title>\n<meta name=\"robots\" content=\"index, follow, max-snippet:-1, max-image-preview:large, max-video-preview:-1\" \/>\n<link rel=\"canonical\" href=\"https:\/\/budweiserbudvar.com\/pl\/odwiedz-nas\/\" \/>\n<meta property=\"og:locale\" content=\"en_GB\" \/>\n<meta property=\"og:type\" content=\"article\" \/>\n<meta property=\"og:title\" content=\"Visit Us - Budvar | PL\" \/>\n<meta property=\"og:url\" content=\"https:\/\/budweiserbudvar.com\/pl\/odwiedz-nas\/\" \/>\n<meta property=\"og:site_name\" content=\"Budvar | PL\" \/>\n<meta property=\"article:modified_time\" content=\"2020-05-08T12:58:17+00:00\" \/>\n<meta name=\"twitter:card\" content=\"summary_large_image\" \/>\n<script type=\"application\/ld+json\" class=\"yoast-schema-graph\">{\"@context\":\"https:\/\/schema.org\",\"@graph\":[{\"@type\":\"WebPage\",\"@id\":\"https:\/\/budweiserbudvar.com\/pl\/odwiedz-nas\/\",\"url\":\"https:\/\/budweiserbudvar.com\/pl\/odwiedz-nas\/\",\"name\":\"Visit Us - Budvar | PL\",\"isPartOf\":{\"@id\":\"https:\/\/budweiserbudvar.com\/pl\/#website\"},\"datePublished\":\"2019-10-23T11:15:27+00:00\",\"dateModified\":\"2020-05-08T12:58:17+00:00\",\"breadcrumb\":{\"@id\":\"https:\/\/budweiserbudvar.com\/pl\/odwiedz-nas\/#breadcrumb\"},\"inLanguage\":\"en-GB\",\"potentialAction\":[{\"@type\":\"ReadAction\",\"target\":[\"https:\/\/budweiserbudvar.com\/pl\/odwiedz-nas\/\"]}]},{\"@type\":\"BreadcrumbList\",\"@id\":\"https:\/\/budweiserbudvar.com\/pl\/odwiedz-nas\/#breadcrumb\",\"itemListElement\":[{\"@type\":\"ListItem\",\"position\":1,\"name\":\"Home\",\"item\":\"https:\/\/budweiserbudvar.com\/pl\/\"},{\"@type\":\"ListItem\",\"position\":2,\"name\":\"Visit Us\"}]},{\"@type\":\"WebSite\",\"@id\":\"https:\/\/budweiserbudvar.com\/pl\/#website\",\"url\":\"https:\/\/budweiserbudvar.com\/pl\/\",\"name\":\"Budvar | PL\",\"description\":\"Budvar\",\"potentialAction\":[{\"@type\":\"SearchAction\",\"target\":{\"@type\":\"EntryPoint\",\"urlTemplate\":\"https:\/\/budweiserbudvar.com\/pl\/?s={search_term_string}\"},\"query-input\":{\"@type\":\"PropertyValueSpecification\",\"valueRequired\":true,\"valueName\":\"search_term_string\"}}],\"inLanguage\":\"en-GB\"}]}<\/script>\n<!-- \/ Yoast SEO plugin. -->","yoast_head_json":{"title":"Visit Us - Budvar | PL","robots":{"index":"index","follow":"follow","max-snippet":"max-snippet:-1","max-image-preview":"max-image-preview:large","max-video-preview":"max-video-preview:-1"},"canonical":"https:\/\/budweiserbudvar.com\/pl\/odwiedz-nas\/","og_locale":"en_GB","og_type":"article","og_title":"Visit Us - Budvar | PL","og_url":"https:\/\/budweiserbudvar.com\/pl\/odwiedz-nas\/","og_site_name":"Budvar | PL","article_modified_time":"2020-05-08T12:58:17+00:00","twitter_card":"summary_large_image","schema":{"@context":"https:\/\/schema.org","@graph":[{"@type":"WebPage","@id":"https:\/\/budweiserbudvar.com\/pl\/odwiedz-nas\/","url":"https:\/\/budweiserbudvar.com\/pl\/odwiedz-nas\/","name":"Visit Us - Budvar | PL","isPartOf":{"@id":"https:\/\/budweiserbudvar.com\/pl\/#website"},"datePublished":"2019-10-23T11:15:27+00:00","dateModified":"2020-05-08T12:58:17+00:00","breadcrumb":{"@id":"https:\/\/budweiserbudvar.com\/pl\/odwiedz-nas\/#breadcrumb"},"inLanguage":"en-GB","potentialAction":[{"@type":"ReadAction","target":["https:\/\/budweiserbudvar.com\/pl\/odwiedz-nas\/"]}]},{"@type":"BreadcrumbList","@id":"https:\/\/budweiserbudvar.com\/pl\/odwiedz-nas\/#breadcrumb","itemListElement":[{"@type":"ListItem","position":1,"name":"Home","item":"https:\/\/budweiserbudvar.com\/pl\/"},{"@type":"ListItem","position":2,"name":"Visit Us"}]},{"@type":"WebSite","@id":"https:\/\/budweiserbudvar.com\/pl\/#website","url":"https:\/\/budweiserbudvar.com\/pl\/","name":"Budvar | PL","description":"Budvar","potentialAction":[{"@type":"SearchAction","target":{"@type":"EntryPoint","urlTemplate":"https:\/\/budweiserbudvar.com\/pl\/?s={search_term_string}"},"query-input":{"@type":"PropertyValueSpecification","valueRequired":true,"valueName":"search_term_string"}}],"inLanguage":"en-GB"}]}},"acf":[],"_links":{"self":[{"href":"https:\/\/budweiserbudvar.com\/pl\/wp-json\/wp\/v2\/pages\/948","targetHints":{"allow":["GET"]}}],"collection":[{"href":"https:\/\/budweiserbudvar.com\/pl\/wp-json\/wp\/v2\/pages"}],"about":[{"href":"https:\/\/budweiserbudvar.com\/pl\/wp-json\/wp\/v2\/types\/page"}],"author":[{"embeddable":true,"href":"https:\/\/budweiserbudvar.com\/pl\/wp-json\/wp\/v2\/users\/1"}],"replies":[{"embeddable":true,"href":"https:\/\/budweiserbudvar.com\/pl\/wp-json\/wp\/v2\/comments?post=948"}],"version-history":[{"count":0,"href":"https:\/\/budweiserbudvar.com\/pl\/wp-json\/wp\/v2\/pages\/948\/revisions"}],"wp:attachment":[{"href":"https:\/\/budweiserbudvar.com\/pl\/wp-json\/wp\/v2\/media?parent=948"}],"curies":[{"name":"wp","href":"https:\/\/api.w.org\/{rel}","templated":true}]}}