{"id":2739,"date":"2019-11-08T15:47:29","date_gmt":"2019-11-08T15:47:29","guid":{"rendered":"http:\/\/budweiserbudvar.com\/pl\/?page_id=2739"},"modified":"2022-01-21T14:40:59","modified_gmt":"2022-01-21T14:40:59","slug":"zastrzezenie","status":"publish","type":"page","link":"https:\/\/budweiserbudvar.com\/pl\/zastrzezenie\/","title":{"rendered":"Disclaimer"},"content":{"rendered":"<div data-block_5dc5827d1a6ab class=\"hero-block align\">\n  <hero\n    block-styles=\"{&quot;background-color&quot;:&quot;#fffef8&quot;,&quot;background-size&quot;:&quot;cover&quot;,&quot;background-repeat&quot;:&quot;no-repeat&quot;}\"\n    block-styles-tablet=\"{&quot;background-size&quot;:&quot;cover&quot;,&quot;background-repeat&quot;:&quot;no-repeat&quot;}\"\n    block-styles-mobile=\"{&quot;background-size&quot;:&quot;cover&quot;,&quot;background-repeat&quot;:&quot;no-repeat&quot;}\"\n    height=\"\"\n    min-height=\"\"\n    text-center-width=\"{&quot;mobile&quot;:&quot;95&quot;,&quot;tablet&quot;:&quot;90&quot;,&quot;desktop&quot;:&quot;70&quot;}\"\n        scroll-down-show=\"\"\n    scroll-text=\"\"\n    scroll-text-default=\"Przewi\u0144 w d\u00f3\u0142\"\n    scroll-color-primary=\"#FFFFFF\"\n    scroll-color-secondary=\"#CA4A4F\"\n    mobile-overlay=\"\"\n    mobile-overlay-content=\"\"\n    mobile-overlay-button=\"null\"\n    mobile-overlay-color=\"\"\n    faded-background-image=\"\"\n  >\n    <template v-slot:text-center>\n                                    <div class=\"wysiwyg-container\">\n              <p>&nbsp;<\/p>\n<h3 class=\"text-uppercase\" style=\"text-align: center;\"><span style=\"color: #c39f56;\"><strong>ZASTRZE\u017bENIE<\/strong><\/span><\/h3>\n<h3><\/h3>\n<h3><span style=\"color: #c39f56;\">O\u015aWIADCZENIE<\/span><\/h3>\n<h5><span style=\"color: #ca4a4f;\">O\u015aWIADCZENIE DOT. KORZYSTANIA Z WITRYNY I ZRZECZENIE ODPOWIEDZIALNO\u015aCI<\/span><\/h5>\n<h5><\/h5>\n<h5><span style=\"color: #ca4a4f;\">O\u015aWIADCZENIE DOT. KORZYSTANIA Z WITRYNY<\/span><\/h5>\n<p><span style=\"color: #000000;\">Do\u0142o\u017cyli\u015bmy wszelkich stara\u0144, aby witryna Budweiser Budvar, National Corporation zosta\u0142a przygotowana tak, by zapewni\u0107 mo\u017cliwie najlepsz\u0105 funkcjonalno\u015b\u0107. Witryna przygotowana zosta\u0142a w oparciu o specyfikacj\u0119 HTML 5, uwzgl\u0119dniaj\u0105c poprawno\u015b\u0107 sk\u0142adni i semiotyki. Prezentacja wizualna zosta\u0142a stworzona w kaskadowych arkuszach stylu (CSS), aby zapewni\u0107 mo\u017cliwo\u015b\u0107 wy\u015bwietlania witryny na r\u00f3\u017cnych urz\u0105dzeniach wyj\u015bciowych. Ze wzgl\u0119du na wykorzystanie specjalnych styl\u00f3w, mo\u017cliwe jest wydrukowanie wszystkich stron. Podczas tworzenia witryny szczeg\u00f3ln\u0105 wag\u0119 przy\u0142o\u017cyli\u015bmy do zdefiniowania tekst\u00f3w w odpowiednich jednostkach, pozwalaj\u0105c na zmian\u0119 ich rozmiaru przy u\u017cyciu standardowych narz\u0119dzi zawartych w przegl\u0105darkach internetowych, aby u\u0142atwi\u0107 czytanie osobom niepe\u0142nosprawnym.<\/span><\/p>\n<h5><span style=\"color: #ca4a4f;\">INFORMACJA O PRAWACH AUTORSKICH<\/span><\/h5>\n<p><span style=\"color: #000000;\">O ile nie okre\u015blono inaczej, prawa autorskie do tre\u015bci pojawiaj\u0105cych si\u0119 na tej witrynie nale\u017c\u0105 do Budweiser Budvar, National Corporation, K. Sv\u011btl\u00e9 512\/4, \u010cesk\u00e9 Bud\u011bjovice 3, 370 04 Czeskie Budziejowice, Czechy. O ile nie okre\u015blono inaczej, witryna www.budweiserbudvar.com\/uk podlega prawom autorskim zgodnie z postanowieniami Ustawy nr 121\/2000 Coll. o prawie autorskim i przepisach z nim zwi\u0105zanych, z poprawkami (zwan\u0105 dalej \u201eUstaw\u0105 o prawie autorskim\u201d). U\u017cytkownicy witryny www.budweiserbudvar.com\/uk zobowi\u0105zani s\u0105 korzysta\u0107 z tre\u015bci www.budweiserbudvar.com\/uk zgodnie z Ustaw\u0105 o prawie autorskim, tj. nie mog\u0105 modyfikowa\u0107 jej zawarto\u015bci ani \u0142ama\u0107 praw autorskich, na podstawie ust\u0119p\u00f3w 11. i 12. Ustawy o prawie autorskim.<\/span><\/p>\n<h5><span style=\"color: #ca4a4f;\">ZRZECZENIE ODPOWIEDZIALNO\u015aCI<\/span><\/h5>\n<p><span style=\"color: #000000;\">Jedynym celem przedstawienia niniejszej witryny (Budweiser Budvar, National Corporation \u2013 www.budweiserbudvar.com\/uk) jest dostarczanie informacji u\u017cytkownikowi. Chocia\u017c przywi\u0105zujemy szczeg\u00f3ln\u0105 wag\u0119 do przedstawiania aktualnych i dok\u0142adnych informacji, na stronie mog\u0105 wyst\u0105pi\u0107 b\u0142\u0119dy lub nieaktualne informacje. Z tego wzgl\u0119du niniejszej witryny nie mo\u017cna uzna\u0107 za profesjonalne \u017ar\u00f3d\u0142o konsultacji. Ze wzgl\u0119du na funkcjonalno\u015b\u0107 techniczn\u0105 oraz specyfik\u0119 Internetu, informacje przedstawione w witrynie mog\u0105 by\u0107 modyfikowane bez naszej \u2014 tj. Budweiser Budvar, National Corporation \u2014 wiedzy oraz zgody. Je\u015bli zaistnieje taka sytuacja, nie ponosimy odpowiedzialno\u015bci za informacje prezentowane w wyniku takiego b\u0142\u0119du.<\/span><\/p>\n<p><span style=\"color: #000000;\">Niniejsza witryna zawiera linki do innych witryn prowadzonych przez strony trzecie. Witryny te s\u0105 poza nasz\u0105 kontrol\u0105, wi\u0119c w \u017caden spos\u00f3b nie mo\u017cemy ponosi\u0107 odpowiedzialno\u015bci za znajduj\u0105ce si\u0119 na nich tre\u015bci.<\/span><\/p>\n<p><span style=\"color: #000000;\">Budweiser Budvar, National Corporation mo\u017ce, bez wcze\u015bniejszego uprzedzenia, aktualizowa\u0107 informacje w rozs\u0105dnym zakresie.<\/span><\/p>\n<p><span style=\"color: #000000;\"><strong>\u00a9 2019 Budweiser Budvar, National Corporation<\/strong><\/span><\/p>\n<p><span style=\"color: #000000;\"><strong>Wszelkie prawa zastrze\u017cone<\/strong><\/span><\/p>\n\n            <\/div>\n                          <\/template>\n\n\n      <\/hero>\n<\/div>\n","protected":false},"excerpt":{"rendered":"","protected":false},"author":1,"featured_media":0,"parent":0,"menu_order":0,"comment_status":"closed","ping_status":"open","template":"","meta":{"_acf_changed":false,"footnotes":""},"class_list":["post-2739","page","type-page","status-publish","hentry"],"yoast_head":"<!-- This site is optimized with the Yoast SEO plugin v25.8 - https:\/\/yoast.com\/wordpress\/plugins\/seo\/ -->\n<title>Disclaimer - Budvar | PL<\/title>\n<meta name=\"robots\" content=\"index, follow, max-snippet:-1, max-image-preview:large, max-video-preview:-1\" \/>\n<link rel=\"canonical\" href=\"https:\/\/budweiserbudvar.com\/pl\/zastrzezenie\/\" \/>\n<meta property=\"og:locale\" content=\"en_GB\" \/>\n<meta property=\"og:type\" content=\"article\" \/>\n<meta property=\"og:title\" content=\"Disclaimer - Budvar | PL\" \/>\n<meta property=\"og:url\" content=\"https:\/\/budweiserbudvar.com\/pl\/zastrzezenie\/\" \/>\n<meta property=\"og:site_name\" content=\"Budvar | PL\" \/>\n<meta property=\"article:modified_time\" content=\"2022-01-21T14:40:59+00:00\" \/>\n<meta name=\"twitter:card\" content=\"summary_large_image\" \/>\n<script type=\"application\/ld+json\" class=\"yoast-schema-graph\">{\"@context\":\"https:\/\/schema.org\",\"@graph\":[{\"@type\":\"WebPage\",\"@id\":\"https:\/\/budweiserbudvar.com\/pl\/zastrzezenie\/\",\"url\":\"https:\/\/budweiserbudvar.com\/pl\/zastrzezenie\/\",\"name\":\"Disclaimer - Budvar | PL\",\"isPartOf\":{\"@id\":\"https:\/\/budweiserbudvar.com\/pl\/#website\"},\"datePublished\":\"2019-11-08T15:47:29+00:00\",\"dateModified\":\"2022-01-21T14:40:59+00:00\",\"breadcrumb\":{\"@id\":\"https:\/\/budweiserbudvar.com\/pl\/zastrzezenie\/#breadcrumb\"},\"inLanguage\":\"en-GB\",\"potentialAction\":[{\"@type\":\"ReadAction\",\"target\":[\"https:\/\/budweiserbudvar.com\/pl\/zastrzezenie\/\"]}]},{\"@type\":\"BreadcrumbList\",\"@id\":\"https:\/\/budweiserbudvar.com\/pl\/zastrzezenie\/#breadcrumb\",\"itemListElement\":[{\"@type\":\"ListItem\",\"position\":1,\"name\":\"Home\",\"item\":\"https:\/\/budweiserbudvar.com\/pl\/\"},{\"@type\":\"ListItem\",\"position\":2,\"name\":\"Disclaimer\"}]},{\"@type\":\"WebSite\",\"@id\":\"https:\/\/budweiserbudvar.com\/pl\/#website\",\"url\":\"https:\/\/budweiserbudvar.com\/pl\/\",\"name\":\"Budvar | PL\",\"description\":\"Budvar\",\"potentialAction\":[{\"@type\":\"SearchAction\",\"target\":{\"@type\":\"EntryPoint\",\"urlTemplate\":\"https:\/\/budweiserbudvar.com\/pl\/?s={search_term_string}\"},\"query-input\":{\"@type\":\"PropertyValueSpecification\",\"valueRequired\":true,\"valueName\":\"search_term_string\"}}],\"inLanguage\":\"en-GB\"}]}<\/script>\n<!-- \/ Yoast SEO plugin. -->","yoast_head_json":{"title":"Disclaimer - Budvar | PL","robots":{"index":"index","follow":"follow","max-snippet":"max-snippet:-1","max-image-preview":"max-image-preview:large","max-video-preview":"max-video-preview:-1"},"canonical":"https:\/\/budweiserbudvar.com\/pl\/zastrzezenie\/","og_locale":"en_GB","og_type":"article","og_title":"Disclaimer - Budvar | PL","og_url":"https:\/\/budweiserbudvar.com\/pl\/zastrzezenie\/","og_site_name":"Budvar | PL","article_modified_time":"2022-01-21T14:40:59+00:00","twitter_card":"summary_large_image","schema":{"@context":"https:\/\/schema.org","@graph":[{"@type":"WebPage","@id":"https:\/\/budweiserbudvar.com\/pl\/zastrzezenie\/","url":"https:\/\/budweiserbudvar.com\/pl\/zastrzezenie\/","name":"Disclaimer - Budvar | PL","isPartOf":{"@id":"https:\/\/budweiserbudvar.com\/pl\/#website"},"datePublished":"2019-11-08T15:47:29+00:00","dateModified":"2022-01-21T14:40:59+00:00","breadcrumb":{"@id":"https:\/\/budweiserbudvar.com\/pl\/zastrzezenie\/#breadcrumb"},"inLanguage":"en-GB","potentialAction":[{"@type":"ReadAction","target":["https:\/\/budweiserbudvar.com\/pl\/zastrzezenie\/"]}]},{"@type":"BreadcrumbList","@id":"https:\/\/budweiserbudvar.com\/pl\/zastrzezenie\/#breadcrumb","itemListElement":[{"@type":"ListItem","position":1,"name":"Home","item":"https:\/\/budweiserbudvar.com\/pl\/"},{"@type":"ListItem","position":2,"name":"Disclaimer"}]},{"@type":"WebSite","@id":"https:\/\/budweiserbudvar.com\/pl\/#website","url":"https:\/\/budweiserbudvar.com\/pl\/","name":"Budvar | PL","description":"Budvar","potentialAction":[{"@type":"SearchAction","target":{"@type":"EntryPoint","urlTemplate":"https:\/\/budweiserbudvar.com\/pl\/?s={search_term_string}"},"query-input":{"@type":"PropertyValueSpecification","valueRequired":true,"valueName":"search_term_string"}}],"inLanguage":"en-GB"}]}},"acf":[],"_links":{"self":[{"href":"https:\/\/budweiserbudvar.com\/pl\/wp-json\/wp\/v2\/pages\/2739","targetHints":{"allow":["GET"]}}],"collection":[{"href":"https:\/\/budweiserbudvar.com\/pl\/wp-json\/wp\/v2\/pages"}],"about":[{"href":"https:\/\/budweiserbudvar.com\/pl\/wp-json\/wp\/v2\/types\/page"}],"author":[{"embeddable":true,"href":"https:\/\/budweiserbudvar.com\/pl\/wp-json\/wp\/v2\/users\/1"}],"replies":[{"embeddable":true,"href":"https:\/\/budweiserbudvar.com\/pl\/wp-json\/wp\/v2\/comments?post=2739"}],"version-history":[{"count":0,"href":"https:\/\/budweiserbudvar.com\/pl\/wp-json\/wp\/v2\/pages\/2739\/revisions"}],"wp:attachment":[{"href":"https:\/\/budweiserbudvar.com\/pl\/wp-json\/wp\/v2\/media?parent=2739"}],"curies":[{"name":"wp","href":"https:\/\/api.w.org\/{rel}","templated":true}]}}