{"id":948,"date":"2019-10-23T11:15:27","date_gmt":"2019-10-23T11:15:27","guid":{"rendered":"http:\/\/budweiserbudvar.com\/hu\/?page_id=948"},"modified":"2020-05-21T20:35:44","modified_gmt":"2020-05-21T20:35:44","slug":"visit-us","status":"publish","type":"page","link":"https:\/\/budweiserbudvar.com\/hu\/visit-us\/","title":{"rendered":"Visit Us"},"content":{"rendered":"<div data-block_5db03d882dd82 class=\"hero-block align\">\n  <hero\n    block-styles=\"{&quot;background-image&quot;:&quot;url(https:\\\/\\\/budweiserbudvar.com\\\/hu\\\/wp-content\\\/uploads\\\/sites\\\/14\\\/2019\\\/12\\\/the-brew-kettles-in-the-brewhouse-visit-optim.jpg)&quot;,&quot;background-size&quot;:&quot;cover&quot;,&quot;background-repeat&quot;:&quot;no-repeat&quot;}\"\n    block-styles-tablet=\"{&quot;background-size&quot;:&quot;cover&quot;,&quot;background-repeat&quot;:&quot;no-repeat&quot;}\"\n    block-styles-mobile=\"{&quot;background-size&quot;:&quot;cover&quot;,&quot;background-repeat&quot;:&quot;no-repeat&quot;}\"\n    height=\"1px\"\n    min-height=\"calc(100vh - 100px)\"\n    text-center-width=\"{&quot;mobile&quot;:&quot;100&quot;,&quot;tablet&quot;:&quot;100&quot;,&quot;desktop&quot;:&quot;100&quot;}\"\n        scroll-down-show=\"1\"\n    scroll-text=\"\"\n    scroll-text-default=\"G\u00f6rgess lejjebb\"\n    scroll-color-primary=\"#ffffff\"\n    scroll-color-secondary=\"#f8f6e8\"\n    mobile-overlay=\"\"\n    mobile-overlay-content=\"\"\n    mobile-overlay-button=\"null\"\n    mobile-overlay-color=\"\"\n    faded-background-image=\"1\"\n  >\n    <template v-slot:text-center>\n                                    <div class=\"wysiwyg-container\">\n              <div class=\"lift-content-mobile-extra\">\n<h1 style=\"text-align: center;\"><span class=\"font-outline\">L\u00c1TOGASS EL A S\u00d6RF\u0150ZD\u00c9NKBE!<\/span><\/h1>\n<\/div>\n\n            <\/div>\n                          <\/template>\n\n\n                            <template v-slot:bottom>\n            <div class=\"lift-content-mobile-extra\">\n<h5 class=\"margin-globally-secondary-text\">FRISS BUDVART KORTYOLGATNI PINC\u00c9INKBEN, EGYENESEN A TART\u00c1LYOKB\u00d3L? A VIL\u00c1GON AZ EGYIK LEGJOBB S\u00d6R\u00d6S \u00c9LM\u00c9NY! TUDD MEG, MI\u00c9RT!<\/h5>\n<\/div>\n\n                      <\/template>\n\n                    <\/hero>\n<\/div>\n\n\n<div data-block_5db042222ee11 class=\"tours align tours-block\">\n  <section class=\"information bg-budvar-cream text-budvar-red py-2 py-md-5\">\n    <div class=\"container col-md-12 col-lg-10 col-xl-10\">\n      <div class=\"d-flex flex-wrap justify-content-center text-uppercase tours-title\">\n        <h3 class=\"text-center\">GY\u00c1RL\u00c1TOGAT\u00c1SSAL KAPCSOLATOS INFORM\u00c1CI\u00d3K<\/h3>\n      <\/div>\n      <div class=\"information-cards pb-5\">\n                              <div class=\"information-card\">\n              <div class=\"information-card-inner\">\n                <div class=\"min-max-height\">\n                  <h4 class=\"title text-center text-budvar-dark-red mb-3\">NYITVA TART\u00c1S<\/h4>\n                  <div class=\"sub-title text-\">\n                    <p style=\"text-align: center;\">Naponta<\/p>\n<p style=\"text-align: center;\">09:00 \u2013 17:00<\/p>\n\n                  <\/div>\n                <\/div>\n                <div class=\"image\">\n                  <img decoding=\"async\" src=\"https:\/\/budweiserbudvar.com\/hu\/wp-content\/uploads\/sites\/14\/2019\/11\/budvar-visit-opening-hours.svg\" alt=\"\">\n                <\/div>\n              <\/div>\n            <\/div>\n                      <div class=\"information-card\">\n              <div class=\"information-card-inner\">\n                <div class=\"min-max-height\">\n                  <h4 class=\"title text-center text-budvar-dark-red mb-3\">ID\u0150TARTAM<\/h4>\n                  <div class=\"sub-title text-\">\n                    <p style=\"text-align: center;\">A gy\u00e1rl\u00e1togat\u00e1s kb. 60 percig tart<\/p>\n\n                  <\/div>\n                <\/div>\n                <div class=\"image\">\n                  <img decoding=\"async\" src=\"https:\/\/budweiserbudvar.com\/hu\/wp-content\/uploads\/sites\/14\/2019\/11\/budvar-visit-tour-duration.svg\" alt=\"\">\n                <\/div>\n              <\/div>\n            <\/div>\n                      <div class=\"information-card\">\n              <div class=\"information-card-inner\">\n                <div class=\"min-max-height\">\n                  <h4 class=\"title text-center text-budvar-dark-red mb-3\">\u00c1RAK<\/h4>\n                  <div class=\"sub-title text-\">\n                    <p style=\"text-align: center;\">A gy\u00e1rl\u00e1togat\u00e1s \u00e1ra 290 CZK\/f\u0151n\u00e9l kezd\u0151dik.<\/p>\n\n                  <\/div>\n                <\/div>\n                <div class=\"image\">\n                  <img decoding=\"async\" src=\"https:\/\/budweiserbudvar.com\/hu\/wp-content\/uploads\/sites\/14\/2019\/11\/budvar-visit-tour-price.svg\" alt=\"\">\n                <\/div>\n              <\/div>\n            <\/div>\n                      <div class=\"information-card\">\n              <div class=\"information-card-inner\">\n                <div class=\"min-max-height\">\n                  <h4 class=\"title text-center text-budvar-dark-red mb-3\">GY\u00c1RL\u00c1TOGAT\u00c1S NYELVE<\/h4>\n                  <div class=\"sub-title text-\">\n                    <p style=\"text-align: center;\">A gy\u00e1rl\u00e1togat\u00e1s az al\u00e1bbi nyelveken \u00e9rhet\u0151 el:<\/p>\n<p style=\"text-align: center;\">Cseh, angol, n\u00e9met, orosz, francia, spanyol, olasz<\/p>\n\n                  <\/div>\n                <\/div>\n                <div class=\"image\">\n                  <img decoding=\"async\" src=\"https:\/\/budweiserbudvar.com\/hu\/wp-content\/uploads\/sites\/14\/2019\/11\/budvar-visit-tour-language.svg\" alt=\"\">\n                <\/div>\n              <\/div>\n            <\/div>\n                        <\/div>\n    <\/div>\n  <\/section>\n  <section class=\"text-budvar-red font-proxima-nova\">\n    <div class=\"container col-md-12 col-lg-10 col-xl-10\">\n      <div class=\"d-flex flex-wrap justify-content-center text-uppercase tours-title\">\n        <h3>FOGLAL\u00c1SI INFORM\u00c1CI\u00d3K <\/h3>\n      <\/div>\n      <div class=\"d-flex flex-wrap\">\n        <div class=\"table-container col-12 col-md-6 px-0 px-md-4\">\n          <table class=\"w-100 table\">\n            <thead>\n            <tr>\n              <th colspan=\"2\">\n                <div class=\"head\"><h4 class=\"text-budvar-dark-red\">GY\u00c1RL\u00c1TOGAT\u00c1S EL\u0150ZETES FOGLAL\u00c1S N\u00c9LK\u00dcL<\/h4><\/div>\n              <\/th>\n            <\/tr>\n            <\/thead>\n            <tbody>\n                                                                                      <tr>\n                  <td>Szeptember \u2013 j\u00fanius<\/td>\n                  <td>naponta, 14:00-kor <\/td>\n                <\/tr>\n                                <tr>\n                  <td>J\u00falius \u2013 augusztus<\/td>\n                  <td>naponta 11:00-kor \u00e9s 14:00-kor <\/td>\n                <\/tr>\n                                <tr>\n                  <td>Janu\u00e1r \u2013 febru\u00e1r<\/td>\n                  <td>h\u00e9tf\u0151t\u0151l szombatig 14:00-kor <\/td>\n                <\/tr>\n                                            <tr class=\"terms\">\n                <td colspan=\"2\"><h6 class=\"small\"><em>Rendszeresen tartunk gy\u00e1rl\u00e1togat\u00e1st cseh, angol \u00e9s n\u00e9met nyelven.<\/em><\/h6>\n<\/td>\n              <\/tr>\n                                      <\/tbody>\n          <\/table>\n        <\/div>\n\n        <div class=\"table-container col-12 col-md-6 px-0 px-md-4\">\n          <table class=\"w-100 table\">\n            <thead>\n            <tr>\n              <th colspan=\"2\">\n                <div class=\"head\"><h4 class=\"text-budvar-dark-red\">MIKOR KELL EL\u0150RE FOGLALNI?<\/h4><\/div>\n              <\/th>\n            <\/tr>\n            <\/thead>\n            <tbody>\n                                                                                      <tr>\n                  <td colspan=\"2\">1. A rendes id\u0151n k\u00edv\u00fcl<\/td>\n                <\/tr>\n                                <tr>\n                  <td colspan=\"2\">2. Ha orosz, francia, spanyol \u00e9s olasz nyelven tartott gy\u00e1rl\u00e1togat\u00e1st szeretn\u00e9l.<\/td>\n                <\/tr>\n                                <tr>\n                  <td colspan=\"2\">3. 5 f\u0151n\u00e9l nagyobb csoportok eset\u00e9n.*<\/td>\n                <\/tr>\n                                            <tr class=\"terms\">\n                <td colspan=\"2\"><h6 class=\"small\"><em>*K\u00e9rj\u00fck, vedd figyelembe, hogy maximum 30 f\u0151s csoportokat tudunk fogadni.<\/em><\/h6>\n<\/td>\n              <\/tr>\n                                      <\/tbody>\n          <\/table>\n        <\/div>\n      <\/div>\n\n      <div class=\"d-flex flex-wrap justify-content-center\">\n        <a href=\"mailto:excurse@budvar.cz\" class=\"book-a-tour\">GY\u00c1RL\u00c1TOGAT\u00c1S FOGLAL\u00c1SA<\/a>\n      <\/div>\n\n\n      <hr class=\"border-budvar-dark-red\">\n\n\n      <div class=\"d-flex flex-wrap justify-content-center text-uppercase tours-title\">\n        <h3>BEL\u00c9P\u0150D\u00cdJAK<\/h3>\n      <\/div>\n      <div class=\"d-flex flex-wrap\">\n        <div class=\"table-container col-12 col-md-6 px-0 px-md-4\">\n          <table class=\"w-100 table\">\n            <thead>\n            <tr>\n              <th colspan=\"2\">\n                <div class=\"head\"><h4 class=\"text-budvar-dark-red\">NYITVATART\u00c1SI ID\u0150 ALATT <\/h4><\/div>\n              <\/th>\n            <\/tr>\n            <\/thead>\n            <tbody>\n                                                                                      <tr>\n                  <td>Teljes \u00e1r\u00fa jegy \t\t<\/td>\n                  <td>290 CZK<\/td>\n                <\/tr>\n                                <tr>\n                  <td>Kedvezm\u00e9nyes jegy (di\u00e1kok stb.)  <\/td>\n                  <td>220 CZK<\/td>\n                <\/tr>\n                                            <tr class=\"terms\">\n                <td colspan=\"2\"><\/td>\n              <\/tr>\n                                      <\/tbody>\n          <\/table>\n        <\/div>\n\n        <div class=\"table-container col-12 col-md-6 px-0 px-md-4\">\n          <table class=\"w-100 table\">\n            <thead>\n            <tr>\n              <th colspan=\"2\">\n                <div class=\"head\">\n                  <div><h4 class=\"text-budvar-dark-red\">NYITVATART\u00c1SI ID\u0150N K\u00cdV\u00dcL<\/h4><\/div>\n                <\/div>\n              <\/th>\n            <\/tr>\n            <\/thead>\n            <tbody>\n                                                                                      <tr>\n                  <td>Teljes \u00e1r\u00fa jegy <\/td>\n                  <td>500 CZK<\/td>\n                <\/tr>\n                                <tr>\n                  <td>Kedvezm\u00e9nyes jegy (di\u00e1kok stb.) \t           <\/td>\n                  <td>300 CZK<\/td>\n                <\/tr>\n                                            <tr class=\"terms\">\n                <td colspan=\"2\"><\/td>\n              <\/tr>\n                                      <\/tbody>\n          <\/table>\n        <\/div>\n      <\/div>\n    <\/div>\n    <div class=\"d-flex flex-wrap justify-content-center\">\n      <a href=\"mailto:excurse@budvar.cz\" class=\"book-a-tour\">GY\u00c1RL\u00c1TOGAT\u00c1S FOGLAL\u00c1SA<\/a>\n    <\/div>\n  <\/section>\n  <section class=\"before-you-visit bg-budvar-cream text-budvar-red py-2 py-md-5\">\n    <div class=\"container col-md-12 col-lg-10 col-xl-10\">\n      <div class=\"d-flex flex-wrap justify-content-center text-uppercase tours-title\">\n        <h3 class=\"text-center\">L\u00c1TOGAT\u00c1S EL\u0150TT<\/h3>\n      <\/div>\n      <div class=\"information-cards\">\n                            <div class=\"information-card\">\n            <div class=\"information-card-inner\">\n                            <div class=\"title\"><h4><span class=\"font-futura-pt-bold\" style=\"color: #ca4a4f;\">FONTOS INFORM\u00c1CI\u00d3K L\u00c1TOGAT\u00c1SOD MEGTERVEZ\u00c9S\u00c9HEZ<\/span><\/h4>\n<\/div>\n            <\/div>\n          <\/div>\n                    <div class=\"information-card\">\n            <div class=\"information-card-inner\">\n                              <div class=\"image\">\n                  <img decoding=\"async\" src=\"https:\/\/budweiserbudvar.com\/hu\/wp-content\/uploads\/sites\/14\/2019\/11\/budvar-visit-wheelchairs.svg\" alt=\"\">\n                <\/div>\n                            <div class=\"title\"><h5 class=\"font-proxima-nova\" style=\"text-align: center; font-weight: bold;\"><span style=\"color: #ca4a4f;\">Az \u00fatvonal nem akad\u00e1lymentes\u00edtett.<strong>Kerekessz\u00e9kes l\u00e1togat\u00f3ink sz\u00e1m\u00e1ra egy\u00e9ni gy\u00e1rl\u00e1togat\u00e1st tudunk szervezni.<\/strong><\/span><\/h5>\n<\/div>\n            <\/div>\n          <\/div>\n                    <div class=\"information-card\">\n            <div class=\"information-card-inner\">\n                              <div class=\"image\">\n                  <img decoding=\"async\" src=\"https:\/\/budweiserbudvar.com\/hu\/wp-content\/uploads\/sites\/14\/2019\/11\/budvar-visit-bottling-room.svg\" alt=\"\">\n                <\/div>\n                            <div class=\"title\"><h5 class=\"font-proxima-nova\" style=\"text-align: center; font-weight: bold;\"><span style=\"color: #ca4a4f;\"><strong>Nem biztos, hogy l\u00e1togat\u00e1sod idej\u00e9n a palackoz\u00f3 terem \u00fczemelni fog.<\/strong><\/span><\/h5>\n<\/div>\n            <\/div>\n          <\/div>\n                    <div class=\"information-card\">\n            <div class=\"information-card-inner\">\n                              <div class=\"image\">\n                  <img decoding=\"async\" src=\"https:\/\/budweiserbudvar.com\/hu\/wp-content\/uploads\/sites\/14\/2019\/11\/budvar-visit-temperature.svg\" alt=\"\">\n                <\/div>\n                            <div class=\"title\"><h5 class=\"font-proxima-nova\" style=\"text-align: center; font-weight: bold;\"><span style=\"color: #ca4a4f;\"><strong>Hozz magaddal meleg ruh\u00e1t a pinc\u00e9be! A h\u0151m\u00e9rs\u00e9klet csak 2\u00b0C.<\/strong><\/span><\/h5>\n<\/div>\n            <\/div>\n          <\/div>\n                    <div class=\"information-card\">\n            <div class=\"information-card-inner\">\n                              <div class=\"image\">\n                  <img decoding=\"async\" src=\"https:\/\/budweiserbudvar.com\/hu\/wp-content\/uploads\/sites\/14\/2019\/11\/budvar-visit-no-dogs.svg\" alt=\"\">\n                <\/div>\n                            <div class=\"title\"><h5 class=\"font-proxima-nova\" style=\"text-align: center; font-weight: bold;\"><span style=\"color: #ca4a4f;\">Tilos kuty\u00e1t behozni.<\/span><\/h5>\n<\/div>\n            <\/div>\n          <\/div>\n                    <div class=\"information-card\">\n            <div class=\"information-card-inner\">\n                              <div class=\"image\">\n                  <img decoding=\"async\" src=\"https:\/\/budweiserbudvar.com\/hu\/wp-content\/uploads\/sites\/14\/2019\/11\/budvar-visit-over-18.svg\" alt=\"\">\n                <\/div>\n                            <div class=\"title\"><h5 class=\"font-proxima-nova\" style=\"text-align: center; font-weight: bold;\"><span style=\"color: #ca4a4f;\"><strong>18 \u00e9ven aluli szem\u00e9lyeknek nem szolg\u00e1lunk fel s\u00f6rt a k\u00f3stol\u00e1s alatt.<\/strong><\/span><\/h5>\n<\/div>\n            <\/div>\n          <\/div>\n                    <div class=\"information-card\">\n            <div class=\"information-card-inner\">\n                              <div class=\"image\">\n                  <img decoding=\"async\" src=\"https:\/\/budweiserbudvar.com\/hu\/wp-content\/uploads\/sites\/14\/2019\/11\/budvar-visit-late-arrivals.svg\" alt=\"\">\n                <\/div>\n                            <div class=\"title\"><h5 class=\"font-proxima-nova\" style=\"text-align: center; font-weight: bold;\"><span style=\"color: #ca4a4f;\">Ha egy csoport \u00e9rtes\u00edt\u00e9s n\u00e9lk\u00fcl t\u00f6bb mint 15 percet k\u00e9sik a lefoglalt gy\u00e1rl\u00e1togat\u00e1sr\u00f3l, fenntartjuk a jogot arra, hogy m\u00e1sik id\u0151pontra tegy\u00fck \u00e1t vagy lemondjuk a l\u00e1togat\u00e1st.<\/span><\/h5>\n<\/div>\n            <\/div>\n          <\/div>\n                    <div class=\"information-card\">\n            <div class=\"information-card-inner\">\n                              <div class=\"image\">\n                  <img decoding=\"async\" src=\"https:\/\/budweiserbudvar.com\/hu\/wp-content\/uploads\/sites\/14\/2019\/11\/budvar-visit-how-to-reach-us.svg\" alt=\"\">\n                <\/div>\n                            <div class=\"title\"><h5 style=\"text-align: center;\"><span style=\"color: #ca4a4f;\">Kapcsolatfelv\u00e9tel:<\/span><\/h5>\n<h5 style=\"text-align: center;\"><span style=\"color: #ca4a4f;\">Budweiser Budvar,<\/span><\/h5>\n<h5 style=\"text-align: center;\"><span style=\"color: #ca4a4f;\">Karol\u00edny Sv\u011btl\u00e9 512\/4370 04<br \/>\n\u010cesk\u00e9 Bud\u011bjovice<\/span><\/h5>\n<h5 style=\"text-align: center;\"><span style=\"color: #ca4a4f;\">+ 420 387 705 347<\/span><\/h5>\n<\/div>\n            <\/div>\n          <\/div>\n                        <\/div>\n    <\/div>\n    <div class=\"d-flex flex-wrap justify-content-center\">\n      <a href=\"mailto:excurse@budvar.cz\" class=\"book-a-tour\">GY\u00c1RL\u00c1TOGAT\u00c1S FOGLAL\u00c1SA<\/a>\n    <\/div>\n  <\/section>\n<\/div>\n\n\n<div data-block_5d6e75d1ef55c class=\"hero-block align\">\n  <hero\n    block-styles=\"{&quot;background-color&quot;:&quot;#cb4146&quot;,&quot;color&quot;:&quot;#ffffff&quot;,&quot;padding-top&quot;:&quot;60px&quot;,&quot;padding-bottom&quot;:&quot;60px&quot;,&quot;background-size&quot;:&quot;cover&quot;,&quot;background-repeat&quot;:&quot;no-repeat&quot;}\"\n    block-styles-tablet=\"{&quot;padding-top&quot;:&quot;px&quot;,&quot;padding-bottom&quot;:&quot;px&quot;,&quot;background-size&quot;:&quot;cover&quot;,&quot;background-repeat&quot;:&quot;no-repeat&quot;}\"\n    block-styles-mobile=\"{&quot;padding-top&quot;:&quot;px&quot;,&quot;padding-bottom&quot;:&quot;px&quot;,&quot;background-size&quot;:&quot;cover&quot;,&quot;background-repeat&quot;:&quot;no-repeat&quot;}\"\n    height=\"\"\n    min-height=\"\"\n    text-center-width=\"[]\"\n        scroll-down-show=\"\"\n    scroll-text=\"\"\n    scroll-text-default=\"G\u00f6rgess lejjebb\"\n    scroll-color-primary=\"\"\n    scroll-color-secondary=\"\"\n    mobile-overlay=\"\"\n    mobile-overlay-content=\"\"\n    mobile-overlay-button=\"null\"\n    mobile-overlay-color=\"\"\n    faded-background-image=\"\"\n  >\n    <template v-slot:text-center>\n                                  <div class=\"images-container\">\n            <div class=\"width-container\" style=\"width:  100% ;\">\n                                                            <div class=\"image col\" style=\"\">\n                  <img decoding=\"async\" class=\"img-fluid\" src=\"https:\/\/budweiserbudvar.com\/hu\/wp-content\/uploads\/sites\/14\/2019\/09\/greetings-from-the-republic-of-beer.svg\" alt=\"Greetings From The Republic Of Beer\" style=\"\">\n                <\/div>\n                                          <\/div>\n            <\/div>\n                            <\/template>\n\n\n      <\/hero>\n<\/div>\n","protected":false},"excerpt":{"rendered":"","protected":false},"author":1,"featured_media":0,"parent":0,"menu_order":0,"comment_status":"closed","ping_status":"closed","template":"","meta":{"_acf_changed":false,"footnotes":""},"class_list":["post-948","page","type-page","status-publish","hentry"],"yoast_head":"<!-- This site is optimized with the Yoast SEO plugin v25.8 - https:\/\/yoast.com\/wordpress\/plugins\/seo\/ -->\n<title>Visit Us - Budvar | HU<\/title>\n<meta name=\"robots\" content=\"index, follow, max-snippet:-1, max-image-preview:large, max-video-preview:-1\" \/>\n<link rel=\"canonical\" href=\"https:\/\/budweiserbudvar.com\/hu\/visit-us\/\" \/>\n<meta property=\"og:locale\" content=\"en_GB\" \/>\n<meta property=\"og:type\" content=\"article\" \/>\n<meta property=\"og:title\" content=\"Visit Us - Budvar | HU\" \/>\n<meta property=\"og:url\" content=\"https:\/\/budweiserbudvar.com\/hu\/visit-us\/\" \/>\n<meta property=\"og:site_name\" content=\"Budvar | HU\" \/>\n<meta property=\"article:modified_time\" content=\"2020-05-21T20:35:44+00:00\" \/>\n<meta name=\"twitter:card\" content=\"summary_large_image\" \/>\n<script type=\"application\/ld+json\" class=\"yoast-schema-graph\">{\"@context\":\"https:\/\/schema.org\",\"@graph\":[{\"@type\":\"WebPage\",\"@id\":\"https:\/\/budweiserbudvar.com\/hu\/visit-us\/\",\"url\":\"https:\/\/budweiserbudvar.com\/hu\/visit-us\/\",\"name\":\"Visit Us - Budvar | HU\",\"isPartOf\":{\"@id\":\"https:\/\/budweiserbudvar.com\/hu\/#website\"},\"datePublished\":\"2019-10-23T11:15:27+00:00\",\"dateModified\":\"2020-05-21T20:35:44+00:00\",\"breadcrumb\":{\"@id\":\"https:\/\/budweiserbudvar.com\/hu\/visit-us\/#breadcrumb\"},\"inLanguage\":\"en-GB\",\"potentialAction\":[{\"@type\":\"ReadAction\",\"target\":[\"https:\/\/budweiserbudvar.com\/hu\/visit-us\/\"]}]},{\"@type\":\"BreadcrumbList\",\"@id\":\"https:\/\/budweiserbudvar.com\/hu\/visit-us\/#breadcrumb\",\"itemListElement\":[{\"@type\":\"ListItem\",\"position\":1,\"name\":\"Home\",\"item\":\"https:\/\/budweiserbudvar.com\/hu\/\"},{\"@type\":\"ListItem\",\"position\":2,\"name\":\"Visit Us\"}]},{\"@type\":\"WebSite\",\"@id\":\"https:\/\/budweiserbudvar.com\/hu\/#website\",\"url\":\"https:\/\/budweiserbudvar.com\/hu\/\",\"name\":\"Budvar | HU\",\"description\":\"Budvar\",\"potentialAction\":[{\"@type\":\"SearchAction\",\"target\":{\"@type\":\"EntryPoint\",\"urlTemplate\":\"https:\/\/budweiserbudvar.com\/hu\/?s={search_term_string}\"},\"query-input\":{\"@type\":\"PropertyValueSpecification\",\"valueRequired\":true,\"valueName\":\"search_term_string\"}}],\"inLanguage\":\"en-GB\"}]}<\/script>\n<!-- \/ Yoast SEO plugin. -->","yoast_head_json":{"title":"Visit Us - Budvar | HU","robots":{"index":"index","follow":"follow","max-snippet":"max-snippet:-1","max-image-preview":"max-image-preview:large","max-video-preview":"max-video-preview:-1"},"canonical":"https:\/\/budweiserbudvar.com\/hu\/visit-us\/","og_locale":"en_GB","og_type":"article","og_title":"Visit Us - Budvar | HU","og_url":"https:\/\/budweiserbudvar.com\/hu\/visit-us\/","og_site_name":"Budvar | HU","article_modified_time":"2020-05-21T20:35:44+00:00","twitter_card":"summary_large_image","schema":{"@context":"https:\/\/schema.org","@graph":[{"@type":"WebPage","@id":"https:\/\/budweiserbudvar.com\/hu\/visit-us\/","url":"https:\/\/budweiserbudvar.com\/hu\/visit-us\/","name":"Visit Us - Budvar | HU","isPartOf":{"@id":"https:\/\/budweiserbudvar.com\/hu\/#website"},"datePublished":"2019-10-23T11:15:27+00:00","dateModified":"2020-05-21T20:35:44+00:00","breadcrumb":{"@id":"https:\/\/budweiserbudvar.com\/hu\/visit-us\/#breadcrumb"},"inLanguage":"en-GB","potentialAction":[{"@type":"ReadAction","target":["https:\/\/budweiserbudvar.com\/hu\/visit-us\/"]}]},{"@type":"BreadcrumbList","@id":"https:\/\/budweiserbudvar.com\/hu\/visit-us\/#breadcrumb","itemListElement":[{"@type":"ListItem","position":1,"name":"Home","item":"https:\/\/budweiserbudvar.com\/hu\/"},{"@type":"ListItem","position":2,"name":"Visit Us"}]},{"@type":"WebSite","@id":"https:\/\/budweiserbudvar.com\/hu\/#website","url":"https:\/\/budweiserbudvar.com\/hu\/","name":"Budvar | HU","description":"Budvar","potentialAction":[{"@type":"SearchAction","target":{"@type":"EntryPoint","urlTemplate":"https:\/\/budweiserbudvar.com\/hu\/?s={search_term_string}"},"query-input":{"@type":"PropertyValueSpecification","valueRequired":true,"valueName":"search_term_string"}}],"inLanguage":"en-GB"}]}},"acf":[],"_links":{"self":[{"href":"https:\/\/budweiserbudvar.com\/hu\/wp-json\/wp\/v2\/pages\/948","targetHints":{"allow":["GET"]}}],"collection":[{"href":"https:\/\/budweiserbudvar.com\/hu\/wp-json\/wp\/v2\/pages"}],"about":[{"href":"https:\/\/budweiserbudvar.com\/hu\/wp-json\/wp\/v2\/types\/page"}],"author":[{"embeddable":true,"href":"https:\/\/budweiserbudvar.com\/hu\/wp-json\/wp\/v2\/users\/1"}],"replies":[{"embeddable":true,"href":"https:\/\/budweiserbudvar.com\/hu\/wp-json\/wp\/v2\/comments?post=948"}],"version-history":[{"count":0,"href":"https:\/\/budweiserbudvar.com\/hu\/wp-json\/wp\/v2\/pages\/948\/revisions"}],"wp:attachment":[{"href":"https:\/\/budweiserbudvar.com\/hu\/wp-json\/wp\/v2\/media?parent=948"}],"curies":[{"name":"wp","href":"https:\/\/api.w.org\/{rel}","templated":true}]}}