{"id":2739,"date":"2019-11-08T15:47:29","date_gmt":"2019-11-08T15:47:29","guid":{"rendered":"http:\/\/budweiserbudvar.com\/hu\/?page_id=2739"},"modified":"2020-06-25T08:53:04","modified_gmt":"2020-06-25T08:53:04","slug":"disclaimer","status":"publish","type":"page","link":"https:\/\/budweiserbudvar.com\/hu\/disclaimer\/","title":{"rendered":"JOGI NYILATKOZAT"},"content":{"rendered":"<div data-block_5dc5827d1a6ab class=\"hero-block align\">\n  <hero\n    block-styles=\"{&quot;background-color&quot;:&quot;#fffef8&quot;,&quot;background-size&quot;:&quot;cover&quot;,&quot;background-repeat&quot;:&quot;no-repeat&quot;}\"\n    block-styles-tablet=\"{&quot;background-size&quot;:&quot;cover&quot;,&quot;background-repeat&quot;:&quot;no-repeat&quot;}\"\n    block-styles-mobile=\"{&quot;background-size&quot;:&quot;cover&quot;,&quot;background-repeat&quot;:&quot;no-repeat&quot;}\"\n    height=\"\"\n    min-height=\"\"\n    text-center-width=\"{&quot;mobile&quot;:&quot;95&quot;,&quot;tablet&quot;:&quot;90&quot;,&quot;desktop&quot;:&quot;70&quot;}\"\n        scroll-down-show=\"\"\n    scroll-text=\"\"\n    scroll-text-default=\"G\u00f6rgess lejjebb\"\n    scroll-color-primary=\"#FFFFFF\"\n    scroll-color-secondary=\"#CA4A4F\"\n    mobile-overlay=\"\"\n    mobile-overlay-content=\"\"\n    mobile-overlay-button=\"null\"\n    mobile-overlay-color=\"\"\n    faded-background-image=\"\"\n  >\n    <template v-slot:text-center>\n                                    <div class=\"wysiwyg-container\">\n              <p>&nbsp;<\/p>\n<h3 class=\"text-uppercase\" style=\"text-align: center;\"><span style=\"color: #c39f56;\">NYILATKOZAT<\/span><\/h3>\n<p>&nbsp;<\/p>\n<h5 class=\"text-uppercase\"><span style=\"color: #ca4a4f;\">A WEBOLDAL HASZN\u00c1LAT\u00c1R\u00d3L, AZ ADATV\u00c9DELEMR\u0150L, A SZERZ\u0150I JOGR\u00d3L SZ\u00d3L\u00d3 NYILATKOZAT \u00c9S FELEL\u0150SS\u00c9GI NYILATKOZAT<\/span><\/h5>\n<h5 class=\"text-uppercase\"><span style=\"color: #ca4a4f;\">A WEBOLDAL HASZN\u00c1LAT\u00c1R\u00d3L SZ\u00d3L\u00d3 NYILATKOZAT<\/span><\/h5>\n<p><span style=\"color: #3d3935;\"><br \/>\nA Budweiser Budvar, National Corporation honlapj\u00e1t a legnagyobb k\u00f6r\u00fcltekint\u00e9ssel hoztuk l\u00e9tre a j\u00f3 felhaszn\u00e1lhat\u00f3s\u00e1g \u00e9rdek\u00e9ben. A weboldal teljes m\u00e9rt\u00e9kben megfelel a HTML5 szabv\u00e1nynak a szintaxis \u00e9s szemantika tekintet\u00e9ben. A honlap vizu\u00e1lis megjelen\u00e9s\u00e9t a CSS st\u00edlusle\u00edr\u00f3 nyelv seg\u00edts\u00e9g\u00e9vel alak\u00edtottuk ki, hogy a honlap tartalm\u00e1t m\u00e1s kimeneti eszk\u00f6z\u00f6k\u00f6n is meg lehessen tekinteni. A k\u00fcl\u00f6nleges st\u00edlusnak k\u00f6sz\u00f6nhet\u0151en minden oldal nyomtathat\u00f3. A honlap szerkeszt\u00e9se sor\u00e1n k\u00fcl\u00f6nleges figyelmet ford\u00edtottunk arra, hogy a sz\u00f6vegeket relat\u00edv egys\u00e9gekben adjuk meg, \u00edgy az internetb\u00f6ng\u00e9sz\u0151k ny\u00fajtotta standard eszk\u00f6z\u00f6kkel lehets\u00e9ges m\u00e9retv\u00e1ltoz\u00e1snak k\u00f6sz\u00f6nhet\u0151en a fogyat\u00e9kkal \u00e9l\u0151 felhaszn\u00e1l\u00f3k is k\u00f6nnyed\u00e9n elolvashatj\u00e1k.<br \/>\n<\/span><\/p>\n<h5 class=\"text-uppercase\"><span style=\"color: #ca4a4f;\">SZERZ\u0150I JOGR\u00d3L SZ\u00d3L\u00d3 NYILATKOZAT<\/span><\/h5>\n<p><span style=\"color: #3d3935;\">A honlap tartalma a Budweiser Budvar, National Corporation, K. Sv\u011btl\u00e9 512\/4, \u010cesk\u00e9 Bud\u011bjovice 3, 370 04 \u010cesk\u00e9 Bud\u011bjovice, Cseh K\u00f6zt\u00e1rsas\u00e1g szerz\u0151i jogi v\u00e9delme alatt \u00e1ll, elt\u00e9r\u0151 rendelkez\u00e9s hi\u00e1ny\u00e1ban. Elt\u00e9r\u0151 rendelkez\u00e9s hi\u00e1ny\u00e1ban a www.budweiserbudvar.com\/hu honlap szerz\u0151i jogi v\u00e9delem alatt \u00e1ll a szerz\u0151i jogr\u00f3l \u00e9s a szerz\u0151i jogokkal \u00f6sszef\u00fcgg\u0151 tev\u00e9kenys\u00e9gekr\u0151l sz\u00f3l\u00f3 121\/2000. sz. m\u00f3dos\u00edtott t\u00f6rv\u00e9ny rendelkez\u00e9sei alapj\u00e1n (tov\u00e1bbiakban a \u201eszerz\u0151i jogi t\u00f6rv\u00e9ny\u201d). A www.budweiserbudvar.com\/hu honlap felhaszn\u00e1l\u00f3i a www.budweiserbudvar.com\/hu tartalm\u00e1t a szerz\u0151i jogi t\u00f6rv\u00e9ny \u00e9rtelm\u00e9ben haszn\u00e1lj\u00e1k, azaz a tartalmakat nem m\u00f3dos\u00edthatj\u00e1k \u00e9s a szerz\u0151i jogokat nem s\u00e9rthetik meg a szerz\u0151i jogi t\u00f6rv\u00e9ny 11. \u00e9s 12. szakasz\u00e1ban foglalt rendelkez\u00e9sek \u00e9rtelm\u00e9ben.<\/span><\/p>\n<h5 class=\"text-uppercase\"><span style=\"color: #ca4a4f;\">FELEL\u0150SS\u00c9GI NYILATKOZAT<\/span><\/h5>\n<p><span style=\"color: #3d3935;\">A Budweiser Budvar, National Corporation honlapj\u00e1nak (www.budweiserbudvar.com\/uk) kiz\u00e1r\u00f3lagos c\u00e9lja az inform\u00e1ci\u00f3szolg\u00e1ltat\u00e1s a felhaszn\u00e1l\u00f3 sz\u00e1m\u00e1ra. Hab\u00e1r minden t\u0151l\u00fcnk telhet\u0151t megtett\u00fcnk annak \u00e9rdek\u00e9ben, hogy \u00e9rv\u00e9nyes \u00e9s pontos inform\u00e1ci\u00f3kat k\u00f6z\u00f6lj\u00fcnk honlapunkon, el\u0151fordulhatnak hib\u00e1k vagy \u00e9rv\u00e9nytelen inform\u00e1ci\u00f3k. Ez\u00e9rt a honlap nem tekinthet\u0151 szakmai tan\u00e1csad\u00f3i forr\u00e1snak. A m\u0171szaki jellemz\u0151k \u00e9s az internet koncepci\u00f3ja miatt a honlapon szerepl\u0151 inform\u00e1ci\u00f3k a mi \u2013 Budweiser Budvar, National Corporation \u2013 akaratunkon vagy tudtunkon k\u00edv\u00fcl is m\u00f3dos\u00edthat\u00f3k. Ebben az esetben nem \u00e1ll m\u00f3dunkban felel\u0151ss\u00e9get v\u00e1llalni az ilyen hib\u00e1k k\u00f6vetkezt\u00e9ben megjelen\u0151 inform\u00e1ci\u00f3k miatt.<\/span><br \/>\n<span style=\"color: #3d3935;\">A honlap harmadik felek \u00e1ltal m\u0171k\u00f6dtetett honlapokra ir\u00e1ny\u00edt\u00f3 hivatkoz\u00e1sokat tartalmaz. Ezeket a feleket nem \u00e1ll m\u00f3dunkban ellen\u0151rizni, \u00edgy semmilyen m\u00f3don nem tartozunk felel\u0151ss\u00e9ggel honlapjaik tartalm\u00e1\u00e9rt.<\/span><\/p>\n<p><span style=\"color: #3d3935;\">A Budweiser Budvar, National Corporation \u00e9szszer\u0171 m\u00e9rt\u00e9kben, \u00e9rtes\u00edt\u00e9s n\u00e9lk\u00fcl friss\u00edtheti az inform\u00e1ci\u00f3kat<\/span><\/p>\n<p><span style=\"color: #3d3935;\"><strong><span style=\"color: #3d3935;\">\u00a9 2019 Budweiser Budvar, National Corporation<\/span><br \/>\n<span style=\"color: #3d3935;\">Minden jog fenntartva<\/span><br \/>\n<\/strong><\/span><\/p>\n\n            <\/div>\n                          <\/template>\n\n\n      <\/hero>\n<\/div>\n","protected":false},"excerpt":{"rendered":"","protected":false},"author":1,"featured_media":0,"parent":0,"menu_order":0,"comment_status":"closed","ping_status":"open","template":"","meta":{"_acf_changed":false,"footnotes":""},"class_list":["post-2739","page","type-page","status-publish","hentry"],"yoast_head":"<!-- This site is optimized with the Yoast SEO plugin v25.8 - https:\/\/yoast.com\/wordpress\/plugins\/seo\/ -->\n<title>JOGI NYILATKOZAT - Budvar | HU<\/title>\n<meta name=\"robots\" content=\"index, follow, max-snippet:-1, max-image-preview:large, max-video-preview:-1\" \/>\n<link rel=\"canonical\" href=\"https:\/\/budweiserbudvar.com\/hu\/disclaimer\/\" \/>\n<meta property=\"og:locale\" content=\"en_GB\" \/>\n<meta property=\"og:type\" content=\"article\" \/>\n<meta property=\"og:title\" content=\"JOGI NYILATKOZAT - Budvar | HU\" \/>\n<meta property=\"og:url\" content=\"https:\/\/budweiserbudvar.com\/hu\/disclaimer\/\" \/>\n<meta property=\"og:site_name\" content=\"Budvar | HU\" \/>\n<meta property=\"article:modified_time\" content=\"2020-06-25T08:53:04+00:00\" \/>\n<meta name=\"twitter:card\" content=\"summary_large_image\" \/>\n<script type=\"application\/ld+json\" class=\"yoast-schema-graph\">{\"@context\":\"https:\/\/schema.org\",\"@graph\":[{\"@type\":\"WebPage\",\"@id\":\"https:\/\/budweiserbudvar.com\/hu\/disclaimer\/\",\"url\":\"https:\/\/budweiserbudvar.com\/hu\/disclaimer\/\",\"name\":\"JOGI NYILATKOZAT - Budvar | HU\",\"isPartOf\":{\"@id\":\"https:\/\/budweiserbudvar.com\/hu\/#website\"},\"datePublished\":\"2019-11-08T15:47:29+00:00\",\"dateModified\":\"2020-06-25T08:53:04+00:00\",\"breadcrumb\":{\"@id\":\"https:\/\/budweiserbudvar.com\/hu\/disclaimer\/#breadcrumb\"},\"inLanguage\":\"en-GB\",\"potentialAction\":[{\"@type\":\"ReadAction\",\"target\":[\"https:\/\/budweiserbudvar.com\/hu\/disclaimer\/\"]}]},{\"@type\":\"BreadcrumbList\",\"@id\":\"https:\/\/budweiserbudvar.com\/hu\/disclaimer\/#breadcrumb\",\"itemListElement\":[{\"@type\":\"ListItem\",\"position\":1,\"name\":\"Home\",\"item\":\"https:\/\/budweiserbudvar.com\/hu\/\"},{\"@type\":\"ListItem\",\"position\":2,\"name\":\"JOGI NYILATKOZAT\"}]},{\"@type\":\"WebSite\",\"@id\":\"https:\/\/budweiserbudvar.com\/hu\/#website\",\"url\":\"https:\/\/budweiserbudvar.com\/hu\/\",\"name\":\"Budvar | HU\",\"description\":\"Budvar\",\"potentialAction\":[{\"@type\":\"SearchAction\",\"target\":{\"@type\":\"EntryPoint\",\"urlTemplate\":\"https:\/\/budweiserbudvar.com\/hu\/?s={search_term_string}\"},\"query-input\":{\"@type\":\"PropertyValueSpecification\",\"valueRequired\":true,\"valueName\":\"search_term_string\"}}],\"inLanguage\":\"en-GB\"}]}<\/script>\n<!-- \/ Yoast SEO plugin. -->","yoast_head_json":{"title":"JOGI NYILATKOZAT - Budvar | HU","robots":{"index":"index","follow":"follow","max-snippet":"max-snippet:-1","max-image-preview":"max-image-preview:large","max-video-preview":"max-video-preview:-1"},"canonical":"https:\/\/budweiserbudvar.com\/hu\/disclaimer\/","og_locale":"en_GB","og_type":"article","og_title":"JOGI NYILATKOZAT - Budvar | HU","og_url":"https:\/\/budweiserbudvar.com\/hu\/disclaimer\/","og_site_name":"Budvar | HU","article_modified_time":"2020-06-25T08:53:04+00:00","twitter_card":"summary_large_image","schema":{"@context":"https:\/\/schema.org","@graph":[{"@type":"WebPage","@id":"https:\/\/budweiserbudvar.com\/hu\/disclaimer\/","url":"https:\/\/budweiserbudvar.com\/hu\/disclaimer\/","name":"JOGI NYILATKOZAT - Budvar | HU","isPartOf":{"@id":"https:\/\/budweiserbudvar.com\/hu\/#website"},"datePublished":"2019-11-08T15:47:29+00:00","dateModified":"2020-06-25T08:53:04+00:00","breadcrumb":{"@id":"https:\/\/budweiserbudvar.com\/hu\/disclaimer\/#breadcrumb"},"inLanguage":"en-GB","potentialAction":[{"@type":"ReadAction","target":["https:\/\/budweiserbudvar.com\/hu\/disclaimer\/"]}]},{"@type":"BreadcrumbList","@id":"https:\/\/budweiserbudvar.com\/hu\/disclaimer\/#breadcrumb","itemListElement":[{"@type":"ListItem","position":1,"name":"Home","item":"https:\/\/budweiserbudvar.com\/hu\/"},{"@type":"ListItem","position":2,"name":"JOGI NYILATKOZAT"}]},{"@type":"WebSite","@id":"https:\/\/budweiserbudvar.com\/hu\/#website","url":"https:\/\/budweiserbudvar.com\/hu\/","name":"Budvar | HU","description":"Budvar","potentialAction":[{"@type":"SearchAction","target":{"@type":"EntryPoint","urlTemplate":"https:\/\/budweiserbudvar.com\/hu\/?s={search_term_string}"},"query-input":{"@type":"PropertyValueSpecification","valueRequired":true,"valueName":"search_term_string"}}],"inLanguage":"en-GB"}]}},"acf":[],"_links":{"self":[{"href":"https:\/\/budweiserbudvar.com\/hu\/wp-json\/wp\/v2\/pages\/2739","targetHints":{"allow":["GET"]}}],"collection":[{"href":"https:\/\/budweiserbudvar.com\/hu\/wp-json\/wp\/v2\/pages"}],"about":[{"href":"https:\/\/budweiserbudvar.com\/hu\/wp-json\/wp\/v2\/types\/page"}],"author":[{"embeddable":true,"href":"https:\/\/budweiserbudvar.com\/hu\/wp-json\/wp\/v2\/users\/1"}],"replies":[{"embeddable":true,"href":"https:\/\/budweiserbudvar.com\/hu\/wp-json\/wp\/v2\/comments?post=2739"}],"version-history":[{"count":0,"href":"https:\/\/budweiserbudvar.com\/hu\/wp-json\/wp\/v2\/pages\/2739\/revisions"}],"wp:attachment":[{"href":"https:\/\/budweiserbudvar.com\/hu\/wp-json\/wp\/v2\/media?parent=2739"}],"curies":[{"name":"wp","href":"https:\/\/api.w.org\/{rel}","templated":true}]}}