{"id":25,"date":"2019-08-30T14:09:32","date_gmt":"2019-08-30T14:09:32","guid":{"rendered":"http:\/\/budweiserbudvar.com\/hu\/?page_id=25"},"modified":"2020-05-26T10:20:25","modified_gmt":"2020-05-26T10:20:25","slug":"ingredients","status":"publish","type":"page","link":"https:\/\/budweiserbudvar.com\/hu\/ingredients\/","title":{"rendered":"ALAPANYAGOK"},"content":{"rendered":"<div data-block_5d77a969c7b03 class=\"hero-block align\">\n  <hero\n    block-styles=\"{&quot;background-image&quot;:&quot;url(https:\\\/\\\/budweiserbudvar.com\\\/hu\\\/wp-content\\\/uploads\\\/sites\\\/14\\\/2019\\\/09\\\/INGREDIENTS.jpeg)&quot;,&quot;color&quot;:&quot;#ffffff&quot;,&quot;background-size&quot;:&quot;cover&quot;,&quot;background-repeat&quot;:&quot;no-repeat&quot;}\"\n    block-styles-tablet=\"{&quot;background-size&quot;:&quot;cover&quot;,&quot;background-repeat&quot;:&quot;no-repeat&quot;}\"\n    block-styles-mobile=\"{&quot;background-image&quot;:&quot;url(https:\\\/\\\/budweiserbudvar.com\\\/hu\\\/wp-content\\\/uploads\\\/sites\\\/14\\\/2019\\\/10\\\/ingredients-mobile-1.jpg)&quot;,&quot;background-size&quot;:&quot;cover&quot;,&quot;background-repeat&quot;:&quot;no-repeat&quot;}\"\n    height=\"1px\"\n    min-height=\"calc(100vh - 100px)\"\n    text-center-width=\"{&quot;mobile&quot;:&quot;100&quot;,&quot;tablet&quot;:&quot;100&quot;,&quot;desktop&quot;:&quot;100&quot;}\"\n        scroll-down-show=\"1\"\n    scroll-text=\"\"\n    scroll-text-default=\"G\u00f6rgess lejjebb\"\n    scroll-color-primary=\"#ffffff\"\n    scroll-color-secondary=\"#ca4a4f\"\n    mobile-overlay=\"\"\n    mobile-overlay-content=\"\"\n    mobile-overlay-button=\"null\"\n    mobile-overlay-color=\"\"\n    faded-background-image=\"1\"\n  >\n    <template v-slot:text-center>\n                                    <div class=\"wysiwyg-container\">\n              <div class=\"lift-content-mobile\">\n<h1 class=\"font-outline letter-spacing-big\" style=\"text-align: center;\">ALAPANYAGOK<\/h1>\n<\/div>\n\n            <\/div>\n                          <\/template>\n\n\n                            <template v-slot:bottom>\n            \n                      <\/template>\n\n                    <\/hero>\n<\/div>\n\n\n<div data-block_5d77e16203f23 class=\"hero-block align\">\n  <hero\n    block-styles=\"{&quot;background-color&quot;:&quot;#fffef8&quot;,&quot;color&quot;:&quot;#cb4146&quot;,&quot;padding-top&quot;:&quot;100px&quot;,&quot;padding-bottom&quot;:&quot;100px&quot;,&quot;background-size&quot;:&quot;cover&quot;,&quot;background-repeat&quot;:&quot;no-repeat&quot;}\"\n    block-styles-tablet=\"{&quot;padding-top&quot;:&quot;100px&quot;,&quot;padding-bottom&quot;:&quot;100px&quot;,&quot;background-size&quot;:&quot;cover&quot;,&quot;background-repeat&quot;:&quot;no-repeat&quot;}\"\n    block-styles-mobile=\"{&quot;padding-top&quot;:&quot;100px&quot;,&quot;padding-bottom&quot;:&quot;100px&quot;,&quot;background-size&quot;:&quot;cover&quot;,&quot;background-repeat&quot;:&quot;no-repeat&quot;}\"\n    height=\"\"\n    min-height=\"\"\n    text-center-width=\"{&quot;mobile&quot;:&quot;80&quot;,&quot;tablet&quot;:&quot;80&quot;,&quot;desktop&quot;:&quot;55&quot;}\"\n        scroll-down-show=\"\"\n    scroll-text=\"\"\n    scroll-text-default=\"G\u00f6rgess lejjebb\"\n    scroll-color-primary=\"#FFFFFF\"\n    scroll-color-secondary=\"#CA4A4F\"\n    mobile-overlay=\"\"\n    mobile-overlay-content=\"\"\n    mobile-overlay-button=\"null\"\n    mobile-overlay-color=\"\"\n    faded-background-image=\"\"\n  >\n    <template v-slot:text-center>\n                                    <div class=\"wysiwyg-container\">\n              <h2 style=\"text-align: center; font-size: calc(1.275rem + .3vw); letter-spacing: .08em!important; line-height: 1.2;\"><span style=\"color: #ca4a4f;\">VANNAK OLYAN ITALOK, AMELYEK MINTHA EGY HELY ESSZENCI\u00c1J\u00c1T Z\u00c1RN\u00c1K PALACKBA. A SAJ\u00c1T VID\u00c9K\u00dcK LEGKIV\u00c1L\u00d3BB ALAPANYAGAIT BEGY\u0170JTVE EGYED\u00dcL\u00c1LL\u00d3 M\u00d3DON FEJEZIK KI AZ ADOTT R\u00c9GI\u00d3 SZ\u00cdNE-JAV\u00c1T. A BUDWEISER BUDWAR EZEK EGYIKE.<\/span><br \/>\n<span style=\"color: #ca4a4f;\">\u00a0<\/span><br \/>\n<span style=\"color: #ca4a4f;\">UGYANAZZAL A N\u00c9GY MIN\u0150S\u00c9GI ALAPANYAGGAL F\u0150Z\u00dcNK M\u00c1R 1895 \u00d3TA, \u00c9S UGYANAZOKR\u00d3L A HELYEKR\u0150L SZEREZZ\u00dcK BE \u0150KET A CSEH K\u00d6ZT\u00c1RSAS\u00c1GBAN, MINT EL\u0150TTE MINDIG IS.<\/span><\/h2>\n\n            <\/div>\n                          <\/template>\n\n\n      <\/hero>\n<\/div>\n\n\n<div data-block_5d77bc168f03f class=\"ingredients-sections align\">\n  \n  <ingredients\n    title=\"V\u00cdZ\"\n    image=\"https:\/\/budweiserbudvar.com\/hu\/wp-content\/uploads\/sites\/14\/2019\/11\/water.svg\"\n          video=\"https:\/\/budweiserbudvar.com\/hu\/wp-content\/uploads\/sites\/14\/2020\/05\/Water-HU-Subs-V2-20mb.mp4\"\n        block-id=\"block_5d77bc168f03f\"\n    left-or-right=\"left\"\n          link=\"https:\/\/budweiserbudvar.com\/hu\/blog\/story\/ingredients\/\"\n        watch=\"A filmet\"\n    read=\"A t\u00f6rt\u00e9net\"\n  >\n    <p class=\"large\" style=\"text-align: center;\"><span style=\"color: #ca4a4f;\">A friss, l\u00e1gy v\u00edz elengedhetetlen a kiv\u00e1l\u00f3 lager f\u0151z\u00e9s\u00e9hez. Nincs m\u00e9g egy olyan s\u00f6rgy\u00e1r a vil\u00e1gon, amelyiknek olyan \u00e9rintetlen \u00e9s t\u00f6k\u00e9letes v\u00edzforr\u00e1sa lenne, mint nek\u00fcnk. A \u010cesk\u00e9 Bud\u011bjovice-i s\u00f6rf\u0151zd\u00e9nk alatt 300 m\u00e9ter m\u00e9lyen h\u00faz\u00f3d\u00f3 j\u00e9gkorszaki v\u00edztart\u00f3 r\u00e9tegb\u0151l nyert viz\u00fcnk makul\u00e1tlanul tiszta, \u00e9s a szennyez\u00e9s vagy mez\u0151gazdas\u00e1g el\u0151tti id\u0151kb\u0151l sz\u00e1rmazik. M\u00e1s s\u00f6rgy\u00e1rak\u00e9t\u00f3l elt\u00e9r\u0151en a mi term\u00e9szetes viz\u00fcnknek nincs sz\u00fcks\u00e9ge kl\u00f3roz\u00e1sra vagy l\u00e1gy\u00edt\u00e1sra f\u0151z\u00e9s el\u0151tt. Art\u00e9zi k\u00fatjainkb\u00f3l sz\u00edntiszt\u00e1n \u00e9s s\u00f6rf\u0151z\u00e9sre k\u00e9szen nyerj\u00fck ki.<\/span><\/p>\n\n  <\/ingredients>\n\n  <\/div>\n\n\n<div data-block_5d77cb2123282 class=\"ingredients-sections align\">\n  \n  <ingredients\n    title=\"KOML\u00d3\"\n    image=\"https:\/\/budweiserbudvar.com\/hu\/wp-content\/uploads\/sites\/14\/2019\/11\/hops.svg\"\n          video=\"https:\/\/budweiserbudvar.com\/hu\/wp-content\/uploads\/sites\/14\/2020\/05\/Hops-HU-Subs-V2-20mb.mp4\"\n        block-id=\"block_5d77cb2123282\"\n    left-or-right=\"right\"\n          link=\"https:\/\/budweiserbudvar.com\/hu\/blog\/story\/ingredients\/\"\n        watch=\"A filmet\"\n    read=\"A t\u00f6rt\u00e9net\"\n  >\n    <p class=\"large\" style=\"text-align: center;\"><span style=\"color: #ca4a4f;\">Csak \u00e9s kiz\u00e1r\u00f3lag eg\u00e9sz Saaz-koml\u00f3val f\u0151z\u00fcnk, \u00e9s a hasonl\u00f3 m\u00e9ret\u0171 s\u00f6rgy\u00e1rak k\u00f6z\u00fcl mi vagyunk az egyetlen, amelyik tov\u00e1bbra is ezt teszi. A \u017datec v\u00e1rosa k\u00f6r\u00fcl tal\u00e1lhat\u00f3 700 \u00e9ves koml\u00f3f\u00f6ldekr\u0151l beszerzett Saaz-koml\u00f3nk selymes keser\u0171s\u00e9g\u00e9r\u0151l, komplex arom\u00e1ir\u00f3l \u00e9s pik\u00e1ns, friss, vir\u00e1gos f\u0171szerez\u00e9s\u00e9r\u0151l h\u00edres, \u00e9s m\u00e9g ma is a min\u0151s\u00e9g\u00e9t garant\u00e1l\u00f3 viaszpecs\u00e9ttel \u00e9rkezik s\u00f6rgy\u00e1runkba. A szerte a vil\u00e1gon \u201enemes\u201d koml\u00f3k\u00e9nt tisztelt n\u00f6v\u00e9nyt mi egym\u00e1s k\u00f6z\u00f6tt csak \u201ez\u00f6ld aranynak\u201d h\u00edvjuk.<\/span><\/p>\n\n  <\/ingredients>\n\n  <\/div>\n\n\n<div data-block_5d77cc68d1751 class=\"ingredients-sections align\">\n  \n  <ingredients\n    title=\"MAL\u00c1TA\"\n    image=\"https:\/\/budweiserbudvar.com\/hu\/wp-content\/uploads\/sites\/14\/2019\/11\/malt.svg\"\n          video=\"https:\/\/budweiserbudvar.com\/hu\/wp-content\/uploads\/sites\/14\/2020\/05\/Malt-HU-Subs-V2-20mb.mp4\"\n        block-id=\"block_5d77cc68d1751\"\n    left-or-right=\"left\"\n          link=\"https:\/\/budweiserbudvar.com\/hu\/blog\/story\/ingredients\/\"\n        watch=\"A filmet\"\n    read=\"A t\u00f6rt\u00e9net\"\n  >\n    <p class=\"large\" style=\"text-align: center;\"><span style=\"color: #ca4a4f;\">A mal\u00e1ta s\u00f6r\u00fcnk igazi lelke, ez k\u00f6lcs\u00f6nzi neki arany sz\u00edn\u00e9t, \u00e9dess\u00e9g\u00e9t, test\u00e9t \u00e9s \u00edz\u00e9t. \u00c9s olyan helyr\u0151l szerezz\u00fck be mal\u00e1t\u00e1nkat, amelynek szint\u00e9n val\u00f3di lelke van: Morvaorsz\u00e1g Han\u00e1 r\u00e9gi\u00f3j\u00e1b\u00f3l, ahol h\u00e9t foly\u00f3 tal\u00e1lkoz\u00e1sa gazdag, term\u00e9keny \u00e1rteret hozott l\u00e9tre, amely ide\u00e1lis magas min\u0151s\u00e9g\u0171, keveretlen vil\u00e1gos mal\u00e1t\u00e1nk termeszt\u00e9s\u00e9re. Az \u00e9vsz\u00e1zadok alatt t\u00f6k\u00e9letes\u00edtett s\u00f6r\u00e1rpa mal\u00e1t\u00e1z\u00f3inkban kel \u00e9letre, \u00edgy ide\u00e1lis alapot ad a dekokci\u00f3s cefr\u00e9z\u00e9shez, \u00e9s s\u00f6r\u00fcnknek teltebb \u00edzt k\u00f6lcs\u00f6n\u00f6z.<\/span><\/p>\n\n  <\/ingredients>\n\n  <\/div>\n\n\n<div data-block_5d77cd38d1752 class=\"ingredients-sections align\">\n  \n  <ingredients\n    title=\"\u00c9LESZT\u0150\"\n    image=\"https:\/\/budweiserbudvar.com\/hu\/wp-content\/uploads\/sites\/14\/2019\/11\/yeast.svg\"\n        block-id=\"block_5d77cd38d1752\"\n    left-or-right=\"right\"\n          link=\"https:\/\/budweiserbudvar.com\/hu\/blog\/story\/ingredients\/\"\n        watch=\"A filmet\"\n    read=\"A t\u00f6rt\u00e9net\"\n  >\n    <p class=\"large\" style=\"text-align: center;\"><span style=\"color: #ca4a4f;\">A s\u00f6rf\u0151z\u00e9s sokszor elfeledett h\u0151se az \u00e9leszt\u0151. Elengedhetetlen az erjeszt\u00e9shez \u00e9s a karboniz\u00e1l\u00e1shoz, ami s\u00f6r\u00fcnket v\u00e9g\u00fcl olyan tiszt\u00e1v\u00e1 \u00e9s \u00fcd\u00e9v\u00e9 teszi. A Budweiser Budvar s\u00f6r\u00e9leszt\u0151je egy \u0151si lager\u00e9leszt\u0151t\u00f6rzs, amelyet gondosan \u00e1poltunk \u00e9s v\u00e9dt\u00fcnk s\u00f6rgy\u00e1runk 1895-\u00f6s megalap\u00edt\u00e1sa \u00f3ta. Arra fejlesztett\u00fck ki, hogy alacsonyabb h\u0151m\u00e9rs\u00e9kleten, sokkal tov\u00e1bb tarthassuk pinc\u00e9ikben. Mi magunk nevelt\u00fck ezt az alapanyagot, amely l\u00e9tfontoss\u00e1g\u00fa s\u00f6r\u00fcnk lass\u00fa hideg kondicion\u00e1l\u00e1sa sor\u00e1n.<\/span><\/p>\n\n  <\/ingredients>\n\n  <\/div>\n\n\n<div data-block_5d6e75d1ef55c class=\"hero-block align\">\n  <hero\n    block-styles=\"{&quot;background-color&quot;:&quot;#cb4146&quot;,&quot;color&quot;:&quot;#ffffff&quot;,&quot;padding-top&quot;:&quot;60px&quot;,&quot;padding-bottom&quot;:&quot;60px&quot;,&quot;background-size&quot;:&quot;cover&quot;,&quot;background-repeat&quot;:&quot;no-repeat&quot;}\"\n    block-styles-tablet=\"{&quot;padding-top&quot;:&quot;px&quot;,&quot;padding-bottom&quot;:&quot;px&quot;,&quot;background-size&quot;:&quot;cover&quot;,&quot;background-repeat&quot;:&quot;no-repeat&quot;}\"\n    block-styles-mobile=\"{&quot;padding-top&quot;:&quot;px&quot;,&quot;padding-bottom&quot;:&quot;px&quot;,&quot;background-size&quot;:&quot;cover&quot;,&quot;background-repeat&quot;:&quot;no-repeat&quot;}\"\n    height=\"\"\n    min-height=\"\"\n    text-center-width=\"[]\"\n        scroll-down-show=\"\"\n    scroll-text=\"\"\n    scroll-text-default=\"G\u00f6rgess lejjebb\"\n    scroll-color-primary=\"\"\n    scroll-color-secondary=\"\"\n    mobile-overlay=\"\"\n    mobile-overlay-content=\"\"\n    mobile-overlay-button=\"null\"\n    mobile-overlay-color=\"\"\n    faded-background-image=\"\"\n  >\n    <template v-slot:text-center>\n                                  <div class=\"images-container\">\n            <div class=\"width-container\" style=\"width:  100% ;\">\n                                                            <div class=\"image col\" style=\"\">\n                  <img decoding=\"async\" class=\"img-fluid\" src=\"https:\/\/budweiserbudvar.com\/hu\/wp-content\/uploads\/sites\/14\/2019\/09\/greetings-from-the-republic-of-beer.svg\" alt=\"Greetings From The Republic Of Beer\" style=\"\">\n                <\/div>\n                                          <\/div>\n            <\/div>\n                            <\/template>\n\n\n      <\/hero>\n<\/div>\n","protected":false},"excerpt":{"rendered":"","protected":false},"author":1,"featured_media":0,"parent":0,"menu_order":0,"comment_status":"closed","ping_status":"closed","template":"","meta":{"_acf_changed":false,"footnotes":""},"class_list":["post-25","page","type-page","status-publish","hentry"],"yoast_head":"<!-- This site is optimized with the Yoast SEO plugin v25.8 - https:\/\/yoast.com\/wordpress\/plugins\/seo\/ -->\n<title>ALAPANYAGOK - Budvar | HU<\/title>\n<meta name=\"robots\" content=\"index, follow, max-snippet:-1, max-image-preview:large, max-video-preview:-1\" \/>\n<link rel=\"canonical\" href=\"https:\/\/budweiserbudvar.com\/hu\/ingredients\/\" \/>\n<meta property=\"og:locale\" content=\"en_GB\" \/>\n<meta property=\"og:type\" content=\"article\" \/>\n<meta property=\"og:title\" content=\"ALAPANYAGOK - Budvar | HU\" \/>\n<meta property=\"og:url\" content=\"https:\/\/budweiserbudvar.com\/hu\/ingredients\/\" \/>\n<meta property=\"og:site_name\" content=\"Budvar | HU\" \/>\n<meta property=\"article:modified_time\" content=\"2020-05-26T10:20:25+00:00\" \/>\n<meta name=\"twitter:card\" content=\"summary_large_image\" \/>\n<script type=\"application\/ld+json\" class=\"yoast-schema-graph\">{\"@context\":\"https:\/\/schema.org\",\"@graph\":[{\"@type\":\"WebPage\",\"@id\":\"https:\/\/budweiserbudvar.com\/hu\/ingredients\/\",\"url\":\"https:\/\/budweiserbudvar.com\/hu\/ingredients\/\",\"name\":\"ALAPANYAGOK - Budvar | HU\",\"isPartOf\":{\"@id\":\"https:\/\/budweiserbudvar.com\/hu\/#website\"},\"datePublished\":\"2019-08-30T14:09:32+00:00\",\"dateModified\":\"2020-05-26T10:20:25+00:00\",\"breadcrumb\":{\"@id\":\"https:\/\/budweiserbudvar.com\/hu\/ingredients\/#breadcrumb\"},\"inLanguage\":\"en-GB\",\"potentialAction\":[{\"@type\":\"ReadAction\",\"target\":[\"https:\/\/budweiserbudvar.com\/hu\/ingredients\/\"]}]},{\"@type\":\"BreadcrumbList\",\"@id\":\"https:\/\/budweiserbudvar.com\/hu\/ingredients\/#breadcrumb\",\"itemListElement\":[{\"@type\":\"ListItem\",\"position\":1,\"name\":\"Home\",\"item\":\"https:\/\/budweiserbudvar.com\/hu\/\"},{\"@type\":\"ListItem\",\"position\":2,\"name\":\"ALAPANYAGOK\"}]},{\"@type\":\"WebSite\",\"@id\":\"https:\/\/budweiserbudvar.com\/hu\/#website\",\"url\":\"https:\/\/budweiserbudvar.com\/hu\/\",\"name\":\"Budvar | HU\",\"description\":\"Budvar\",\"potentialAction\":[{\"@type\":\"SearchAction\",\"target\":{\"@type\":\"EntryPoint\",\"urlTemplate\":\"https:\/\/budweiserbudvar.com\/hu\/?s={search_term_string}\"},\"query-input\":{\"@type\":\"PropertyValueSpecification\",\"valueRequired\":true,\"valueName\":\"search_term_string\"}}],\"inLanguage\":\"en-GB\"}]}<\/script>\n<!-- \/ Yoast SEO plugin. -->","yoast_head_json":{"title":"ALAPANYAGOK - Budvar | HU","robots":{"index":"index","follow":"follow","max-snippet":"max-snippet:-1","max-image-preview":"max-image-preview:large","max-video-preview":"max-video-preview:-1"},"canonical":"https:\/\/budweiserbudvar.com\/hu\/ingredients\/","og_locale":"en_GB","og_type":"article","og_title":"ALAPANYAGOK - Budvar | HU","og_url":"https:\/\/budweiserbudvar.com\/hu\/ingredients\/","og_site_name":"Budvar | HU","article_modified_time":"2020-05-26T10:20:25+00:00","twitter_card":"summary_large_image","schema":{"@context":"https:\/\/schema.org","@graph":[{"@type":"WebPage","@id":"https:\/\/budweiserbudvar.com\/hu\/ingredients\/","url":"https:\/\/budweiserbudvar.com\/hu\/ingredients\/","name":"ALAPANYAGOK - Budvar | HU","isPartOf":{"@id":"https:\/\/budweiserbudvar.com\/hu\/#website"},"datePublished":"2019-08-30T14:09:32+00:00","dateModified":"2020-05-26T10:20:25+00:00","breadcrumb":{"@id":"https:\/\/budweiserbudvar.com\/hu\/ingredients\/#breadcrumb"},"inLanguage":"en-GB","potentialAction":[{"@type":"ReadAction","target":["https:\/\/budweiserbudvar.com\/hu\/ingredients\/"]}]},{"@type":"BreadcrumbList","@id":"https:\/\/budweiserbudvar.com\/hu\/ingredients\/#breadcrumb","itemListElement":[{"@type":"ListItem","position":1,"name":"Home","item":"https:\/\/budweiserbudvar.com\/hu\/"},{"@type":"ListItem","position":2,"name":"ALAPANYAGOK"}]},{"@type":"WebSite","@id":"https:\/\/budweiserbudvar.com\/hu\/#website","url":"https:\/\/budweiserbudvar.com\/hu\/","name":"Budvar | HU","description":"Budvar","potentialAction":[{"@type":"SearchAction","target":{"@type":"EntryPoint","urlTemplate":"https:\/\/budweiserbudvar.com\/hu\/?s={search_term_string}"},"query-input":{"@type":"PropertyValueSpecification","valueRequired":true,"valueName":"search_term_string"}}],"inLanguage":"en-GB"}]}},"acf":[],"_links":{"self":[{"href":"https:\/\/budweiserbudvar.com\/hu\/wp-json\/wp\/v2\/pages\/25","targetHints":{"allow":["GET"]}}],"collection":[{"href":"https:\/\/budweiserbudvar.com\/hu\/wp-json\/wp\/v2\/pages"}],"about":[{"href":"https:\/\/budweiserbudvar.com\/hu\/wp-json\/wp\/v2\/types\/page"}],"author":[{"embeddable":true,"href":"https:\/\/budweiserbudvar.com\/hu\/wp-json\/wp\/v2\/users\/1"}],"replies":[{"embeddable":true,"href":"https:\/\/budweiserbudvar.com\/hu\/wp-json\/wp\/v2\/comments?post=25"}],"version-history":[{"count":0,"href":"https:\/\/budweiserbudvar.com\/hu\/wp-json\/wp\/v2\/pages\/25\/revisions"}],"wp:attachment":[{"href":"https:\/\/budweiserbudvar.com\/hu\/wp-json\/wp\/v2\/media?parent=25"}],"curies":[{"name":"wp","href":"https:\/\/api.w.org\/{rel}","templated":true}]}}