{"id":5988,"date":"2020-11-27T09:25:46","date_gmt":"2020-11-27T09:25:46","guid":{"rendered":"https:\/\/budweiserbudvar.com\/de\/?page_id=5988"},"modified":"2020-11-27T09:25:47","modified_gmt":"2020-11-27T09:25:47","slug":"impressum","status":"publish","type":"page","link":"https:\/\/budweiserbudvar.com\/de\/impressum\/","title":{"rendered":"IMPRESSUM"},"content":{"rendered":"<div data-block_5fbfe047d8911 class=\"hero-block float-none alignleft\">\n  <hero\n    block-styles=\"{&quot;background-size&quot;:&quot;cover&quot;,&quot;background-repeat&quot;:&quot;no-repeat&quot;}\"\n    block-styles-tablet=\"{&quot;background-size&quot;:&quot;cover&quot;,&quot;background-repeat&quot;:&quot;no-repeat&quot;}\"\n    block-styles-mobile=\"{&quot;background-size&quot;:&quot;cover&quot;,&quot;background-repeat&quot;:&quot;no-repeat&quot;}\"\n    height=\"\"\n    min-height=\"\"\n    text-center-width=\"{&quot;mobile&quot;:&quot;100&quot;,&quot;tablet&quot;:&quot;100&quot;,&quot;desktop&quot;:&quot;100&quot;}\"\n        scroll-down-show=\"\"\n    scroll-text=\"\"\n    scroll-text-default=\"VORSCROLLEN\"\n    scroll-color-primary=\"#FFFFFF\"\n    scroll-color-secondary=\"#CA4A4F\"\n    mobile-overlay=\"\"\n    mobile-overlay-content=\"\"\n    mobile-overlay-button=\"null\"\n    mobile-overlay-color=\"\"\n    faded-background-image=\"\"\n  >\n    <template v-slot:text-center>\n                                    <div class=\"wysiwyg-container\">\n              <h5 style=\"text-align: center;\"><span style=\"color: #ca4a4f;\"><strong>IMPRESSUM<\/strong><\/span><\/h5>\n<p style=\"text-align: center;\">\n<p style=\"text-align: center;\"><span style=\"color: #3d3935;\">Budweiser Budvar Importgesellschaft mbH<\/span><\/p>\n<p style=\"text-align: center;\"><span style=\"color: #3d3935;\">Augsburger Stra\u00dfe\u00a0 10<\/span><\/p>\n<p style=\"text-align: center;\"><span style=\"color: #3d3935;\">99091 Erfurt<\/span><\/p>\n<p style=\"text-align: center;\">\n<p style=\"text-align: center;\"><span style=\"color: #3d3935;\">Tel.:\u00a0\u00a0\u00a0 +49 (0) 361 5 50 400<\/span><\/p>\n<p style=\"text-align: center;\"><span style=\"color: #3d3935;\">Fax:\u00a0\u00a0\u00a0\u00a0+49 (0) 361 5 50 406 40<\/span><\/p>\n<p style=\"text-align: center;\"><span style=\"color: #3d3935;\">E-Mail: info@budvar.de<\/span><\/p>\n<p>&nbsp;<\/p>\n<p style=\"text-align: center;\"><span style=\"color: #3d3935;\">Sitz der Gesellschaft: Erfurt<\/span><\/p>\n<p style=\"text-align: center;\"><span style=\"color: #3d3935;\">Amtsgericht Jena, HRB 112648<\/span><\/p>\n<p style=\"text-align: center;\">\n<p style=\"text-align: center;\"><span style=\"color: #3d3935;\">Gesch\u00e4ftsf\u00fchrer: R\u00fcdiger Schleusner, Holger Sydow<\/span><\/p>\n<p style=\"text-align: center;\">\n<p style=\"text-align: center;\"><span style=\"color: #3d3935;\">USt-Id: DE219617338<\/span><\/p>\n<p style=\"text-align: center;\">\n<p style=\"text-align: center;\">\n<p style=\"text-align: center;\"><span style=\"color: #3d3935;\"><strong>Hinweis gem\u00e4\u00df \u00a7 36 Verbraucherstreitbeilegungsgesetz (VSBG):<\/strong><\/span><\/p>\n<p style=\"text-align: center;\"><span style=\"color: #3d3935;\">Wir sind zur Teilnahme an einem Streitbeilegungsverfahren vor einer Verbraucherschlichtungsstelle weder bereit noch dazu verpflichtet<\/span><\/p>\n\n            <\/div>\n                          <\/template>\n\n\n      <\/hero>\n<\/div>\n","protected":false},"excerpt":{"rendered":"","protected":false},"author":5,"featured_media":0,"parent":0,"menu_order":0,"comment_status":"closed","ping_status":"closed","template":"","meta":{"_acf_changed":false,"footnotes":""},"class_list":["post-5988","page","type-page","status-publish","hentry"],"yoast_head":"<!-- This site is optimized with the Yoast SEO plugin v25.8 - https:\/\/yoast.com\/wordpress\/plugins\/seo\/ -->\n<title>IMPRESSUM - Budvar | DE<\/title>\n<meta name=\"robots\" content=\"index, follow, max-snippet:-1, max-image-preview:large, max-video-preview:-1\" \/>\n<link rel=\"canonical\" href=\"https:\/\/budweiserbudvar.com\/de\/impressum\/\" \/>\n<meta property=\"og:locale\" content=\"de_DE\" \/>\n<meta property=\"og:type\" content=\"article\" \/>\n<meta property=\"og:title\" content=\"IMPRESSUM - Budvar | DE\" \/>\n<meta property=\"og:url\" content=\"https:\/\/budweiserbudvar.com\/de\/impressum\/\" \/>\n<meta property=\"og:site_name\" content=\"Budvar | DE\" \/>\n<meta property=\"article:modified_time\" content=\"2020-11-27T09:25:47+00:00\" \/>\n<meta name=\"twitter:card\" content=\"summary_large_image\" \/>\n<script type=\"application\/ld+json\" class=\"yoast-schema-graph\">{\"@context\":\"https:\/\/schema.org\",\"@graph\":[{\"@type\":\"WebPage\",\"@id\":\"https:\/\/budweiserbudvar.com\/de\/impressum\/\",\"url\":\"https:\/\/budweiserbudvar.com\/de\/impressum\/\",\"name\":\"IMPRESSUM - Budvar | DE\",\"isPartOf\":{\"@id\":\"https:\/\/budweiserbudvar.com\/de\/#website\"},\"datePublished\":\"2020-11-27T09:25:46+00:00\",\"dateModified\":\"2020-11-27T09:25:47+00:00\",\"breadcrumb\":{\"@id\":\"https:\/\/budweiserbudvar.com\/de\/impressum\/#breadcrumb\"},\"inLanguage\":\"de-DE\",\"potentialAction\":[{\"@type\":\"ReadAction\",\"target\":[\"https:\/\/budweiserbudvar.com\/de\/impressum\/\"]}]},{\"@type\":\"BreadcrumbList\",\"@id\":\"https:\/\/budweiserbudvar.com\/de\/impressum\/#breadcrumb\",\"itemListElement\":[{\"@type\":\"ListItem\",\"position\":1,\"name\":\"Home\",\"item\":\"https:\/\/budweiserbudvar.com\/de\/\"},{\"@type\":\"ListItem\",\"position\":2,\"name\":\"IMPRESSUM\"}]},{\"@type\":\"WebSite\",\"@id\":\"https:\/\/budweiserbudvar.com\/de\/#website\",\"url\":\"https:\/\/budweiserbudvar.com\/de\/\",\"name\":\"Budvar | DE\",\"description\":\"Budvar\",\"potentialAction\":[{\"@type\":\"SearchAction\",\"target\":{\"@type\":\"EntryPoint\",\"urlTemplate\":\"https:\/\/budweiserbudvar.com\/de\/?s={search_term_string}\"},\"query-input\":{\"@type\":\"PropertyValueSpecification\",\"valueRequired\":true,\"valueName\":\"search_term_string\"}}],\"inLanguage\":\"de-DE\"}]}<\/script>\n<!-- \/ Yoast SEO plugin. -->","yoast_head_json":{"title":"IMPRESSUM - Budvar | DE","robots":{"index":"index","follow":"follow","max-snippet":"max-snippet:-1","max-image-preview":"max-image-preview:large","max-video-preview":"max-video-preview:-1"},"canonical":"https:\/\/budweiserbudvar.com\/de\/impressum\/","og_locale":"de_DE","og_type":"article","og_title":"IMPRESSUM - Budvar | DE","og_url":"https:\/\/budweiserbudvar.com\/de\/impressum\/","og_site_name":"Budvar | DE","article_modified_time":"2020-11-27T09:25:47+00:00","twitter_card":"summary_large_image","schema":{"@context":"https:\/\/schema.org","@graph":[{"@type":"WebPage","@id":"https:\/\/budweiserbudvar.com\/de\/impressum\/","url":"https:\/\/budweiserbudvar.com\/de\/impressum\/","name":"IMPRESSUM - Budvar | DE","isPartOf":{"@id":"https:\/\/budweiserbudvar.com\/de\/#website"},"datePublished":"2020-11-27T09:25:46+00:00","dateModified":"2020-11-27T09:25:47+00:00","breadcrumb":{"@id":"https:\/\/budweiserbudvar.com\/de\/impressum\/#breadcrumb"},"inLanguage":"de-DE","potentialAction":[{"@type":"ReadAction","target":["https:\/\/budweiserbudvar.com\/de\/impressum\/"]}]},{"@type":"BreadcrumbList","@id":"https:\/\/budweiserbudvar.com\/de\/impressum\/#breadcrumb","itemListElement":[{"@type":"ListItem","position":1,"name":"Home","item":"https:\/\/budweiserbudvar.com\/de\/"},{"@type":"ListItem","position":2,"name":"IMPRESSUM"}]},{"@type":"WebSite","@id":"https:\/\/budweiserbudvar.com\/de\/#website","url":"https:\/\/budweiserbudvar.com\/de\/","name":"Budvar | DE","description":"Budvar","potentialAction":[{"@type":"SearchAction","target":{"@type":"EntryPoint","urlTemplate":"https:\/\/budweiserbudvar.com\/de\/?s={search_term_string}"},"query-input":{"@type":"PropertyValueSpecification","valueRequired":true,"valueName":"search_term_string"}}],"inLanguage":"de-DE"}]}},"acf":[],"_links":{"self":[{"href":"https:\/\/budweiserbudvar.com\/de\/wp-json\/wp\/v2\/pages\/5988","targetHints":{"allow":["GET"]}}],"collection":[{"href":"https:\/\/budweiserbudvar.com\/de\/wp-json\/wp\/v2\/pages"}],"about":[{"href":"https:\/\/budweiserbudvar.com\/de\/wp-json\/wp\/v2\/types\/page"}],"author":[{"embeddable":true,"href":"https:\/\/budweiserbudvar.com\/de\/wp-json\/wp\/v2\/users\/5"}],"replies":[{"embeddable":true,"href":"https:\/\/budweiserbudvar.com\/de\/wp-json\/wp\/v2\/comments?post=5988"}],"version-history":[{"count":0,"href":"https:\/\/budweiserbudvar.com\/de\/wp-json\/wp\/v2\/pages\/5988\/revisions"}],"wp:attachment":[{"href":"https:\/\/budweiserbudvar.com\/de\/wp-json\/wp\/v2\/media?parent=5988"}],"curies":[{"name":"wp","href":"https:\/\/api.w.org\/{rel}","templated":true}]}}