{"id":27,"date":"2019-08-30T14:09:41","date_gmt":"2019-08-30T14:09:41","guid":{"rendered":"http:\/\/budweiserbudvar.com\/de\/?page_id=27"},"modified":"2020-01-22T13:19:21","modified_gmt":"2020-01-22T13:19:21","slug":"trinken","status":"publish","type":"page","link":"https:\/\/budweiserbudvar.com\/de\/trinken\/","title":{"rendered":"Drink"},"content":{"rendered":"<div data-block_5d78d56c71db4 class=\"hero-block align\">\n  <hero\n    block-styles=\"{&quot;background-image&quot;:&quot;url(https:\\\/\\\/budweiserbudvar.com\\\/de\\\/wp-content\\\/uploads\\\/sites\\\/3\\\/2019\\\/10\\\/where-to-drink-desktop.jpg)&quot;,&quot;background-size&quot;:&quot;cover&quot;,&quot;background-repeat&quot;:&quot;no-repeat&quot;}\"\n    block-styles-tablet=\"{&quot;background-size&quot;:&quot;cover&quot;,&quot;background-repeat&quot;:&quot;no-repeat&quot;}\"\n    block-styles-mobile=\"{&quot;background-size&quot;:&quot;cover&quot;,&quot;background-repeat&quot;:&quot;no-repeat&quot;}\"\n    height=\"1px\"\n    min-height=\"calc(100vh - 100px)\"\n    text-center-width=\"{&quot;mobile&quot;:&quot;100&quot;,&quot;tablet&quot;:&quot;100&quot;}\"\n        scroll-down-show=\"1\"\n    scroll-text=\"Find Your Republic\"\n    scroll-text-default=\"VORSCROLLEN\"\n    scroll-color-primary=\"#ffffff\"\n    scroll-color-secondary=\"#ca4a4f\"\n    mobile-overlay=\"\"\n    mobile-overlay-content=\"\"\n    mobile-overlay-button=\"null\"\n    mobile-overlay-color=\"\"\n    faded-background-image=\"1\"\n  >\n    <template v-slot:text-center>\n                                    <div class=\"wysiwyg-container\">\n              <div class=\"lift-content-mobile\">\n<h1 class=\"font-outline letter-spacing-big\" style=\"text-align: center; text-transform: uppercase;\">TRINKEN<\/h1>\n<\/div>\n\n            <\/div>\n                          <\/template>\n\n\n      <\/hero>\n<\/div>\n\n\n<div data-block_5d77e82886dbf class=\"hero-block align\">\n  <hero\n    block-styles=\"{&quot;background-color&quot;:&quot;#f8f6e8&quot;,&quot;color&quot;:&quot;#cb4146&quot;,&quot;padding-top&quot;:&quot;125px&quot;,&quot;padding-bottom&quot;:&quot;125px&quot;,&quot;background-size&quot;:&quot;cover&quot;,&quot;background-repeat&quot;:&quot;no-repeat&quot;}\"\n    block-styles-tablet=\"{&quot;padding-top&quot;:&quot;100px&quot;,&quot;padding-bottom&quot;:&quot;100px&quot;,&quot;background-size&quot;:&quot;cover&quot;,&quot;background-repeat&quot;:&quot;no-repeat&quot;}\"\n    block-styles-mobile=\"{&quot;padding-top&quot;:&quot;100px&quot;,&quot;padding-bottom&quot;:&quot;100px&quot;,&quot;background-size&quot;:&quot;cover&quot;,&quot;background-repeat&quot;:&quot;no-repeat&quot;}\"\n    height=\"\"\n    min-height=\"\"\n    text-center-width=\"{&quot;mobile&quot;:&quot;80&quot;,&quot;tablet&quot;:&quot;80&quot;,&quot;desktop&quot;:&quot;65&quot;}\"\n        scroll-down-show=\"\"\n    scroll-text=\"\"\n    scroll-text-default=\"VORSCROLLEN\"\n    scroll-color-primary=\"#FFFFFF\"\n    scroll-color-secondary=\"#CA4A4F\"\n    mobile-overlay=\"\"\n    mobile-overlay-content=\"\"\n    mobile-overlay-button=\"null\"\n    mobile-overlay-color=\"\"\n    faded-background-image=\"\"\n  >\n    <template v-slot:text-center>\n                                    <div class=\"wysiwyg-container\">\n              <h4 style=\"text-align: center;\"><span style=\"color: #ca4a4f;\">BUDWEISER BUDVAR TANKOV\u00c9 PIVO \u2013 \u201eTANKBIER\u201c \u2013 KOMMT FRISCH UND NICHT PASTEURISIERT AUS UNSEREN BRAUKELLERN IN \u010cESK\u00c9 BUD\u011aJOVICE DIREKT IN EINE BAR IN IHRER N\u00c4HE. MIT TANKBIER ERLEBEN SIE DIE BIERREPUBLIK SO NAH WIE M\u00d6GLICH, OHNE SIE SELBST ZU BESUCHEN. SUCHEN SIE MITHILFE DER KARTE NACH IHREM N\u00c4CHSTEN H\u00c4NDLER. <\/span><\/h4>\n\n            <\/div>\n                          <\/template>\n\n\n      <\/hero>\n<\/div>\n\n\n<div data-block_5db1d83ea8dc3 class=\"maps align\">\n    <maps\n    block-styles=\"{&quot;background-size&quot;:&quot;cover&quot;,&quot;background-repeat&quot;:&quot;no-repeat&quot;}\"\n    height=\"\"\n    min-height=\"\"\n    locations=\"[{&quot;name&quot;:&quot;THE OAST HOUSE&quot;,&quot;address&quot;:&quot;&lt;p&gt;&lt;span style=\\&quot;color: #ca4a4f;\\&quot;&gt;Crown Square,&lt;\\\/span&gt;&lt;\\\/p&gt;\\n&lt;p&gt;&lt;span style=\\&quot;color: #ca4a4f;\\&quot;&gt;The Avenue Courtyard,&lt;\\\/span&gt;&lt;\\\/p&gt;\\n&lt;p&gt;&lt;span style=\\&quot;color: #ca4a4f;\\&quot;&gt;Manchester&lt;\\\/span&gt;&lt;\\\/p&gt;\\n&lt;p&gt;&lt;span style=\\&quot;color: #ca4a4f;\\&quot;&gt;M3 3AY&lt;\\\/span&gt;&lt;\\\/p&gt;\\n&quot;,&quot;url&quot;:{&quot;title&quot;:&quot;theoasthouse.uk.com&quot;,&quot;url&quot;:&quot;https:\\\/\\\/theoasthouse.uk.com\\\/&quot;,&quot;target&quot;:&quot;_blank&quot;},&quot;phone_number&quot;:{&quot;title&quot;:&quot;0161 829 3830&quot;,&quot;url&quot;:&quot;tel:016120839203830&quot;,&quot;target&quot;:&quot;&quot;},&quot;location&quot;:{&quot;address&quot;:&quot;Manchester M3 3AY, UK&quot;,&quot;lat&quot;:&quot;53.4807114&quot;,&quot;lng&quot;:&quot;-2.251369899999986&quot;}},{&quot;name&quot;:&quot;THE BOTANIST SHEFFIELD&quot;,&quot;address&quot;:&quot;&lt;p&gt;&lt;span style=\\&quot;color: #ca4a4f;\\&quot;&gt;5A &amp;amp; 5B, 5A Leopold St,&lt;\\\/span&gt;&lt;\\\/p&gt;\\n&lt;p&gt;&lt;span style=\\&quot;color: #ca4a4f;\\&quot;&gt;Sheffield&lt;\\\/span&gt;&lt;\\\/p&gt;\\n&lt;p&gt;&lt;span style=\\&quot;color: #ca4a4f;\\&quot;&gt;S1 2JG&lt;\\\/span&gt;&lt;\\\/p&gt;\\n&lt;p&gt;&amp;nbsp;&lt;\\\/p&gt;\\n&quot;,&quot;url&quot;:{&quot;title&quot;:&quot;thebotanist.uk.com&quot;,&quot;url&quot;:&quot;http:\\\/\\\/www.thebotanist.uk.com&quot;,&quot;target&quot;:&quot;_blank&quot;},&quot;phone_number&quot;:{&quot;title&quot;:&quot;0114 273 7855&quot;,&quot;url&quot;:&quot;tel:011420273207855&quot;,&quot;target&quot;:&quot;&quot;},&quot;location&quot;:{&quot;address&quot;:&quot;Leopold Street, Sheffield S1 2JG, UK&quot;,&quot;lat&quot;:&quot;53.3818066&quot;,&quot;lng&quot;:&quot;-1.4720591999999897&quot;}},{&quot;name&quot;:&quot;THE CANAL HOUSE&quot;,&quot;address&quot;:&quot;&lt;p&gt;&lt;span style=\\&quot;color: #ca4a4f;\\&quot;&gt;12 Bridge Street,&lt;\\\/span&gt;&lt;\\\/p&gt;\\n&lt;p&gt;&lt;span style=\\&quot;color: #ca4a4f;\\&quot;&gt;Birmingham,&lt;\\\/span&gt;&lt;\\\/p&gt;\\n&lt;p&gt;&lt;span style=\\&quot;color: #ca4a4f;\\&quot;&gt;B1 2JR&lt;\\\/span&gt;&lt;\\\/p&gt;\\n&lt;p&gt;&amp;nbsp;&lt;\\\/p&gt;\\n&quot;,&quot;url&quot;:{&quot;title&quot;:&quot;thecanalhouse.uk.com&quot;,&quot;url&quot;:&quot;http:\\\/\\\/www.thecanalhouse.uk.com&quot;,&quot;target&quot;:&quot;_blank&quot;},&quot;phone_number&quot;:{&quot;title&quot;:&quot;0121 643 8829&quot;,&quot;url&quot;:&quot;tel:012120643208829&quot;,&quot;target&quot;:&quot;&quot;},&quot;location&quot;:{&quot;address&quot;:&quot;Bridge Street, Birmingham B1 2JR, UK&quot;,&quot;lat&quot;:&quot;52.4759391&quot;,&quot;lng&quot;:&quot;-1.9071463000000222&quot;}},{&quot;name&quot;:&quot;THE BOTANIST NEWCASTLE&quot;,&quot;address&quot;:&quot;&lt;p&gt;&lt;span style=\\&quot;color: #ca4a4f;\\&quot;&gt;Monument Mall,&lt;\\\/span&gt;&lt;\\\/p&gt;\\n&lt;p&gt;&lt;span style=\\&quot;color: #ca4a4f;\\&quot;&gt;Newcastle upon Tyne&lt;\\\/span&gt;&lt;\\\/p&gt;\\n&lt;p&gt;&lt;span style=\\&quot;color: #ca4a4f;\\&quot;&gt;NE1 7AL&lt;\\\/span&gt;&lt;\\\/p&gt;\\n&lt;p&gt;&amp;nbsp;&lt;\\\/p&gt;\\n&quot;,&quot;url&quot;:{&quot;title&quot;:&quot;thebotanist.uk.com&quot;,&quot;url&quot;:&quot;http:\\\/\\\/thebotanist.uk.com&quot;,&quot;target&quot;:&quot;_blank&quot;},&quot;phone_number&quot;:{&quot;title&quot;:&quot;0191 261 6307&quot;,&quot;url&quot;:&quot;tel:019120261206307&quot;,&quot;target&quot;:&quot;&quot;},&quot;location&quot;:{&quot;address&quot;:&quot;Monument Mall, Newcastle upon Tyne NE1 7AL, UK&quot;,&quot;lat&quot;:&quot;54.97434769999999&quot;,&quot;lng&quot;:&quot;-1.613092300000062&quot;}},{&quot;name&quot;:&quot;THE TRADING HOUSE&quot;,&quot;address&quot;:&quot;&lt;p&gt;&lt;span style=\\&quot;color: #ca4a4f;\\&quot;&gt;89-91 Gresham Street,&lt;\\\/span&gt;&lt;\\\/p&gt;\\n&lt;p&gt;&lt;span style=\\&quot;color: #ca4a4f;\\&quot;&gt;Bank,&lt;\\\/span&gt;&lt;\\\/p&gt;\\n&lt;p&gt;&lt;span style=\\&quot;color: #ca4a4f;\\&quot;&gt;London&lt;\\\/span&gt;&lt;\\\/p&gt;\\n&lt;p&gt;&lt;span style=\\&quot;color: #ca4a4f;\\&quot;&gt;EC2V 7NQ&lt;\\\/span&gt;&lt;\\\/p&gt;\\n&quot;,&quot;url&quot;:{&quot;title&quot;:&quot;thetradinghouse.uk.com&quot;,&quot;url&quot;:&quot;http:\\\/\\\/www.thetradinghouse.uk.com&quot;,&quot;target&quot;:&quot;_blank&quot;},&quot;phone_number&quot;:{&quot;title&quot;:&quot;020 7600 5050&quot;,&quot;url&quot;:&quot;tel:020720600205050&quot;,&quot;target&quot;:&quot;&quot;},&quot;location&quot;:{&quot;address&quot;:&quot;London EC2V 7NQ, UK&quot;,&quot;lat&quot;:&quot;51.5151772&quot;,&quot;lng&quot;:&quot;-0.09177490000001853&quot;}},{&quot;name&quot;:&quot;THE HOLY HOBO&quot;,&quot;address&quot;:&quot;&lt;p&gt;&lt;span style=\\&quot;color: #ca4a4f;\\&quot;&gt;Three,&lt;\\\/span&gt;&lt;\\\/p&gt;\\n&lt;p&gt;&lt;span style=\\&quot;color: #ca4a4f;\\&quot;&gt;Jesmond Three Sixty,&lt;\\\/span&gt;&lt;\\\/p&gt;\\n&lt;p&gt;&lt;span style=\\&quot;color: #ca4a4f;\\&quot;&gt;Newcastle upon Tyne&lt;\\\/span&gt;&lt;\\\/p&gt;\\n&lt;p&gt;&lt;span style=\\&quot;color: #ca4a4f;\\&quot;&gt;NE2 1DB&lt;\\\/span&gt;&lt;\\\/p&gt;\\n&quot;,&quot;url&quot;:{&quot;title&quot;:&quot;holyhobo.co.uk&quot;,&quot;url&quot;:&quot;http:\\\/\\\/www.holyhobo.co.uk&quot;,&quot;target&quot;:&quot;_blank&quot;},&quot;phone_number&quot;:{&quot;title&quot;:&quot;0191 281 3010&quot;,&quot;url&quot;:&quot;tel:019120281203010&quot;,&quot;target&quot;:&quot;&quot;},&quot;location&quot;:{&quot;address&quot;:&quot;Archbold Terrace, Newcastle upon Tyne NE2 1DB, UK&quot;,&quot;lat&quot;:&quot;54.9810767&quot;,&quot;lng&quot;:&quot;-1.6054672999999866&quot;}},{&quot;name&quot;:&quot;THE BOX LEEDS&quot;,&quot;address&quot;:&quot;&lt;p&gt;&lt;span style=\\&quot;color: #ca4a4f;\\&quot;&gt;15 Infirmary St,&lt;\\\/span&gt;&lt;\\\/p&gt;\\n&lt;p&gt;&lt;span style=\\&quot;color: #ca4a4f;\\&quot;&gt;Leeds&lt;\\\/span&gt;&lt;\\\/p&gt;\\n&lt;p&gt;&lt;span style=\\&quot;color: #ca4a4f;\\&quot;&gt;LS1 2JS&lt;\\\/span&gt;&lt;\\\/p&gt;\\n&lt;p&gt;&amp;nbsp;&lt;\\\/p&gt;\\n&quot;,&quot;url&quot;:{&quot;title&quot;:&quot;arcinspirations.com&quot;,&quot;url&quot;:&quot;http:\\\/\\\/www.arcinspirations.com\\\/box-leeds&quot;,&quot;target&quot;:&quot;_blank&quot;},&quot;phone_number&quot;:{&quot;title&quot;:&quot;0113 532 7010&quot;,&quot;url&quot;:&quot;tel:011320532207010&quot;,&quot;target&quot;:&quot;&quot;},&quot;location&quot;:{&quot;address&quot;:&quot;Leeds LS1 2JS, UK&quot;,&quot;lat&quot;:&quot;53.79771940000001&quot;,&quot;lng&quot;:&quot;-1.5495092999999542&quot;}},{&quot;name&quot;:&quot;THE BOTANIST COVENTRY&quot;,&quot;address&quot;:&quot;&lt;p&gt;&lt;span style=\\&quot;color: #ca4a4f;\\&quot;&gt;Unit 4, Cathedral Lanes Shopping Centre,&lt;\\\/span&gt;&lt;\\\/p&gt;\\n&lt;p&gt;&lt;span style=\\&quot;color: #ca4a4f;\\&quot;&gt;Broadgate,&lt;\\\/span&gt;&lt;\\\/p&gt;\\n&lt;p&gt;&lt;span style=\\&quot;color: #ca4a4f;\\&quot;&gt;Coventry&lt;\\\/span&gt;&lt;\\\/p&gt;\\n&lt;p&gt;&lt;span style=\\&quot;color: #ca4a4f;\\&quot;&gt;CV1 1LL&lt;\\\/span&gt;&lt;\\\/p&gt;\\n&quot;,&quot;url&quot;:{&quot;title&quot;:&quot;thebotanist.uk.com&quot;,&quot;url&quot;:&quot;http:\\\/\\\/www.thebotanist.uk.com\\\/locations\\\/coventry&quot;,&quot;target&quot;:&quot;_blank&quot;},&quot;phone_number&quot;:{&quot;title&quot;:&quot;024 7710 3505&quot;,&quot;url&quot;:&quot;tel:024720710203505&quot;,&quot;target&quot;:&quot;&quot;},&quot;location&quot;:{&quot;address&quot;:&quot;Coventry CV1 1LL, UK&quot;,&quot;lat&quot;:&quot;52.4077941&quot;,&quot;lng&quot;:&quot;-1.5098844999999983&quot;}},{&quot;name&quot;:&quot;DRAFTHOUSE SEETHING&quot;,&quot;address&quot;:&quot;&lt;p&gt;&lt;span style=\\&quot;color: #ca4a4f;\\&quot;&gt;14-15 Seething Ln,&lt;\\\/span&gt;&lt;\\\/p&gt;\\n&lt;p&gt;&lt;span style=\\&quot;color: #ca4a4f;\\&quot;&gt;London&lt;\\\/span&gt;&lt;\\\/p&gt;\\n&lt;p&gt;&lt;span style=\\&quot;color: #ca4a4f;\\&quot;&gt;EC3N 4AX&lt;\\\/span&gt;&lt;\\\/p&gt;\\n&lt;p&gt;&amp;nbsp;&lt;\\\/p&gt;\\n&quot;,&quot;url&quot;:{&quot;title&quot;:&quot;drafthouse.co.uk&quot;,&quot;url&quot;:&quot;http:\\\/\\\/www.drafthouse.co.uk\\\/locations\\\/seething-lanem&quot;,&quot;target&quot;:&quot;_blank&quot;},&quot;phone_number&quot;:{&quot;title&quot;:&quot;020 7042 7468&quot;,&quot;url&quot;:&quot;tel:020720042207468&quot;,&quot;target&quot;:&quot;&quot;},&quot;location&quot;:{&quot;address&quot;:&quot;Seething Lane, London EC3N 4AX, UK&quot;,&quot;lat&quot;:&quot;51.5100123&quot;,&quot;lng&quot;:&quot;-0.07918300000005729&quot;}},{&quot;name&quot;:&quot;DRAFTHOUSE CHANCERY&quot;,&quot;address&quot;:&quot;&lt;p&gt;&lt;span style=\\&quot;color: #ca4a4f;\\&quot;&gt;1 Plough Pl,&lt;\\\/span&gt;&lt;\\\/p&gt;\\n&lt;p&gt;&lt;span style=\\&quot;color: #ca4a4f;\\&quot;&gt;Holborn,&lt;\\\/span&gt;&lt;\\\/p&gt;\\n&lt;p&gt;&lt;span style=\\&quot;color: #ca4a4f;\\&quot;&gt;London&lt;\\\/span&gt;&lt;\\\/p&gt;\\n&lt;p&gt;&lt;span style=\\&quot;color: #ca4a4f;\\&quot;&gt;EC4A 1DE&lt;\\\/span&gt;&lt;\\\/p&gt;\\n&quot;,&quot;url&quot;:{&quot;title&quot;:&quot;drafthouse.co.uk&quot;,&quot;url&quot;:&quot;http:\\\/\\\/www.drafthouse.co.uk\\\/locations\\\/chancery&quot;,&quot;target&quot;:&quot;_blank&quot;},&quot;phone_number&quot;:{&quot;title&quot;:&quot;020 3141 5885&quot;,&quot;url&quot;:&quot;tel:020320141205885&quot;,&quot;target&quot;:&quot;&quot;},&quot;location&quot;:{&quot;address&quot;:&quot;Plough Place, London EC4A 1DE, UK&quot;,&quot;lat&quot;:&quot;51.5165592&quot;,&quot;lng&quot;:&quot;-0.10858559999996942&quot;}}]\"\n  >\n  <\/maps>\n<\/div>\n\n\n<div data-block_5d77f09365a5b class=\"link-block align\">\n    <link-block\n    block-styles=\"{&quot;background-size&quot;:&quot;cover&quot;,&quot;background-repeat&quot;:&quot;no-repeat&quot;}\"\n    height=\"\"\n    min-height=\"100vh\"\n     link=\"https:\/\/budweiserbudvar.com\/de\/visit-us\/\"     background-image=\"https:\/\/budweiserbudvar.com\/de\/wp-content\/uploads\/sites\/3\/2019\/09\/contact-budvar-brewery-overlay.jpg\"\n    background-image-hover=\"https:\/\/budweiserbudvar.com\/de\/wp-content\/uploads\/sites\/3\/2019\/09\/contact-budvar-brewery-overlay.jpg\"\n  >\n      <h1 class=\"font-outline\" style=\"text-align: center;\">Visit<\/h1>\n<p>&nbsp;<\/p>\n<h3 class=\"text-uppercase\" style=\"text-align: center;\">Book a brewery tour<\/h3>\n\n      <img decoding=\"async\" class=\"arrow-right img-fluid mt-4\" src=\"https:\/\/budweiserbudvar.com\/de\/wp-content\/themes\/budvar\/dist\/images\/arrow-right-white_c841e0c2.svg\" alt=\"\">\n  <\/link-block>\n<\/div>\n","protected":false},"excerpt":{"rendered":"","protected":false},"author":1,"featured_media":0,"parent":0,"menu_order":0,"comment_status":"closed","ping_status":"closed","template":"","meta":{"_acf_changed":false,"footnotes":""},"class_list":["post-27","page","type-page","status-publish","hentry"],"yoast_head":"<!-- This site is optimized with the Yoast SEO plugin v25.8 - https:\/\/yoast.com\/wordpress\/plugins\/seo\/ -->\n<title>Drink - Budvar | DE<\/title>\n<meta name=\"robots\" content=\"index, follow, max-snippet:-1, max-image-preview:large, max-video-preview:-1\" \/>\n<link rel=\"canonical\" href=\"https:\/\/budweiserbudvar.com\/de\/trinken\/\" \/>\n<meta property=\"og:locale\" content=\"de_DE\" \/>\n<meta property=\"og:type\" content=\"article\" \/>\n<meta property=\"og:title\" content=\"Drink - Budvar | DE\" \/>\n<meta property=\"og:url\" content=\"https:\/\/budweiserbudvar.com\/de\/trinken\/\" \/>\n<meta property=\"og:site_name\" content=\"Budvar | DE\" \/>\n<meta property=\"article:modified_time\" content=\"2020-01-22T13:19:21+00:00\" \/>\n<meta name=\"twitter:card\" content=\"summary_large_image\" \/>\n<script type=\"application\/ld+json\" class=\"yoast-schema-graph\">{\"@context\":\"https:\/\/schema.org\",\"@graph\":[{\"@type\":\"WebPage\",\"@id\":\"https:\/\/budweiserbudvar.com\/de\/trinken\/\",\"url\":\"https:\/\/budweiserbudvar.com\/de\/trinken\/\",\"name\":\"Drink - Budvar | DE\",\"isPartOf\":{\"@id\":\"https:\/\/budweiserbudvar.com\/de\/#website\"},\"datePublished\":\"2019-08-30T14:09:41+00:00\",\"dateModified\":\"2020-01-22T13:19:21+00:00\",\"breadcrumb\":{\"@id\":\"https:\/\/budweiserbudvar.com\/de\/trinken\/#breadcrumb\"},\"inLanguage\":\"de-DE\",\"potentialAction\":[{\"@type\":\"ReadAction\",\"target\":[\"https:\/\/budweiserbudvar.com\/de\/trinken\/\"]}]},{\"@type\":\"BreadcrumbList\",\"@id\":\"https:\/\/budweiserbudvar.com\/de\/trinken\/#breadcrumb\",\"itemListElement\":[{\"@type\":\"ListItem\",\"position\":1,\"name\":\"Home\",\"item\":\"https:\/\/budweiserbudvar.com\/de\/\"},{\"@type\":\"ListItem\",\"position\":2,\"name\":\"Drink\"}]},{\"@type\":\"WebSite\",\"@id\":\"https:\/\/budweiserbudvar.com\/de\/#website\",\"url\":\"https:\/\/budweiserbudvar.com\/de\/\",\"name\":\"Budvar | DE\",\"description\":\"Budvar\",\"potentialAction\":[{\"@type\":\"SearchAction\",\"target\":{\"@type\":\"EntryPoint\",\"urlTemplate\":\"https:\/\/budweiserbudvar.com\/de\/?s={search_term_string}\"},\"query-input\":{\"@type\":\"PropertyValueSpecification\",\"valueRequired\":true,\"valueName\":\"search_term_string\"}}],\"inLanguage\":\"de-DE\"}]}<\/script>\n<!-- \/ Yoast SEO plugin. -->","yoast_head_json":{"title":"Drink - Budvar | DE","robots":{"index":"index","follow":"follow","max-snippet":"max-snippet:-1","max-image-preview":"max-image-preview:large","max-video-preview":"max-video-preview:-1"},"canonical":"https:\/\/budweiserbudvar.com\/de\/trinken\/","og_locale":"de_DE","og_type":"article","og_title":"Drink - Budvar | DE","og_url":"https:\/\/budweiserbudvar.com\/de\/trinken\/","og_site_name":"Budvar | DE","article_modified_time":"2020-01-22T13:19:21+00:00","twitter_card":"summary_large_image","schema":{"@context":"https:\/\/schema.org","@graph":[{"@type":"WebPage","@id":"https:\/\/budweiserbudvar.com\/de\/trinken\/","url":"https:\/\/budweiserbudvar.com\/de\/trinken\/","name":"Drink - Budvar | DE","isPartOf":{"@id":"https:\/\/budweiserbudvar.com\/de\/#website"},"datePublished":"2019-08-30T14:09:41+00:00","dateModified":"2020-01-22T13:19:21+00:00","breadcrumb":{"@id":"https:\/\/budweiserbudvar.com\/de\/trinken\/#breadcrumb"},"inLanguage":"de-DE","potentialAction":[{"@type":"ReadAction","target":["https:\/\/budweiserbudvar.com\/de\/trinken\/"]}]},{"@type":"BreadcrumbList","@id":"https:\/\/budweiserbudvar.com\/de\/trinken\/#breadcrumb","itemListElement":[{"@type":"ListItem","position":1,"name":"Home","item":"https:\/\/budweiserbudvar.com\/de\/"},{"@type":"ListItem","position":2,"name":"Drink"}]},{"@type":"WebSite","@id":"https:\/\/budweiserbudvar.com\/de\/#website","url":"https:\/\/budweiserbudvar.com\/de\/","name":"Budvar | DE","description":"Budvar","potentialAction":[{"@type":"SearchAction","target":{"@type":"EntryPoint","urlTemplate":"https:\/\/budweiserbudvar.com\/de\/?s={search_term_string}"},"query-input":{"@type":"PropertyValueSpecification","valueRequired":true,"valueName":"search_term_string"}}],"inLanguage":"de-DE"}]}},"acf":[],"_links":{"self":[{"href":"https:\/\/budweiserbudvar.com\/de\/wp-json\/wp\/v2\/pages\/27","targetHints":{"allow":["GET"]}}],"collection":[{"href":"https:\/\/budweiserbudvar.com\/de\/wp-json\/wp\/v2\/pages"}],"about":[{"href":"https:\/\/budweiserbudvar.com\/de\/wp-json\/wp\/v2\/types\/page"}],"author":[{"embeddable":true,"href":"https:\/\/budweiserbudvar.com\/de\/wp-json\/wp\/v2\/users\/1"}],"replies":[{"embeddable":true,"href":"https:\/\/budweiserbudvar.com\/de\/wp-json\/wp\/v2\/comments?post=27"}],"version-history":[{"count":0,"href":"https:\/\/budweiserbudvar.com\/de\/wp-json\/wp\/v2\/pages\/27\/revisions"}],"wp:attachment":[{"href":"https:\/\/budweiserbudvar.com\/de\/wp-json\/wp\/v2\/media?parent=27"}],"curies":[{"name":"wp","href":"https:\/\/api.w.org\/{rel}","templated":true}]}}