{"id":25,"date":"2019-08-30T14:09:32","date_gmt":"2019-08-30T14:09:32","guid":{"rendered":"http:\/\/budweiserbudvar.com\/de\/?page_id=25"},"modified":"2020-03-09T12:04:36","modified_gmt":"2020-03-09T12:04:36","slug":"zutaten","status":"publish","type":"page","link":"https:\/\/budweiserbudvar.com\/de\/zutaten\/","title":{"rendered":"Ingredients"},"content":{"rendered":"<div data-block_5d77a969c7b03 class=\"hero-block align\">\n  <hero\n    block-styles=\"{&quot;background-image&quot;:&quot;url(https:\\\/\\\/budweiserbudvar.com\\\/de\\\/wp-content\\\/uploads\\\/sites\\\/3\\\/2019\\\/09\\\/INGREDIENTS.jpeg)&quot;,&quot;color&quot;:&quot;#ffffff&quot;,&quot;background-size&quot;:&quot;cover&quot;,&quot;background-repeat&quot;:&quot;no-repeat&quot;}\"\n    block-styles-tablet=\"{&quot;background-size&quot;:&quot;cover&quot;,&quot;background-repeat&quot;:&quot;no-repeat&quot;}\"\n    block-styles-mobile=\"{&quot;background-image&quot;:&quot;url(https:\\\/\\\/budweiserbudvar.com\\\/de\\\/wp-content\\\/uploads\\\/sites\\\/3\\\/2019\\\/10\\\/ingredients-mobile-1.jpg)&quot;,&quot;background-size&quot;:&quot;cover&quot;,&quot;background-repeat&quot;:&quot;no-repeat&quot;}\"\n    height=\"1px\"\n    min-height=\"calc(100vh - 100px)\"\n    text-center-width=\"{&quot;mobile&quot;:&quot;100&quot;,&quot;tablet&quot;:&quot;100&quot;,&quot;desktop&quot;:&quot;100&quot;}\"\n        scroll-down-show=\"1\"\n    scroll-text=\"\"\n    scroll-text-default=\"VORSCROLLEN\"\n    scroll-color-primary=\"#ffffff\"\n    scroll-color-secondary=\"#ca4a4f\"\n    mobile-overlay=\"\"\n    mobile-overlay-content=\"\"\n    mobile-overlay-button=\"null\"\n    mobile-overlay-color=\"\"\n    faded-background-image=\"1\"\n  >\n    <template v-slot:text-center>\n                                    <div class=\"wysiwyg-container\">\n              <div class=\"lift-content-mobile\">\n<h1 class=\"font-outline letter-spacing-big\" style=\"text-align: center;\">ZUTATEN<\/h1>\n<\/div>\n\n            <\/div>\n                          <\/template>\n\n\n                            <template v-slot:bottom>\n            \n                      <\/template>\n\n                    <\/hero>\n<\/div>\n\n\n<div data-block_5d77e16203f23 class=\"hero-block align\">\n  <hero\n    block-styles=\"{&quot;background-color&quot;:&quot;#fffef8&quot;,&quot;color&quot;:&quot;#cb4146&quot;,&quot;padding-top&quot;:&quot;100px&quot;,&quot;padding-bottom&quot;:&quot;100px&quot;,&quot;background-size&quot;:&quot;cover&quot;,&quot;background-repeat&quot;:&quot;no-repeat&quot;}\"\n    block-styles-tablet=\"{&quot;padding-top&quot;:&quot;100px&quot;,&quot;padding-bottom&quot;:&quot;100px&quot;,&quot;background-size&quot;:&quot;cover&quot;,&quot;background-repeat&quot;:&quot;no-repeat&quot;}\"\n    block-styles-mobile=\"{&quot;padding-top&quot;:&quot;100px&quot;,&quot;padding-bottom&quot;:&quot;100px&quot;,&quot;background-size&quot;:&quot;cover&quot;,&quot;background-repeat&quot;:&quot;no-repeat&quot;}\"\n    height=\"\"\n    min-height=\"\"\n    text-center-width=\"{&quot;mobile&quot;:&quot;80&quot;,&quot;tablet&quot;:&quot;80&quot;,&quot;desktop&quot;:&quot;55&quot;}\"\n        scroll-down-show=\"\"\n    scroll-text=\"\"\n    scroll-text-default=\"VORSCROLLEN\"\n    scroll-color-primary=\"#FFFFFF\"\n    scroll-color-secondary=\"#CA4A4F\"\n    mobile-overlay=\"\"\n    mobile-overlay-content=\"\"\n    mobile-overlay-button=\"null\"\n    mobile-overlay-color=\"\"\n    faded-background-image=\"\"\n  >\n    <template v-slot:text-center>\n                                    <div class=\"wysiwyg-container\">\n              <h4 style=\"text-align: center;\"><span style=\"color: #ca4a4f;\">UNSER BIER BERUHT AUF UNSERER GEOGRAFISCHEN UND GEOLOGISCHEN VIELFALT, UNSEREN FRUCHTBAREN B\u00d6DEN UND DEM PERFEKTEN KLIMA.<\/span><\/h4>\n<p>&nbsp;<\/p>\n<h4 style=\"text-align: center;\"><span style=\"color: #ca4a4f;\"> WIR BRAUEN BUDWEISER BUDVAR SEIT 125 JAHREN UNVER\u00c4NDERT AUS VIER HOCHWERTIGEN ZUTATEN, DIE WIR SEIT JEHER VON DEN GLEICHEN ORTEN IN DER TSCHECHISCHEN REPUBLIK BEZIEHEN.<\/span><\/h4>\n\n            <\/div>\n                          <\/template>\n\n\n      <\/hero>\n<\/div>\n\n\n<div data-block_5d77bc168f03f class=\"ingredients-sections align\">\n  \n  <ingredients\n    title=\"WASSER\"\n    image=\"https:\/\/budweiserbudvar.com\/de\/wp-content\/uploads\/sites\/3\/2019\/11\/water.svg\"\n          video=\"https:\/\/budweiserbudvar.com\/de\/wp-content\/uploads\/sites\/3\/2019\/12\/Water-German-Subs-sml.mp4\"\n        block-id=\"block_5d77bc168f03f\"\n    left-or-right=\"left\"\n          link=\"http:\/\/budweiserbudvar.com\/de\/blog\/story\/ingredients\/\"\n        watch=\"FILM ANSEHEN\"\n    read=\"MEHR LESEN \"\n  >\n    <p class=\"large\" style=\"text-align: center;\"><span style=\"color: #ca4a4f;\">Frisches weiches Wasser ist von grundlegender Bedeutung, um hervorragendes Lagerbier zu brauen. Keine andere Brauerei der Welt besitzt eine derart reine, perfekte Quelle wie wir. Unser Wasser kommt aus einem Grundwasserleiter, der seinen Ursprung in der Eiszeit hat und 300 m unter unserer Brauerei in \u010cesk\u00e9 Bud\u011bjovice liegt \u2013 daher ist es absolut rein und stammt aus einer Zeit, in der es noch keine Verschmutzung oder Landwirtschaft gab. Anders als andere Brauereien m\u00fcssen wir unser Wasser vor dem Brauen nicht chloren oder enth\u00e4rten; es flie\u00dft kristallklar und gebrauchsfertig aus unseren artesischen Brunnen.<\/span><\/p>\n\n  <\/ingredients>\n\n  <\/div>\n\n\n<div data-block_5d77cb2123282 class=\"ingredients-sections align\">\n  \n  <ingredients\n    title=\"HOPFEN\"\n    image=\"https:\/\/budweiserbudvar.com\/de\/wp-content\/uploads\/sites\/3\/2019\/11\/hops.svg\"\n          video=\"https:\/\/budweiserbudvar.com\/de\/wp-content\/uploads\/sites\/3\/2019\/12\/Hops-German-Subs-sml.mp4\"\n        block-id=\"block_5d77cb2123282\"\n    left-or-right=\"right\"\n          link=\"http:\/\/budweiserbudvar.com\/de\/blog\/story\/ingredients\/\"\n        watch=\"FILM ANSEHEN\"\n    read=\"MEHR LESEN \"\n  >\n    <p class=\"large\" style=\"text-align: center;\"><span style=\"color: #ca4a4f;\">Wir brauen einzig und allein mit Saazer Doldenhopfen und sind weltweit die einzige Brauerei unserer Gr\u00f6\u00dfenordnung, die dies noch tut. Unser Saazer Hopfen stammt von den 700 Jahre alten Hopfenfeldern um die Stadt \u017datec und genie\u00dft aufgrund seiner milden, bitteren Note, seines komplexen Aromas und seiner spritzigen, frischen, blumigen W\u00fcrze einen ausgezeichneten Ruf \u2013 noch heute garantiert ein Wachssiegel seine G\u00fcte bei der Lieferung an unsere Brauerei. Er gilt auf der ganzen Welt als \u201eedler\u201c Hopfen, bei uns tr\u00e4gt er den Namen \u201egr\u00fcnes Gold\u201c.<\/span><\/p>\n\n  <\/ingredients>\n\n  <\/div>\n\n\n<div data-block_5d77cc68d1751 class=\"ingredients-sections align\">\n  \n  <ingredients\n    title=\"MALZ\"\n    image=\"https:\/\/budweiserbudvar.com\/de\/wp-content\/uploads\/sites\/3\/2019\/11\/malt.svg\"\n          video=\"https:\/\/budweiserbudvar.com\/de\/wp-content\/uploads\/sites\/3\/2019\/12\/Malt-German-Subs-sml.mp4\"\n        block-id=\"block_5d77cc68d1751\"\n    left-or-right=\"left\"\n          link=\"http:\/\/budweiserbudvar.com\/de\/blog\/story\/ingredients\/\"\n        watch=\"FILM ANSEHEN\"\n    read=\"MEHR LESEN \"\n  >\n    <p class=\"large\" style=\"text-align: center;\"><span style=\"color: #ca4a4f;\">Die wahre Seele unseres Biers ist das Malz: Es erzeugt seine goldene Farbe, seine S\u00fc\u00dfe und seinen vollmundigen Geschmack. Auch der Ort, von dem wir unser Malz beziehen, hat eine wahre Seele: die m\u00e4hrische Region Han\u00e1, in der sieben Fl\u00fcsse eine Ebene mit reichem, fruchtbarem Boden bilden \u2013 der sich hervorragend f\u00fcr den Anbau unserer einzigartigen Sorte von besonders hochwertigem, hellem Malz eignet. Diese \u00fcber Jahrhunderte kultivierte Braugerste wird von unseren M\u00e4lzern zum Leben erweckt und ist die ideale Grundlage f\u00fcr das Maischen, damit unser Bier einen besonders vollen Geschmack erh\u00e4lt.<\/span><\/p>\n\n  <\/ingredients>\n\n  <\/div>\n\n\n<div data-block_5d77cd38d1752 class=\"ingredients-sections align\">\n  \n  <ingredients\n    title=\"HEFE\"\n    image=\"https:\/\/budweiserbudvar.com\/de\/wp-content\/uploads\/sites\/3\/2019\/11\/yeast.svg\"\n        block-id=\"block_5d77cd38d1752\"\n    left-or-right=\"right\"\n          link=\"http:\/\/budweiserbudvar.com\/de\/blog\/story\/ingredients\/\"\n        watch=\"FILM ANSEHEN\"\n    read=\"MEHR LESEN \"\n  >\n    <p class=\"large\" style=\"text-align: center;\"><span style=\"color: #ca4a4f;\">Der stille Held der Braukunst ist zweifelsohne die Hefe. Sie ist die Basis f\u00fcr die G\u00e4rung und erzeugt die Karbonisierung, die unserem Bier seinen klaren, frischen Abgang verleiht. Die Hefe, die beim Brauen von Budweiser Budvar zum Einsatz kommt, ist eine traditionelle Bierhefe, die wir seit der Gr\u00fcndung unserer Brauerei im Jahr 1895 sorgsam pflegen und sch\u00fctzen. Sie wird von uns selbst hergestellt und ist auf k\u00fchlere Temperaturen und eine l\u00e4ngere Lagerung ausgelegt \u2013 ein unverzichtbarer Bestandteil der langsamen Reifung in unseren k\u00fchlen Braukellern.<\/span><\/p>\n\n  <\/ingredients>\n\n  <\/div>\n\n\n<div data-block_5d6e75d1ef55c class=\"hero-block align\">\n  <hero\n    block-styles=\"{&quot;background-color&quot;:&quot;#cb4146&quot;,&quot;color&quot;:&quot;#ffffff&quot;,&quot;padding-top&quot;:&quot;60px&quot;,&quot;padding-bottom&quot;:&quot;60px&quot;,&quot;background-size&quot;:&quot;cover&quot;,&quot;background-repeat&quot;:&quot;no-repeat&quot;}\"\n    block-styles-tablet=\"{&quot;padding-top&quot;:&quot;px&quot;,&quot;padding-bottom&quot;:&quot;px&quot;,&quot;background-size&quot;:&quot;cover&quot;,&quot;background-repeat&quot;:&quot;no-repeat&quot;}\"\n    block-styles-mobile=\"{&quot;padding-top&quot;:&quot;px&quot;,&quot;padding-bottom&quot;:&quot;px&quot;,&quot;background-size&quot;:&quot;cover&quot;,&quot;background-repeat&quot;:&quot;no-repeat&quot;}\"\n    height=\"\"\n    min-height=\"\"\n    text-center-width=\"[]\"\n        scroll-down-show=\"\"\n    scroll-text=\"\"\n    scroll-text-default=\"VORSCROLLEN\"\n    scroll-color-primary=\"\"\n    scroll-color-secondary=\"\"\n    mobile-overlay=\"\"\n    mobile-overlay-content=\"\"\n    mobile-overlay-button=\"null\"\n    mobile-overlay-color=\"\"\n    faded-background-image=\"\"\n  >\n    <template v-slot:text-center>\n                                  <div class=\"images-container\">\n            <div class=\"width-container\" style=\"width:  100% ;\">\n                                                            <div class=\"image col\" style=\"\">\n                  <img decoding=\"async\" class=\"img-fluid\" src=\"https:\/\/budweiserbudvar.com\/de\/wp-content\/uploads\/sites\/3\/2019\/09\/greetings-from-the-republic-of-beer.svg\" alt=\"Greetings From The Republic Of Beer\" style=\"\">\n                <\/div>\n                                          <\/div>\n            <\/div>\n                            <\/template>\n\n\n      <\/hero>\n<\/div>\n","protected":false},"excerpt":{"rendered":"","protected":false},"author":1,"featured_media":0,"parent":0,"menu_order":0,"comment_status":"closed","ping_status":"closed","template":"","meta":{"_acf_changed":false,"footnotes":""},"class_list":["post-25","page","type-page","status-publish","hentry"],"yoast_head":"<!-- This site is optimized with the Yoast SEO plugin v25.8 - https:\/\/yoast.com\/wordpress\/plugins\/seo\/ -->\n<title>Ingredients - Budvar | DE<\/title>\n<meta name=\"robots\" content=\"index, follow, max-snippet:-1, max-image-preview:large, max-video-preview:-1\" \/>\n<link rel=\"canonical\" href=\"https:\/\/budweiserbudvar.com\/de\/zutaten\/\" \/>\n<meta property=\"og:locale\" content=\"de_DE\" \/>\n<meta property=\"og:type\" content=\"article\" \/>\n<meta property=\"og:title\" content=\"Ingredients - Budvar | DE\" \/>\n<meta property=\"og:url\" content=\"https:\/\/budweiserbudvar.com\/de\/zutaten\/\" \/>\n<meta property=\"og:site_name\" content=\"Budvar | DE\" \/>\n<meta property=\"article:modified_time\" content=\"2020-03-09T12:04:36+00:00\" \/>\n<meta name=\"twitter:card\" content=\"summary_large_image\" \/>\n<script type=\"application\/ld+json\" class=\"yoast-schema-graph\">{\"@context\":\"https:\/\/schema.org\",\"@graph\":[{\"@type\":\"WebPage\",\"@id\":\"https:\/\/budweiserbudvar.com\/de\/zutaten\/\",\"url\":\"https:\/\/budweiserbudvar.com\/de\/zutaten\/\",\"name\":\"Ingredients - Budvar | DE\",\"isPartOf\":{\"@id\":\"https:\/\/budweiserbudvar.com\/de\/#website\"},\"datePublished\":\"2019-08-30T14:09:32+00:00\",\"dateModified\":\"2020-03-09T12:04:36+00:00\",\"breadcrumb\":{\"@id\":\"https:\/\/budweiserbudvar.com\/de\/zutaten\/#breadcrumb\"},\"inLanguage\":\"de-DE\",\"potentialAction\":[{\"@type\":\"ReadAction\",\"target\":[\"https:\/\/budweiserbudvar.com\/de\/zutaten\/\"]}]},{\"@type\":\"BreadcrumbList\",\"@id\":\"https:\/\/budweiserbudvar.com\/de\/zutaten\/#breadcrumb\",\"itemListElement\":[{\"@type\":\"ListItem\",\"position\":1,\"name\":\"Home\",\"item\":\"https:\/\/budweiserbudvar.com\/de\/\"},{\"@type\":\"ListItem\",\"position\":2,\"name\":\"Ingredients\"}]},{\"@type\":\"WebSite\",\"@id\":\"https:\/\/budweiserbudvar.com\/de\/#website\",\"url\":\"https:\/\/budweiserbudvar.com\/de\/\",\"name\":\"Budvar | DE\",\"description\":\"Budvar\",\"potentialAction\":[{\"@type\":\"SearchAction\",\"target\":{\"@type\":\"EntryPoint\",\"urlTemplate\":\"https:\/\/budweiserbudvar.com\/de\/?s={search_term_string}\"},\"query-input\":{\"@type\":\"PropertyValueSpecification\",\"valueRequired\":true,\"valueName\":\"search_term_string\"}}],\"inLanguage\":\"de-DE\"}]}<\/script>\n<!-- \/ Yoast SEO plugin. -->","yoast_head_json":{"title":"Ingredients - Budvar | DE","robots":{"index":"index","follow":"follow","max-snippet":"max-snippet:-1","max-image-preview":"max-image-preview:large","max-video-preview":"max-video-preview:-1"},"canonical":"https:\/\/budweiserbudvar.com\/de\/zutaten\/","og_locale":"de_DE","og_type":"article","og_title":"Ingredients - Budvar | DE","og_url":"https:\/\/budweiserbudvar.com\/de\/zutaten\/","og_site_name":"Budvar | DE","article_modified_time":"2020-03-09T12:04:36+00:00","twitter_card":"summary_large_image","schema":{"@context":"https:\/\/schema.org","@graph":[{"@type":"WebPage","@id":"https:\/\/budweiserbudvar.com\/de\/zutaten\/","url":"https:\/\/budweiserbudvar.com\/de\/zutaten\/","name":"Ingredients - Budvar | DE","isPartOf":{"@id":"https:\/\/budweiserbudvar.com\/de\/#website"},"datePublished":"2019-08-30T14:09:32+00:00","dateModified":"2020-03-09T12:04:36+00:00","breadcrumb":{"@id":"https:\/\/budweiserbudvar.com\/de\/zutaten\/#breadcrumb"},"inLanguage":"de-DE","potentialAction":[{"@type":"ReadAction","target":["https:\/\/budweiserbudvar.com\/de\/zutaten\/"]}]},{"@type":"BreadcrumbList","@id":"https:\/\/budweiserbudvar.com\/de\/zutaten\/#breadcrumb","itemListElement":[{"@type":"ListItem","position":1,"name":"Home","item":"https:\/\/budweiserbudvar.com\/de\/"},{"@type":"ListItem","position":2,"name":"Ingredients"}]},{"@type":"WebSite","@id":"https:\/\/budweiserbudvar.com\/de\/#website","url":"https:\/\/budweiserbudvar.com\/de\/","name":"Budvar | DE","description":"Budvar","potentialAction":[{"@type":"SearchAction","target":{"@type":"EntryPoint","urlTemplate":"https:\/\/budweiserbudvar.com\/de\/?s={search_term_string}"},"query-input":{"@type":"PropertyValueSpecification","valueRequired":true,"valueName":"search_term_string"}}],"inLanguage":"de-DE"}]}},"acf":[],"_links":{"self":[{"href":"https:\/\/budweiserbudvar.com\/de\/wp-json\/wp\/v2\/pages\/25","targetHints":{"allow":["GET"]}}],"collection":[{"href":"https:\/\/budweiserbudvar.com\/de\/wp-json\/wp\/v2\/pages"}],"about":[{"href":"https:\/\/budweiserbudvar.com\/de\/wp-json\/wp\/v2\/types\/page"}],"author":[{"embeddable":true,"href":"https:\/\/budweiserbudvar.com\/de\/wp-json\/wp\/v2\/users\/1"}],"replies":[{"embeddable":true,"href":"https:\/\/budweiserbudvar.com\/de\/wp-json\/wp\/v2\/comments?post=25"}],"version-history":[{"count":0,"href":"https:\/\/budweiserbudvar.com\/de\/wp-json\/wp\/v2\/pages\/25\/revisions"}],"wp:attachment":[{"href":"https:\/\/budweiserbudvar.com\/de\/wp-json\/wp\/v2\/media?parent=25"}],"curies":[{"name":"wp","href":"https:\/\/api.w.org\/{rel}","templated":true}]}}