{"id":948,"date":"2019-10-23T11:15:27","date_gmt":"2019-10-23T11:15:27","guid":{"rendered":"http:\/\/budweiserbudvar.com\/at\/?page_id=948"},"modified":"2020-03-09T14:19:38","modified_gmt":"2020-03-09T14:19:38","slug":"beusuch-der-brauerei","status":"publish","type":"page","link":"https:\/\/budweiserbudvar.com\/at\/beusuch-der-brauerei\/","title":{"rendered":"Besuch der Brauerei"},"content":{"rendered":"<div data-block_5db03d882dd82 class=\"hero-block align\">\n  <hero\n    block-styles=\"{&quot;background-image&quot;:&quot;url(https:\\\/\\\/budweiserbudvar.com\\\/at\\\/wp-content\\\/uploads\\\/sites\\\/9\\\/2019\\\/12\\\/the-brew-kettles-in-the-brewhouse-visit-optim.jpg)&quot;,&quot;background-size&quot;:&quot;cover&quot;,&quot;background-repeat&quot;:&quot;no-repeat&quot;}\"\n    block-styles-tablet=\"{&quot;background-size&quot;:&quot;cover&quot;,&quot;background-repeat&quot;:&quot;no-repeat&quot;}\"\n    block-styles-mobile=\"{&quot;background-size&quot;:&quot;cover&quot;,&quot;background-repeat&quot;:&quot;no-repeat&quot;}\"\n    height=\"1px\"\n    min-height=\"calc(100vh - 100px)\"\n    text-center-width=\"{&quot;mobile&quot;:&quot;100&quot;,&quot;tablet&quot;:&quot;100&quot;,&quot;desktop&quot;:&quot;100&quot;}\"\n        scroll-down-show=\"1\"\n    scroll-text=\"\"\n    scroll-text-default=\"VORSCROLLEN\"\n    scroll-color-primary=\"#ffffff\"\n    scroll-color-secondary=\"#f8f6e8\"\n    mobile-overlay=\"\"\n    mobile-overlay-content=\"\"\n    mobile-overlay-button=\"null\"\n    mobile-overlay-color=\"\"\n    faded-background-image=\"1\"\n  >\n    <template v-slot:text-center>\n                                    <div class=\"wysiwyg-container\">\n              <h1 class=\"font-outline letter-spacing-big lift-content-mobile-brewery\" style=\"text-align: center;\">BESUCH DER BRAUEREI<\/h1>\n\n            <\/div>\n                          <\/template>\n\n\n                            <template v-slot:bottom>\n            <div class=\"lift-content-mobile-extra\">\n<h5 class=\"margin-globally-secondary-text\">EIN FRISCH GEZAPFTES BUDVAR DIREKT VON DEN LAGERTANKS IN UNSEREN BRAUKELLERN IST EINES DER TOLLSTEN BIERERLEBNISSE DER WELT. KOMMEN SIE NACH CESK\u00c9 BUD\u011aJOVICE UND ERLEBEN SIE ES SELBST.<\/h5>\n<\/div>\n\n                      <\/template>\n\n                    <\/hero>\n<\/div>\n\n\n<div data-block_5db042222ee11 class=\"tours align tours-block\">\n  <section class=\"information bg-budvar-cream text-budvar-red py-2 py-md-5\">\n    <div class=\"container col-md-12 col-lg-10 col-xl-10\">\n      <div class=\"d-flex flex-wrap justify-content-center text-uppercase tours-title\">\n        <h3 class=\"text-center\">BESUCH DER BRAUEREI<\/h3>\n      <\/div>\n      <div class=\"information-cards pb-5\">\n                              <div class=\"information-card\">\n              <div class=\"information-card-inner\">\n                <div class=\"min-max-height\">\n                  <h4 class=\"title text-center text-budvar-dark-red mb-3\">\u00d6FFNUNGSZEITEN<\/h4>\n                  <div class=\"sub-title text-\">\n                    <p style=\"text-align: center;\"><span dir=\"auto\" style=\"vertical-align: inherit;\"><span dir=\"auto\" style=\"vertical-align: inherit;\">Daily from<\/span><\/span><\/p>\n<p style=\"text-align: center;\"><span dir=\"auto\" style=\"vertical-align: inherit;\"><span dir=\"auto\" style=\"vertical-align: inherit;\">9 a.m. &#8211; 5 p.m.<\/span><\/span><\/p>\n\n                  <\/div>\n                <\/div>\n                <div class=\"image\">\n                  <img decoding=\"async\" src=\"https:\/\/budweiserbudvar.com\/at\/wp-content\/uploads\/sites\/9\/2019\/11\/budvar-visit-opening-hours.svg\" alt=\"\">\n                <\/div>\n              <\/div>\n            <\/div>\n                      <div class=\"information-card\">\n              <div class=\"information-card-inner\">\n                <div class=\"min-max-height\">\n                  <h4 class=\"title text-center text-budvar-dark-red mb-3\">DAUER<\/h4>\n                  <div class=\"sub-title text-\">\n                    <p style=\"text-align: center;\"><span dir=\"auto\" style=\"vertical-align: inherit;\"><span dir=\"auto\" style=\"vertical-align: inherit;\">The tour lasts<\/span><\/span><\/p>\n<p style=\"text-align: center;\"><span dir=\"auto\" style=\"vertical-align: inherit;\"><span dir=\"auto\" style=\"vertical-align: inherit;\">approximately 60 minutes<\/span><\/span><\/p>\n\n                  <\/div>\n                <\/div>\n                <div class=\"image\">\n                  <img decoding=\"async\" src=\"https:\/\/budweiserbudvar.com\/at\/wp-content\/uploads\/sites\/9\/2019\/11\/budvar-visit-tour-duration.svg\" alt=\"\">\n                <\/div>\n              <\/div>\n            <\/div>\n                      <div class=\"information-card\">\n              <div class=\"information-card-inner\">\n                <div class=\"min-max-height\">\n                  <h4 class=\"title text-center text-budvar-dark-red mb-3\">EINTRITTSPREISE<\/h4>\n                  <div class=\"sub-title text-\">\n                    <p style=\"text-align: center;\"><span dir=\"auto\" style=\"vertical-align: inherit;\"><span dir=\"auto\" style=\"vertical-align: inherit;\">Entry prices start at 290 CZK.<\/span><\/span><\/p>\n<p style=\"text-align: center;\"><span dir=\"auto\" style=\"vertical-align: inherit;\"><span dir=\"auto\" style=\"vertical-align: inherit;\">per person<\/span><\/span><\/p>\n\n                  <\/div>\n                <\/div>\n                <div class=\"image\">\n                  <img decoding=\"async\" src=\"https:\/\/budweiserbudvar.com\/at\/wp-content\/uploads\/sites\/9\/2019\/11\/budvar-visit-tour-price.svg\" alt=\"\">\n                <\/div>\n              <\/div>\n            <\/div>\n                      <div class=\"information-card\">\n              <div class=\"information-card-inner\">\n                <div class=\"min-max-height\">\n                  <h4 class=\"title text-center text-budvar-dark-red mb-3\">SPRACHE DER BESICHTIGUNG<\/h4>\n                  <div class=\"sub-title text-\">\n                    <p style=\"text-align: center;\"><span dir=\"auto\" style=\"vertical-align: inherit;\"><span dir=\"auto\" style=\"vertical-align: inherit;\">Tours are available in the following languages:<\/span><\/span><\/p>\n<p style=\"text-align: center;\"><span dir=\"auto\" style=\"vertical-align: inherit;\"><span dir=\"auto\" style=\"vertical-align: inherit;\">CZ, EN, DE, RU, FR, ES, IT<\/span><\/span><\/p>\n\n                  <\/div>\n                <\/div>\n                <div class=\"image\">\n                  <img decoding=\"async\" src=\"https:\/\/budweiserbudvar.com\/at\/wp-content\/uploads\/sites\/9\/2019\/11\/budvar-visit-tour-language.svg\" alt=\"\">\n                <\/div>\n              <\/div>\n            <\/div>\n                        <\/div>\n    <\/div>\n  <\/section>\n  <section class=\"text-budvar-red font-proxima-nova\">\n    <div class=\"container col-md-12 col-lg-10 col-xl-10\">\n      <div class=\"d-flex flex-wrap justify-content-center text-uppercase tours-title\">\n        <h3>ANGABEN ZUR RESERVIERUNG<\/h3>\n      <\/div>\n      <div class=\"d-flex flex-wrap\">\n        <div class=\"table-container col-12 col-md-6 px-0 px-md-4\">\n          <table class=\"w-100 table\">\n            <thead>\n            <tr>\n              <th colspan=\"2\">\n                <div class=\"head\"><h4 class=\"text-budvar-dark-red\">BESICHTIGUNGEN OHNE RESERVIERUNG<\/h4><\/div>\n              <\/th>\n            <\/tr>\n            <\/thead>\n            <tbody>\n                                                                                      <tr>\n                  <td>Mar &#8211; Juni &amp; Sept \u2013 Dec<\/td>\n                  <td>t\u00e4glich, um 14.00 uhr<\/td>\n                <\/tr>\n                                <tr>\n                  <td>Juli \u2013 August<\/td>\n                  <td>t\u00e4glich, um 10.00 uhr und 14.00 uhr<\/td>\n                <\/tr>\n                                <tr>\n                  <td>Januar \u2013 Februar<\/td>\n                  <td>Montag bis Samstag um 14.00 uhr<\/td>\n                <\/tr>\n                                            <tr class=\"terms\">\n                <td colspan=\"2\"><h6 class=\"small\"><span dir=\"auto\" style=\"vertical-align: inherit;\"><span dir=\"auto\" style=\"vertical-align: inherit;\">Regular tours are conducted in Czech, English and German.<\/span><\/span><\/h6>\n<\/td>\n              <\/tr>\n                                      <\/tbody>\n          <\/table>\n        <\/div>\n\n        <div class=\"table-container col-12 col-md-6 px-0 px-md-4\">\n          <table class=\"w-100 table\">\n            <thead>\n            <tr>\n              <th colspan=\"2\">\n                <div class=\"head\"><h4 class=\"text-budvar-dark-red\">WANN IST EINE RESERVIERUNG ERFORDERLICH<\/h4><\/div>\n              <\/th>\n            <\/tr>\n            <\/thead>\n            <tbody>\n                                                                                      <tr>\n                  <td colspan=\"2\">1. Au\u00dferhalb der regelm\u00e4\u00dfigen Zeiten<\/td>\n                <\/tr>\n                                <tr>\n                  <td colspan=\"2\">2. F\u00fcr Besichtigungen auf Russisch, Franz\u00f6sisch, Spanisch und Italienisch<\/td>\n                <\/tr>\n                                <tr>\n                  <td colspan=\"2\">3. F\u00fcr Gruppen mit mehr als 5 Personen*<\/td>\n                <\/tr>\n                                            <tr class=\"terms\">\n                <td colspan=\"2\"><h6 class=\"small\"><span dir=\"auto\" style=\"vertical-align: inherit;\"><span dir=\"auto\" style=\"vertical-align: inherit;\">*Please note that the maximum group capacity is 30 people.<\/span><\/span><\/h6>\n<\/td>\n              <\/tr>\n                                      <\/tbody>\n          <\/table>\n        <\/div>\n      <\/div>\n\n      <div class=\"d-flex flex-wrap justify-content-center\">\n        <a href=\"mailto:excurse@budvar.cz\" class=\"book-a-tour\">BESICHTIGUNG RESERVIEREN <\/a>\n      <\/div>\n\n\n      <hr class=\"border-budvar-dark-red\">\n\n\n      <div class=\"d-flex flex-wrap justify-content-center text-uppercase tours-title\">\n        <h3>EINTRITTSPREISE<\/h3>\n      <\/div>\n      <div class=\"d-flex flex-wrap\">\n        <div class=\"table-container col-12 col-md-6 px-0 px-md-4\">\n          <table class=\"w-100 table\">\n            <thead>\n            <tr>\n              <th colspan=\"2\">\n                <div class=\"head\"><h4 class=\"text-budvar-dark-red\">W\u00c4HREND DER \u00d6FFNUNGSZEITEN\u00a0<\/h4><\/div>\n              <\/th>\n            <\/tr>\n            <\/thead>\n            <tbody>\n                                                                                      <tr>\n                  <td>Normaler Eintrittspreis<\/td>\n                  <td>290 CZK<\/td>\n                <\/tr>\n                                <tr>\n                  <td>Erm\u00e4\u00dfigter Eintrittspreis (Studenten usw.)<\/td>\n                  <td>220 CZK<\/td>\n                <\/tr>\n                                            <tr class=\"terms\">\n                <td colspan=\"2\"><\/td>\n              <\/tr>\n                                      <\/tbody>\n          <\/table>\n        <\/div>\n\n        <div class=\"table-container col-12 col-md-6 px-0 px-md-4\">\n          <table class=\"w-100 table\">\n            <thead>\n            <tr>\n              <th colspan=\"2\">\n                <div class=\"head\">\n                  <div><h4 class=\"text-budvar-dark-red\">AUSSERHALB DER \u00d6FFNUNGSZEITEN<\/h4><\/div>\n                <\/div>\n              <\/th>\n            <\/tr>\n            <\/thead>\n            <tbody>\n                                                                                      <tr>\n                  <td>Normaler Eintrittspreis<\/td>\n                  <td>500 CZK<\/td>\n                <\/tr>\n                                <tr>\n                  <td>Erm\u00e4\u00dfigter Eintrittspreis (Studenten usw.)<\/td>\n                  <td>300 CZK<\/td>\n                <\/tr>\n                                            <tr class=\"terms\">\n                <td colspan=\"2\"><\/td>\n              <\/tr>\n                                      <\/tbody>\n          <\/table>\n        <\/div>\n      <\/div>\n    <\/div>\n    <div class=\"d-flex flex-wrap justify-content-center\">\n      <a href=\"mailto:excurse@budvar.cz\" class=\"book-a-tour\">BESICHTIGUNG RESERVIEREN <\/a>\n    <\/div>\n  <\/section>\n  <section class=\"before-you-visit bg-budvar-cream text-budvar-red py-2 py-md-5\">\n    <div class=\"container col-md-12 col-lg-10 col-xl-10\">\n      <div class=\"d-flex flex-wrap justify-content-center text-uppercase tours-title\">\n        <h3 class=\"text-center\">VOR DEM BESUCH<\/h3>\n      <\/div>\n      <div class=\"information-cards\">\n                            <div class=\"information-card\">\n            <div class=\"information-card-inner\">\n                            <div class=\"title\"><h4><span class=\"font-futura-pt-bold\" style=\"color: #ca4a4f;\"><span dir=\"auto\" style=\"vertical-align: inherit;\"><span dir=\"auto\" style=\"vertical-align: inherit;\">THINGS TO KNOW TO PLAN YOUR VISIT\u00a0<\/span><\/span><\/span><\/h4>\n<\/div>\n            <\/div>\n          <\/div>\n                    <div class=\"information-card\">\n            <div class=\"information-card-inner\">\n                              <div class=\"image\">\n                  <img decoding=\"async\" src=\"https:\/\/budweiserbudvar.com\/at\/wp-content\/uploads\/sites\/9\/2019\/11\/budvar-visit-wheelchairs.svg\" alt=\"\">\n                <\/div>\n                            <div class=\"title\"><h5 class=\"font-proxima-nova\" style=\"text-align: center; font-weight: bold;\"><span style=\"color: #ca4a4f;\"><span dir=\"auto\" style=\"vertical-align: inherit;\"><span dir=\"auto\" style=\"vertical-align: inherit;\">The route is not wheelchair accessible. A visit for wheelchair users can be arranged individually upon request.<\/span><\/span><\/span><\/h5>\n<\/div>\n            <\/div>\n          <\/div>\n                    <div class=\"information-card\">\n            <div class=\"information-card-inner\">\n                              <div class=\"image\">\n                  <img decoding=\"async\" src=\"https:\/\/budweiserbudvar.com\/at\/wp-content\/uploads\/sites\/9\/2019\/11\/budvar-visit-bottling-room.svg\" alt=\"\">\n                <\/div>\n                            <div class=\"title\"><h5 class=\"font-proxima-nova\" style=\"text-align: center; font-weight: bold;\"><span style=\"color: #ca4a4f;\"><strong><span dir=\"auto\" style=\"vertical-align: inherit;\"><span dir=\"auto\" style=\"vertical-align: inherit;\">The bottling plant does not need to be in operation.<\/span><\/span><\/strong><\/span><\/h5>\n<\/div>\n            <\/div>\n          <\/div>\n                    <div class=\"information-card\">\n            <div class=\"information-card-inner\">\n                              <div class=\"image\">\n                  <img decoding=\"async\" src=\"https:\/\/budweiserbudvar.com\/at\/wp-content\/uploads\/sites\/9\/2019\/11\/budvar-visit-temperature.svg\" alt=\"\">\n                <\/div>\n                            <div class=\"title\"><h5 class=\"font-proxima-nova\" style=\"text-align: center; font-weight: bold;\"><span style=\"color: #ca4a4f;\"><strong><span dir=\"auto\" style=\"vertical-align: inherit;\"><span dir=\"auto\" style=\"vertical-align: inherit;\">Bring warm clothing. The temperature in the cellar is 2\u00b0C.<\/span><\/span><\/strong><\/span><\/h5>\n<\/div>\n            <\/div>\n          <\/div>\n                    <div class=\"information-card\">\n            <div class=\"information-card-inner\">\n                              <div class=\"image\">\n                  <img decoding=\"async\" src=\"https:\/\/budweiserbudvar.com\/at\/wp-content\/uploads\/sites\/9\/2019\/11\/budvar-visit-no-dogs.svg\" alt=\"\">\n                <\/div>\n                            <div class=\"title\"><h5 class=\"font-proxima-nova\" style=\"text-align: center; font-weight: bold;\"><span style=\"color: #ca4a4f;\"><span dir=\"auto\" style=\"vertical-align: inherit;\"><span dir=\"auto\" style=\"vertical-align: inherit;\">Dogs are not allowed.<\/span><\/span><\/span><\/h5>\n<\/div>\n            <\/div>\n          <\/div>\n                    <div class=\"information-card\">\n            <div class=\"information-card-inner\">\n                              <div class=\"image\">\n                  <img decoding=\"async\" src=\"https:\/\/budweiserbudvar.com\/at\/wp-content\/uploads\/sites\/9\/2019\/11\/budvar-visit-over-18.svg\" alt=\"\">\n                <\/div>\n                            <div class=\"title\"><h5 class=\"font-proxima-nova\" style=\"text-align: center; font-weight: bold;\"><span style=\"color: #ca4a4f;\"><strong><span dir=\"auto\" style=\"vertical-align: inherit;\"><span dir=\"auto\" style=\"vertical-align: inherit;\">Minors under 18 years of age will not receive a beer tasting.<\/span><\/span><\/strong><\/span><\/h5>\n<\/div>\n            <\/div>\n          <\/div>\n                    <div class=\"information-card\">\n            <div class=\"information-card-inner\">\n                              <div class=\"image\">\n                  <img decoding=\"async\" src=\"https:\/\/budweiserbudvar.com\/at\/wp-content\/uploads\/sites\/9\/2019\/11\/budvar-visit-late-arrivals.svg\" alt=\"\">\n                <\/div>\n                            <div class=\"title\"><h5 class=\"font-proxima-nova\" style=\"text-align: center; font-weight: bold;\"><span style=\"color: #ca4a4f;\"><span dir=\"auto\" style=\"vertical-align: inherit;\"><span dir=\"auto\" style=\"vertical-align: inherit;\">If a booked group is more than 15 minutes late without notifying us, we reserve the right to postpone or cancel the tour.<\/span><\/span><\/span><\/h5>\n<\/div>\n            <\/div>\n          <\/div>\n                    <div class=\"information-card\">\n            <div class=\"information-card-inner\">\n                              <div class=\"image\">\n                  <img decoding=\"async\" src=\"https:\/\/budweiserbudvar.com\/at\/wp-content\/uploads\/sites\/9\/2019\/11\/budvar-visit-how-to-reach-us.svg\" alt=\"\">\n                <\/div>\n                            <div class=\"title\"><h5 class=\"font-proxima-nova\" style=\"text-align: center; font-weight: bold;\"><span style=\"color: #ca4a4f;\"><span dir=\"auto\" style=\"vertical-align: inherit;\"><span dir=\"auto\" style=\"vertical-align: inherit;\">How to reach us: <\/span><\/span><br \/>\n<span dir=\"auto\" style=\"vertical-align: inherit;\"><span dir=\"auto\" style=\"vertical-align: inherit;\">Budweiser Budvar, <\/span><\/span><br \/>\n<span dir=\"auto\" style=\"vertical-align: inherit;\"><span dir=\"auto\" style=\"vertical-align: inherit;\">Karol\u00edny Sv\u011btl\u00e9 512\/4370 04 <\/span><\/span><br \/>\n<span dir=\"auto\" style=\"vertical-align: inherit;\"><span dir=\"auto\" style=\"vertical-align: inherit;\">\u010cesk\u00e9 Bud\u011bjovice <\/span><\/span><br \/>\n<span dir=\"auto\" style=\"vertical-align: inherit;\"><span dir=\"auto\" style=\"vertical-align: inherit;\">+ 420 387 705 347<\/span><\/span><\/span><\/h5>\n<\/div>\n            <\/div>\n          <\/div>\n                        <\/div>\n    <\/div>\n    <div class=\"d-flex flex-wrap justify-content-center\">\n      <a href=\"mailto:excurse@budvar.cz\" class=\"book-a-tour\">BESICHTIGUNG RESERVIEREN <\/a>\n    <\/div>\n  <\/section>\n<\/div>\n\n\n<div data-block_5d6e75d1ef55c class=\"hero-block align\">\n  <hero\n    block-styles=\"{&quot;background-color&quot;:&quot;#cb4146&quot;,&quot;color&quot;:&quot;#ffffff&quot;,&quot;padding-top&quot;:&quot;60px&quot;,&quot;padding-bottom&quot;:&quot;60px&quot;,&quot;background-size&quot;:&quot;cover&quot;,&quot;background-repeat&quot;:&quot;no-repeat&quot;}\"\n    block-styles-tablet=\"{&quot;padding-top&quot;:&quot;px&quot;,&quot;padding-bottom&quot;:&quot;px&quot;,&quot;background-size&quot;:&quot;cover&quot;,&quot;background-repeat&quot;:&quot;no-repeat&quot;}\"\n    block-styles-mobile=\"{&quot;padding-top&quot;:&quot;px&quot;,&quot;padding-bottom&quot;:&quot;px&quot;,&quot;background-size&quot;:&quot;cover&quot;,&quot;background-repeat&quot;:&quot;no-repeat&quot;}\"\n    height=\"\"\n    min-height=\"\"\n    text-center-width=\"[]\"\n        scroll-down-show=\"\"\n    scroll-text=\"\"\n    scroll-text-default=\"VORSCROLLEN\"\n    scroll-color-primary=\"\"\n    scroll-color-secondary=\"\"\n    mobile-overlay=\"\"\n    mobile-overlay-content=\"\"\n    mobile-overlay-button=\"null\"\n    mobile-overlay-color=\"\"\n    faded-background-image=\"\"\n  >\n    <template v-slot:text-center>\n                                  <div class=\"images-container\">\n            <div class=\"width-container\" style=\"width:  100% ;\">\n                                                            <div class=\"image col\" style=\"\">\n                  <img decoding=\"async\" class=\"img-fluid\" src=\"https:\/\/budweiserbudvar.com\/at\/wp-content\/uploads\/sites\/9\/2019\/09\/greetings-from-the-republic-of-beer.svg\" alt=\"Greetings From The Republic Of Beer\" style=\"\">\n                <\/div>\n                                          <\/div>\n            <\/div>\n                            <\/template>\n\n\n      <\/hero>\n<\/div>\n","protected":false},"excerpt":{"rendered":"","protected":false},"author":1,"featured_media":0,"parent":0,"menu_order":0,"comment_status":"closed","ping_status":"closed","template":"","meta":{"_acf_changed":false,"footnotes":""},"class_list":["post-948","page","type-page","status-publish","hentry"],"yoast_head":"<!-- This site is optimized with the Yoast SEO plugin v25.8 - https:\/\/yoast.com\/wordpress\/plugins\/seo\/ -->\n<title>Besuch der Brauerei - Budvar | AT<\/title>\n<meta name=\"robots\" content=\"index, follow, max-snippet:-1, max-image-preview:large, max-video-preview:-1\" \/>\n<link rel=\"canonical\" href=\"https:\/\/budweiserbudvar.com\/at\/beusuch-der-brauerei\/\" \/>\n<meta property=\"og:locale\" content=\"de_DE\" \/>\n<meta property=\"og:type\" content=\"article\" \/>\n<meta property=\"og:title\" content=\"Besuch der Brauerei - Budvar | AT\" \/>\n<meta property=\"og:url\" content=\"https:\/\/budweiserbudvar.com\/at\/beusuch-der-brauerei\/\" \/>\n<meta property=\"og:site_name\" content=\"Budvar | AT\" \/>\n<meta property=\"article:modified_time\" content=\"2020-03-09T14:19:38+00:00\" \/>\n<meta name=\"twitter:card\" content=\"summary_large_image\" \/>\n<script type=\"application\/ld+json\" class=\"yoast-schema-graph\">{\"@context\":\"https:\/\/schema.org\",\"@graph\":[{\"@type\":\"WebPage\",\"@id\":\"https:\/\/budweiserbudvar.com\/at\/beusuch-der-brauerei\/\",\"url\":\"https:\/\/budweiserbudvar.com\/at\/beusuch-der-brauerei\/\",\"name\":\"Besuch der Brauerei - Budvar | AT\",\"isPartOf\":{\"@id\":\"https:\/\/budweiserbudvar.com\/at\/#website\"},\"datePublished\":\"2019-10-23T11:15:27+00:00\",\"dateModified\":\"2020-03-09T14:19:38+00:00\",\"breadcrumb\":{\"@id\":\"https:\/\/budweiserbudvar.com\/at\/beusuch-der-brauerei\/#breadcrumb\"},\"inLanguage\":\"de-AT\",\"potentialAction\":[{\"@type\":\"ReadAction\",\"target\":[\"https:\/\/budweiserbudvar.com\/at\/beusuch-der-brauerei\/\"]}]},{\"@type\":\"BreadcrumbList\",\"@id\":\"https:\/\/budweiserbudvar.com\/at\/beusuch-der-brauerei\/#breadcrumb\",\"itemListElement\":[{\"@type\":\"ListItem\",\"position\":1,\"name\":\"Home\",\"item\":\"https:\/\/budweiserbudvar.com\/at\/\"},{\"@type\":\"ListItem\",\"position\":2,\"name\":\"Besuch der Brauerei\"}]},{\"@type\":\"WebSite\",\"@id\":\"https:\/\/budweiserbudvar.com\/at\/#website\",\"url\":\"https:\/\/budweiserbudvar.com\/at\/\",\"name\":\"Budvar | AT\",\"description\":\"Budvar\",\"potentialAction\":[{\"@type\":\"SearchAction\",\"target\":{\"@type\":\"EntryPoint\",\"urlTemplate\":\"https:\/\/budweiserbudvar.com\/at\/?s={search_term_string}\"},\"query-input\":{\"@type\":\"PropertyValueSpecification\",\"valueRequired\":true,\"valueName\":\"search_term_string\"}}],\"inLanguage\":\"de-AT\"}]}<\/script>\n<!-- \/ Yoast SEO plugin. -->","yoast_head_json":{"title":"Besuch der Brauerei - Budvar | AT","robots":{"index":"index","follow":"follow","max-snippet":"max-snippet:-1","max-image-preview":"max-image-preview:large","max-video-preview":"max-video-preview:-1"},"canonical":"https:\/\/budweiserbudvar.com\/at\/beusuch-der-brauerei\/","og_locale":"de_DE","og_type":"article","og_title":"Besuch der Brauerei - Budvar | AT","og_url":"https:\/\/budweiserbudvar.com\/at\/beusuch-der-brauerei\/","og_site_name":"Budvar | AT","article_modified_time":"2020-03-09T14:19:38+00:00","twitter_card":"summary_large_image","schema":{"@context":"https:\/\/schema.org","@graph":[{"@type":"WebPage","@id":"https:\/\/budweiserbudvar.com\/at\/beusuch-der-brauerei\/","url":"https:\/\/budweiserbudvar.com\/at\/beusuch-der-brauerei\/","name":"Besuch der Brauerei - Budvar | AT","isPartOf":{"@id":"https:\/\/budweiserbudvar.com\/at\/#website"},"datePublished":"2019-10-23T11:15:27+00:00","dateModified":"2020-03-09T14:19:38+00:00","breadcrumb":{"@id":"https:\/\/budweiserbudvar.com\/at\/beusuch-der-brauerei\/#breadcrumb"},"inLanguage":"de-AT","potentialAction":[{"@type":"ReadAction","target":["https:\/\/budweiserbudvar.com\/at\/beusuch-der-brauerei\/"]}]},{"@type":"BreadcrumbList","@id":"https:\/\/budweiserbudvar.com\/at\/beusuch-der-brauerei\/#breadcrumb","itemListElement":[{"@type":"ListItem","position":1,"name":"Home","item":"https:\/\/budweiserbudvar.com\/at\/"},{"@type":"ListItem","position":2,"name":"Besuch der Brauerei"}]},{"@type":"WebSite","@id":"https:\/\/budweiserbudvar.com\/at\/#website","url":"https:\/\/budweiserbudvar.com\/at\/","name":"Budvar | AT","description":"Budvar","potentialAction":[{"@type":"SearchAction","target":{"@type":"EntryPoint","urlTemplate":"https:\/\/budweiserbudvar.com\/at\/?s={search_term_string}"},"query-input":{"@type":"PropertyValueSpecification","valueRequired":true,"valueName":"search_term_string"}}],"inLanguage":"de-AT"}]}},"acf":[],"_links":{"self":[{"href":"https:\/\/budweiserbudvar.com\/at\/wp-json\/wp\/v2\/pages\/948","targetHints":{"allow":["GET"]}}],"collection":[{"href":"https:\/\/budweiserbudvar.com\/at\/wp-json\/wp\/v2\/pages"}],"about":[{"href":"https:\/\/budweiserbudvar.com\/at\/wp-json\/wp\/v2\/types\/page"}],"author":[{"embeddable":true,"href":"https:\/\/budweiserbudvar.com\/at\/wp-json\/wp\/v2\/users\/1"}],"replies":[{"embeddable":true,"href":"https:\/\/budweiserbudvar.com\/at\/wp-json\/wp\/v2\/comments?post=948"}],"version-history":[{"count":0,"href":"https:\/\/budweiserbudvar.com\/at\/wp-json\/wp\/v2\/pages\/948\/revisions"}],"wp:attachment":[{"href":"https:\/\/budweiserbudvar.com\/at\/wp-json\/wp\/v2\/media?parent=948"}],"curies":[{"name":"wp","href":"https:\/\/api.w.org\/{rel}","templated":true}]}}